{"id":2930,"date":"2022-08-01T01:44:10","date_gmt":"2022-08-01T01:44:10","guid":{"rendered":"https:\/\/clearwaterind.com\/vente-et-entreposage-de-produits-chimiques\/"},"modified":"2022-09-12T22:27:03","modified_gmt":"2022-09-12T22:27:03","slug":"vente-et-entreposage-de-produits-chimiques","status":"publish","type":"page","link":"https:\/\/clearwaterind.com\/fr\/vente-et-entreposage-de-produits-chimiques\/","title":{"rendered":"Vente et Entreposage de Produits Chimiques"},"content":{"rendered":"<p><div class=\"fusion-fullwidth fullwidth-box fusion-builder-row-1 fusion-flex-container nonhundred-percent-fullwidth non-hundred-percent-height-scrolling\" style=\"--awb-border-radius-top-left:0px;--awb-border-radius-top-right:0px;--awb-border-radius-bottom-right:0px;--awb-border-radius-bottom-left:0px;--awb-padding-bottom:0px;--awb-margin-bottom:15px;--awb-flex-wrap:wrap;\" ><div class=\"fusion-builder-row fusion-row fusion-flex-align-items-flex-start fusion-flex-content-wrap\" style=\"max-width:1144px;margin-left: calc(-4% \/ 2 );margin-right: calc(-4% \/ 2 );\"><div class=\"fusion-layout-column fusion_builder_column fusion-builder-column-0 fusion_builder_column_2_3 2_3 fusion-flex-column fusion-flex-align-self-center\" style=\"--awb-bg-size:cover;--awb-width-large:66.6666666667%;--awb-margin-top-large:0px;--awb-spacing-right-large:2.88%;--awb-margin-bottom-large:20px;--awb-spacing-left-large:2.88%;--awb-width-medium:100%;--awb-order-medium:0;--awb-spacing-right-medium:1.92%;--awb-spacing-left-medium:1.92%;--awb-width-small:100%;--awb-order-small:0;--awb-spacing-right-small:1.92%;--awb-spacing-left-small:1.92%;\"><div class=\"fusion-column-wrapper fusion-column-has-shadow fusion-flex-justify-content-center fusion-content-layout-column\"><div class=\"fusion-text fusion-text-1\"><h2><b>Vente de produits chimiques<\/b><\/h2>\n<\/div><div class=\"fusion-text fusion-text-2\"><p>Clearwater Industries offre des floculants polym\u00e8res, des coagulants et des conditionneurs de pH pour traiter vos applications d\u2019eau et d\u2019eaux us\u00e9es. Nous disposons d\u2019une large gamme de produits chimiques dans notre laboratoire pour les <a href=\"https:\/\/clearwaterind.com\/fr\/essai-de-floculation\/\" target=\"_blank\" rel=\"noopener\">essais de floculation<\/a>, y compris des polym\u00e8res cationiques et anioniques secs et en \u00e9mulsion. <a href=\"https:\/\/clearwaterind.com\/fr\/contactez-nous\/\" target=\"_blank\" rel=\"noopener\">Contactez notre \u00e9quipe<\/a> avec vos besoins en produits chimiques ou vos questions.<\/p>\n<\/div><\/div><\/div><div class=\"fusion-layout-column fusion_builder_column fusion-builder-column-1 fusion_builder_column_1_3 1_3 fusion-flex-column\" style=\"--awb-bg-size:cover;--awb-width-large:33.3333333333%;--awb-margin-top-large:0px;--awb-spacing-right-large:5.76%;--awb-margin-bottom-large:20px;--awb-spacing-left-large:5.76%;--awb-width-medium:100%;--awb-order-medium:0;--awb-spacing-right-medium:1.92%;--awb-spacing-left-medium:1.92%;--awb-width-small:100%;--awb-order-small:0;--awb-spacing-right-small:1.92%;--awb-spacing-left-small:1.92%;\"><div class=\"fusion-column-wrapper fusion-column-has-shadow fusion-flex-justify-content-flex-start fusion-content-layout-column\"><div class=\"fusion-image-element \" style=\"--awb-caption-title-font-family:var(--h2_typography-font-family);--awb-caption-title-font-weight:var(--h2_typography-font-weight);--awb-caption-title-font-style:var(--h2_typography-font-style);--awb-caption-title-size:var(--h2_typography-font-size);--awb-caption-title-transform:var(--h2_typography-text-transform);--awb-caption-title-line-height:var(--h2_typography-line-height);--awb-caption-title-letter-spacing:var(--h2_typography-letter-spacing);\"><span class=\" fusion-imageframe imageframe-dropshadow imageframe-1 hover-type-none\" style=\"-webkit-box-shadow: 3px 3px 7px rgba(0,0,0,0.3);box-shadow: 3px 3px 7px rgba(0,0,0,0.3);\"><img decoding=\"async\" width=\"1920\" height=\"1440\" alt=\"Une petite pi\u00e8ce avec des b\u00e9chers au-dessus de l\u2019\u00e9vier de gauche et un mur de diff\u00e9rents produits chimiques \u00e0 l\u2019arri\u00e8re.\" title=\"Lab\" src=\"https:\/\/clearwaterind.com\/wp-content\/uploads\/2021\/09\/Lab.jpg\" data-orig-src=\"https:\/\/clearwaterind.com\/wp-content\/uploads\/2021\/09\/Lab.jpg\" class=\"lazyload img-responsive wp-image-2667\" srcset=\"data:image\/svg+xml,%3Csvg%20xmlns%3D%27http%3A%2F%2Fwww.w3.org%2F2000%2Fsvg%27%20width%3D%271920%27%20height%3D%271440%27%20viewBox%3D%270%200%201920%201440%27%3E%3Crect%20width%3D%271920%27%20height%3D%271440%27%20fill-opacity%3D%220%22%2F%3E%3C%2Fsvg%3E\" data-srcset=\"https:\/\/clearwaterind.com\/wp-content\/uploads\/2021\/09\/Lab-200x150.jpg 200w, https:\/\/clearwaterind.com\/wp-content\/uploads\/2021\/09\/Lab-400x300.jpg 400w, https:\/\/clearwaterind.com\/wp-content\/uploads\/2021\/09\/Lab-600x450.jpg 600w, https:\/\/clearwaterind.com\/wp-content\/uploads\/2021\/09\/Lab-800x600.jpg 800w, https:\/\/clearwaterind.com\/wp-content\/uploads\/2021\/09\/Lab-1200x900.jpg 1200w, https:\/\/clearwaterind.com\/wp-content\/uploads\/2021\/09\/Lab.jpg 1920w\" data-sizes=\"auto\" data-orig-sizes=\"(max-width: 1024px) 100vw, (max-width: 640px) 100vw, 400px\" \/><\/span><\/div><\/div><\/div><\/div><\/div><div class=\"fusion-fullwidth fullwidth-box fusion-builder-row-2 nonhundred-percent-fullwidth non-hundred-percent-height-scrolling\" style=\"--awb-border-radius-top-left:0px;--awb-border-radius-top-right:0px;--awb-border-radius-bottom-right:0px;--awb-border-radius-bottom-left:0px;--awb-padding-top:30px;--awb-padding-bottom:10px;--awb-flex-wrap:wrap;\" ><div class=\"fusion-builder-row fusion-row\"><div class=\"fusion-layout-column fusion_builder_column fusion-builder-column-2 fusion_builder_column_1_2 1_2 fusion-one-half fusion-column-first\" style=\"--awb-bg-size:cover;width:50%;width:calc(50% - ( ( 4% ) * 0.5 ) );margin-right: 4%;\"><div class=\"fusion-column-wrapper fusion-column-has-shadow fusion-flex-column-wrapper-legacy\"><div class=\"fusion-text fusion-text-3\"><h2 class=\"fusion-responsive-typography-calculated\" style=\"--fontsize: 30.4; line-height: 1.2;\" data-fontsize=\"30.4\" data-lineheight=\"36.48px\"><b>Entreposage de produits chimiques<\/b><\/h2>\n<\/div><div class=\"fusion-text fusion-text-4\"><p><span data-preserver-spaces=\"true\">Clearwater Industries s\u2019engage \u00e0 ce que vous disposiez toujours de la chimie de clarification dont vous avez besoin pour maintenir vos op\u00e9rations.\u00a0 Nous offrons les options suivantes pour garantir que les d\u00e9fis logistiques ne cr\u00e9ent pas de probl\u00e8mes avec votre approvisionnement en polym\u00e8re.<\/span><\/p>\n<ul>\n<li><strong><span data-preserver-spaces=\"true\">Calendrier r\u00e9current <\/span><\/strong>\u2013 <span data-preserver-spaces=\"true\">D\u00e9finissez un calendrier d\u2019exp\u00e9dition. Une palette par mois, par exemple.\u00a0 Il n\u2019y a pas de p\u00e9nalit\u00e9 pour annuler, retenir ou modifier le calendrier de livraison.\u00a0 Cette option n\u2019entra\u00eene pas de co\u00fbts suppl\u00e9mentaires.<\/span><\/li>\n<li><strong><span data-preserver-spaces=\"true\">Entrep\u00f4t de<\/span><\/strong><span data-preserver-spaces=\"true\">\u00a0<\/span><strong><span data-preserver-spaces=\"true\">Milwaukee <\/span><\/strong><span data-preserver-spaces=\"true\">\u2013 Nous entreposons vos produits chimiques sp\u00e9cifiques dans nos locaux.\u00a0 Il n\u2019y a pas de frais de manutention ou d\u2019entreposage, mais nous r\u00e9cup\u00e9rons les frais d\u2019exp\u00e9dition \u00e0 l\u2019arriv\u00e9e et au d\u00e9part.<\/span><\/li>\n<li><strong><span data-preserver-spaces=\"true\">Entreposage sur place <\/span><\/strong><span data-preserver-spaces=\"true\">\u2013 Votre produit, sur votre site.\u00a0 Nous vous envoyons la facture lorsque vous l\u2019utilisez.\u00a0 Cette option n\u2019entra\u00eene aucun co\u00fbt suppl\u00e9mentaire.\u00a0 Cette option est r\u00e9serv\u00e9e aux clients dont la consommation \u00e9lev\u00e9e de produits chimiques le justifie.<\/span><\/li>\n<\/ul>\n<\/div><div class=\"fusion-clearfix\"><\/div><\/div><\/div><div class=\"fusion-layout-column fusion_builder_column fusion-builder-column-3 fusion_builder_column_1_2 1_2 fusion-one-half fusion-column-last\" style=\"--awb-bg-size:cover;width:50%;width:calc(50% - ( ( 4% ) * 0.5 ) );\"><div class=\"fusion-column-wrapper fusion-column-has-shadow fusion-flex-column-wrapper-legacy\"><div class=\"fusion-column-content-centered\"><div class=\"fusion-column-content\"><div class=\"fusion-image-carousel fusion-image-carousel-auto fusion-image-carousel-1 fusion-carousel-border\"><div class=\"awb-carousel awb-swiper awb-swiper-carousel awb-carousel--carousel awb-swiper-dots-position-bottom\" data-layout=\"carousel\" data-autoplay=\"no\" data-autoplayspeed=\"2500\" data-autoplaypause=\"no\" data-columns=\"1\" data-columnsmedium=\"1\" data-columnssmall=\"1\" data-itemmargin=\"13\" data-itemwidth=\"180\" data-touchscroll=\"no\" data-freemode=\"no\" data-imagesize=\"auto\" data-scrollitems=\"1\" data-centeredslides=\"no\" data-rotationangle=\"50\" data-depth=\"100\" data-speed=\"500\" data-shadow=\"no\" data-pagination=\"bullets\" style=\"--awb-columns:1;--awb-border-width:1px;--awb-border-color:#e9eaee;\"><div class=\"swiper-wrapper awb-image-carousel-wrapper fusion-flex-align-items-center\"><div class=\"swiper-slide\"><div class=\"fusion-carousel-item-wrapper\"><div class=\"fusion-image-wrapper hover-type-none\"><img decoding=\"async\" width=\"800\" height=\"450\" src=\"https:\/\/clearwaterind.com\/wp-content\/uploads\/2019\/12\/IMG_20180116_160139660.jpg\" class=\"attachment-full size-full lazyload\" alt=\"\" srcset=\"data:image\/svg+xml,%3Csvg%20xmlns%3D%27http%3A%2F%2Fwww.w3.org%2F2000%2Fsvg%27%20width%3D%27800%27%20height%3D%27450%27%20viewBox%3D%270%200%20800%20450%27%3E%3Crect%20width%3D%27800%27%20height%3D%27450%27%20fill-opacity%3D%220%22%2F%3E%3C%2Fsvg%3E\" data-orig-src=\"https:\/\/clearwaterind.com\/wp-content\/uploads\/2019\/12\/IMG_20180116_160139660.jpg\" data-srcset=\"https:\/\/clearwaterind.com\/wp-content\/uploads\/2019\/12\/IMG_20180116_160139660-200x113.jpg 200w, https:\/\/clearwaterind.com\/wp-content\/uploads\/2019\/12\/IMG_20180116_160139660-300x169.jpg 300w, https:\/\/clearwaterind.com\/wp-content\/uploads\/2019\/12\/IMG_20180116_160139660-400x225.jpg 400w, https:\/\/clearwaterind.com\/wp-content\/uploads\/2019\/12\/IMG_20180116_160139660-600x338.jpg 600w, https:\/\/clearwaterind.com\/wp-content\/uploads\/2019\/12\/IMG_20180116_160139660-768x432.jpg 768w, https:\/\/clearwaterind.com\/wp-content\/uploads\/2019\/12\/IMG_20180116_160139660.jpg 800w\" data-sizes=\"auto\" \/><\/div><\/div><\/div><div class=\"swiper-slide\"><div class=\"fusion-carousel-item-wrapper\"><div class=\"fusion-image-wrapper hover-type-none\"><img decoding=\"async\" width=\"800\" height=\"450\" src=\"https:\/\/clearwaterind.com\/wp-content\/uploads\/2019\/12\/IMG_20180116_160907933.jpg\" class=\"attachment-full size-full lazyload\" alt=\"\" srcset=\"data:image\/svg+xml,%3Csvg%20xmlns%3D%27http%3A%2F%2Fwww.w3.org%2F2000%2Fsvg%27%20width%3D%27800%27%20height%3D%27450%27%20viewBox%3D%270%200%20800%20450%27%3E%3Crect%20width%3D%27800%27%20height%3D%27450%27%20fill-opacity%3D%220%22%2F%3E%3C%2Fsvg%3E\" data-orig-src=\"https:\/\/clearwaterind.com\/wp-content\/uploads\/2019\/12\/IMG_20180116_160907933.jpg\" data-srcset=\"https:\/\/clearwaterind.com\/wp-content\/uploads\/2019\/12\/IMG_20180116_160907933-200x113.jpg 200w, https:\/\/clearwaterind.com\/wp-content\/uploads\/2019\/12\/IMG_20180116_160907933-300x169.jpg 300w, https:\/\/clearwaterind.com\/wp-content\/uploads\/2019\/12\/IMG_20180116_160907933-400x225.jpg 400w, https:\/\/clearwaterind.com\/wp-content\/uploads\/2019\/12\/IMG_20180116_160907933-600x338.jpg 600w, https:\/\/clearwaterind.com\/wp-content\/uploads\/2019\/12\/IMG_20180116_160907933-768x432.jpg 768w, https:\/\/clearwaterind.com\/wp-content\/uploads\/2019\/12\/IMG_20180116_160907933.jpg 800w\" data-sizes=\"auto\" \/><\/div><\/div><\/div><\/div><div class=\"awb-swiper-button awb-swiper-button-prev\"><i class=\"awb-icon-angle-left\" aria-hidden=\"true\"><\/i><\/div><div class=\"awb-swiper-button awb-swiper-button-next\"><i class=\"awb-icon-angle-right\" aria-hidden=\"true\"><\/i><\/div><\/div><\/div><\/div><\/div><div class=\"fusion-clearfix\"><\/div><\/div><\/div><\/div><\/div><\/p>\n","protected":false},"excerpt":{"rendered":"","protected":false},"author":2,"featured_media":0,"parent":0,"menu_order":26,"comment_status":"closed","ping_status":"closed","template":"","meta":{"footnotes":""},"class_list":["post-2930","page","type-page","status-publish","hentry"],"yoast_head":"<!-- This site is optimized with the Yoast SEO plugin v27.2 - https:\/\/yoast.com\/product\/yoast-seo-wordpress\/ -->\n<title>Vente et Entreposage de Produits Chimiques<\/title>\n<meta name=\"description\" content=\"Clearwater propose des ventes de produits chimiques pour les floculants polym\u00e8res, les coagulants, les conditionneurs de pH, etc.\" \/>\n<meta name=\"robots\" content=\"index, follow, max-snippet:-1, max-image-preview:large, max-video-preview:-1\" \/>\n<link rel=\"canonical\" href=\"https:\/\/clearwaterind.com\/fr\/vente-et-entreposage-de-produits-chimiques\/\" \/>\n<meta property=\"og:locale\" content=\"fr_FR\" \/>\n<meta property=\"og:type\" content=\"article\" \/>\n<meta property=\"og:title\" content=\"Vente et Entreposage de Produits Chimiques\" \/>\n<meta property=\"og:description\" content=\"Clearwater propose des ventes de produits chimiques pour les floculants polym\u00e8res, les coagulants, les conditionneurs de pH, etc.\" \/>\n<meta property=\"og:url\" content=\"https:\/\/clearwaterind.com\/fr\/vente-et-entreposage-de-produits-chimiques\/\" \/>\n<meta property=\"og:site_name\" content=\"Clearwater Industries, Inc.\" \/>\n<meta property=\"article:publisher\" content=\"https:\/\/www.facebook.com\/ClearwaterMKE\" \/>\n<meta property=\"article:modified_time\" content=\"2022-09-12T22:27:03+00:00\" \/>\n<meta name=\"twitter:card\" content=\"summary_large_image\" \/>\n<meta name=\"twitter:label1\" content=\"Dur\u00e9e de lecture estim\u00e9e\" \/>\n\t<meta name=\"twitter:data1\" content=\"3 minutes\" \/>\n<script type=\"application\/ld+json\" class=\"yoast-schema-graph\">{\"@context\":\"https:\/\/schema.org\",\"@graph\":[{\"@type\":\"WebPage\",\"@id\":\"https:\/\/clearwaterind.com\/fr\/vente-et-entreposage-de-produits-chimiques\/\",\"url\":\"https:\/\/clearwaterind.com\/fr\/vente-et-entreposage-de-produits-chimiques\/\",\"name\":\"Vente et Entreposage de Produits Chimiques\",\"isPartOf\":{\"@id\":\"https:\/\/clearwaterind.com\/fr\/#website\"},\"datePublished\":\"2022-08-01T01:44:10+00:00\",\"dateModified\":\"2022-09-12T22:27:03+00:00\",\"description\":\"Clearwater propose des ventes de produits chimiques pour les floculants polym\u00e8res, les coagulants, les conditionneurs de pH, etc.\",\"breadcrumb\":{\"@id\":\"https:\/\/clearwaterind.com\/fr\/vente-et-entreposage-de-produits-chimiques\/#breadcrumb\"},\"inLanguage\":\"fr-FR\",\"potentialAction\":[{\"@type\":\"ReadAction\",\"target\":[\"https:\/\/clearwaterind.com\/fr\/vente-et-entreposage-de-produits-chimiques\/\"]}]},{\"@type\":\"BreadcrumbList\",\"@id\":\"https:\/\/clearwaterind.com\/fr\/vente-et-entreposage-de-produits-chimiques\/#breadcrumb\",\"itemListElement\":[{\"@type\":\"ListItem\",\"position\":1,\"name\":\"Home\",\"item\":\"https:\/\/clearwaterind.com\/fr\/\"},{\"@type\":\"ListItem\",\"position\":2,\"name\":\"Vente et Entreposage de Produits Chimiques\"}]},{\"@type\":\"WebSite\",\"@id\":\"https:\/\/clearwaterind.com\/fr\/#website\",\"url\":\"https:\/\/clearwaterind.com\/fr\/\",\"name\":\"Clearwater Industries, Inc.\",\"description\":\"\",\"publisher\":{\"@id\":\"https:\/\/clearwaterind.com\/fr\/#organization\"},\"potentialAction\":[{\"@type\":\"SearchAction\",\"target\":{\"@type\":\"EntryPoint\",\"urlTemplate\":\"https:\/\/clearwaterind.com\/fr\/?s={search_term_string}\"},\"query-input\":{\"@type\":\"PropertyValueSpecification\",\"valueRequired\":true,\"valueName\":\"search_term_string\"}}],\"inLanguage\":\"fr-FR\"},{\"@type\":\"Organization\",\"@id\":\"https:\/\/clearwaterind.com\/fr\/#organization\",\"name\":\"Clearwater Industries, Inc.\",\"url\":\"https:\/\/clearwaterind.com\/fr\/\",\"logo\":{\"@type\":\"ImageObject\",\"inLanguage\":\"fr-FR\",\"@id\":\"https:\/\/clearwaterind.com\/fr\/#\/schema\/logo\/image\/\",\"url\":\"https:\/\/clearwaterind.com\/wp-content\/uploads\/2020\/07\/Clearwater-logo-mob.png\",\"contentUrl\":\"https:\/\/clearwaterind.com\/wp-content\/uploads\/2020\/07\/Clearwater-logo-mob.png\",\"width\":250,\"height\":69,\"caption\":\"Clearwater Industries, Inc.\"},\"image\":{\"@id\":\"https:\/\/clearwaterind.com\/fr\/#\/schema\/logo\/image\/\"},\"sameAs\":[\"https:\/\/www.facebook.com\/ClearwaterMKE\",\"https:\/\/www.instagram.com\/clearwater_ind\/?hl=en\",\"https:\/\/www.linkedin.com\/company\/clearwater-industries\/\",\"https:\/\/www.youtube.com\/channel\/UCTG-XLxezfQuoqQMs7hRLoA\"]}]}<\/script>\n<!-- \/ Yoast SEO plugin. -->","yoast_head_json":{"title":"Vente et Entreposage de Produits Chimiques","description":"Clearwater propose des ventes de produits chimiques pour les floculants polym\u00e8res, les coagulants, les conditionneurs de pH, etc.","robots":{"index":"index","follow":"follow","max-snippet":"max-snippet:-1","max-image-preview":"max-image-preview:large","max-video-preview":"max-video-preview:-1"},"canonical":"https:\/\/clearwaterind.com\/fr\/vente-et-entreposage-de-produits-chimiques\/","og_locale":"fr_FR","og_type":"article","og_title":"Vente et Entreposage de Produits Chimiques","og_description":"Clearwater propose des ventes de produits chimiques pour les floculants polym\u00e8res, les coagulants, les conditionneurs de pH, etc.","og_url":"https:\/\/clearwaterind.com\/fr\/vente-et-entreposage-de-produits-chimiques\/","og_site_name":"Clearwater Industries, Inc.","article_publisher":"https:\/\/www.facebook.com\/ClearwaterMKE","article_modified_time":"2022-09-12T22:27:03+00:00","twitter_card":"summary_large_image","twitter_misc":{"Dur\u00e9e de lecture estim\u00e9e":"3 minutes"},"schema":{"@context":"https:\/\/schema.org","@graph":[{"@type":"WebPage","@id":"https:\/\/clearwaterind.com\/fr\/vente-et-entreposage-de-produits-chimiques\/","url":"https:\/\/clearwaterind.com\/fr\/vente-et-entreposage-de-produits-chimiques\/","name":"Vente et Entreposage de Produits Chimiques","isPartOf":{"@id":"https:\/\/clearwaterind.com\/fr\/#website"},"datePublished":"2022-08-01T01:44:10+00:00","dateModified":"2022-09-12T22:27:03+00:00","description":"Clearwater propose des ventes de produits chimiques pour les floculants polym\u00e8res, les coagulants, les conditionneurs de pH, etc.","breadcrumb":{"@id":"https:\/\/clearwaterind.com\/fr\/vente-et-entreposage-de-produits-chimiques\/#breadcrumb"},"inLanguage":"fr-FR","potentialAction":[{"@type":"ReadAction","target":["https:\/\/clearwaterind.com\/fr\/vente-et-entreposage-de-produits-chimiques\/"]}]},{"@type":"BreadcrumbList","@id":"https:\/\/clearwaterind.com\/fr\/vente-et-entreposage-de-produits-chimiques\/#breadcrumb","itemListElement":[{"@type":"ListItem","position":1,"name":"Home","item":"https:\/\/clearwaterind.com\/fr\/"},{"@type":"ListItem","position":2,"name":"Vente et Entreposage de Produits Chimiques"}]},{"@type":"WebSite","@id":"https:\/\/clearwaterind.com\/fr\/#website","url":"https:\/\/clearwaterind.com\/fr\/","name":"Clearwater Industries, Inc.","description":"","publisher":{"@id":"https:\/\/clearwaterind.com\/fr\/#organization"},"potentialAction":[{"@type":"SearchAction","target":{"@type":"EntryPoint","urlTemplate":"https:\/\/clearwaterind.com\/fr\/?s={search_term_string}"},"query-input":{"@type":"PropertyValueSpecification","valueRequired":true,"valueName":"search_term_string"}}],"inLanguage":"fr-FR"},{"@type":"Organization","@id":"https:\/\/clearwaterind.com\/fr\/#organization","name":"Clearwater Industries, Inc.","url":"https:\/\/clearwaterind.com\/fr\/","logo":{"@type":"ImageObject","inLanguage":"fr-FR","@id":"https:\/\/clearwaterind.com\/fr\/#\/schema\/logo\/image\/","url":"https:\/\/clearwaterind.com\/wp-content\/uploads\/2020\/07\/Clearwater-logo-mob.png","contentUrl":"https:\/\/clearwaterind.com\/wp-content\/uploads\/2020\/07\/Clearwater-logo-mob.png","width":250,"height":69,"caption":"Clearwater Industries, Inc."},"image":{"@id":"https:\/\/clearwaterind.com\/fr\/#\/schema\/logo\/image\/"},"sameAs":["https:\/\/www.facebook.com\/ClearwaterMKE","https:\/\/www.instagram.com\/clearwater_ind\/?hl=en","https:\/\/www.linkedin.com\/company\/clearwater-industries\/","https:\/\/www.youtube.com\/channel\/UCTG-XLxezfQuoqQMs7hRLoA"]}]}},"_links":{"self":[{"href":"https:\/\/clearwaterind.com\/fr\/wp-json\/wp\/v2\/pages\/2930","targetHints":{"allow":["GET"]}}],"collection":[{"href":"https:\/\/clearwaterind.com\/fr\/wp-json\/wp\/v2\/pages"}],"about":[{"href":"https:\/\/clearwaterind.com\/fr\/wp-json\/wp\/v2\/types\/page"}],"author":[{"embeddable":true,"href":"https:\/\/clearwaterind.com\/fr\/wp-json\/wp\/v2\/users\/2"}],"replies":[{"embeddable":true,"href":"https:\/\/clearwaterind.com\/fr\/wp-json\/wp\/v2\/comments?post=2930"}],"version-history":[{"count":0,"href":"https:\/\/clearwaterind.com\/fr\/wp-json\/wp\/v2\/pages\/2930\/revisions"}],"wp:attachment":[{"href":"https:\/\/clearwaterind.com\/fr\/wp-json\/wp\/v2\/media?parent=2930"}],"curies":[{"name":"wp","href":"https:\/\/api.w.org\/{rel}","templated":true}]}}