{"id":2929,"date":"2022-08-01T01:43:35","date_gmt":"2022-08-01T01:43:35","guid":{"rendered":"https:\/\/clearwaterind.com\/essai-de-floculation\/"},"modified":"2022-09-12T22:24:25","modified_gmt":"2022-09-12T22:24:25","slug":"essai-de-floculation","status":"publish","type":"page","link":"https:\/\/clearwaterind.com\/fr\/essai-de-floculation\/","title":{"rendered":"Essai de Floculation"},"content":{"rendered":"<p><div class=\"fusion-fullwidth fullwidth-box fusion-builder-row-1 nonhundred-percent-fullwidth non-hundred-percent-height-scrolling\" style=\"--awb-border-radius-top-left:0px;--awb-border-radius-top-right:0px;--awb-border-radius-bottom-right:0px;--awb-border-radius-bottom-left:0px;--awb-padding-bottom:50px;--awb-flex-wrap:wrap;\" ><div class=\"fusion-builder-row fusion-row\"><div class=\"fusion-layout-column fusion_builder_column fusion-builder-column-0 fusion_builder_column_1_2 1_2 fusion-one-half fusion-column-first\" style=\"--awb-bg-size:cover;width:50%;width:calc(50% - ( ( 4% ) * 0.5 ) );margin-right: 4%;\"><div class=\"fusion-column-wrapper fusion-column-has-shadow fusion-flex-column-wrapper-legacy\"><div class=\"fusion-text fusion-text-1\"><p>Clearwater Industries propose des analyses gratuites de l\u2019eau de fabrication et des eaux us\u00e9es. Nous effectuons des essais de floculation complets en utilisant un large \u00e9ventail de <a href=\"https:\/\/clearwaterind.com\/polymer-water-treatment-how-coagulants-and-flocculants-clean-wastewater\/\" target=\"_blank\" rel=\"noopener\">floculants et de coagulants<\/a> afin d\u2019isoler la chimie de clarification la plus performante pour toute application. Nous vous fournissons ensuite un lien vid\u00e9o priv\u00e9 qui vous permet de voir la <a href=\"https:\/\/vimeo.com\/manage\/videos\/499320231\/448d070de3\" target=\"_blank\" rel=\"noopener\">s\u00e9paration liquide-solide en temps r\u00e9el<\/a>. Gr\u00e2ce \u00e0 ces informations, notre \u00e9quipe peut fournir des informations concr\u00e8tes sur le dosage des produits chimiques, la vitesse de d\u00e9cantation et le dimensionnement des \u00e9quipements.<\/p>\n<h2 class=\"fusion-responsive-typography-calculated\" style=\"--fontsize: 36.1; line-height: 1.2;\" data-fontsize=\"36.1\" data-lineheight=\"43.32px\"><strong>Exigences d\u2019\u00e9chantillon :<\/strong><\/h2>\n<h3 class=\"fusion-responsive-typography-calculated\" style=\"--fontsize: 30.4; line-height: 1.2;\" data-fontsize=\"30.4\" data-lineheight=\"36.48px\">M\u00e9thode privil\u00e9gi\u00e9e :<\/h3>\n<div>Deux seaux de 5 gallons de boue liquide repr\u00e9sentative. Si des produits chimiques sont utilis\u00e9s, veuillez omettre les traitements en cours pendant une heure avant le pr\u00e9l\u00e8vement de l\u2019\u00e9chantillon.<\/div>\n<h3 class=\"fusion-responsive-typography-calculated\" style=\"--fontsize: 30.4; line-height: 1.2;\" data-fontsize=\"30.4\" data-lineheight=\"36.48px\">Si la boue n\u2019est pas disponible :<\/h3>\n<div>Deux seaux de 5 gallons d\u2019eau repr\u00e9sentative et (1) seau de 5 gallons de solides de fabrication repr\u00e9sentatifs (alimentation brute).<\/div>\n<h3 class=\"fusion-responsive-typography-calculated\" style=\"--fontsize: 30.4; line-height: 1.2;\" data-fontsize=\"30.4\" data-lineheight=\"36.48px\"><strong>-Ou-<\/strong><\/h3>\n<div>Deux seaux de 5 gallons de solides de fabrication repr\u00e9sentatifs. (Clearwater produira de la boue avec l\u2019eau du robinet de Milwaukee)<\/div>\n<\/div><div class=\"fusion-clearfix\"><\/div><\/div><\/div><div class=\"fusion-layout-column fusion_builder_column fusion-builder-column-1 fusion_builder_column_1_2 1_2 fusion-one-half fusion-column-last\" style=\"--awb-bg-size:cover;width:50%;width:calc(50% - ( ( 4% ) * 0.5 ) );\"><div class=\"fusion-column-wrapper fusion-column-has-shadow fusion-flex-column-wrapper-legacy\"><div class=\"fusion-video fusion-youtube fusion-aligncenter\" style=\"--awb-max-width:600px;--awb-max-height:338px;--awb-width:100%;\"><div class=\"video-shortcode\"><div class=\"fluid-width-video-wrapper\" style=\"padding-top:56.33%;\" ><iframe title=\"YouTube video player 1\" src=\"https:\/\/www.youtube.com\/embed\/634mxNXDXnw?wmode=transparent&autoplay=0\" width=\"600\" height=\"338\" allowfullscreen allow=\"autoplay; clipboard-write; encrypted-media; gyroscope; picture-in-picture;\"><\/iframe><\/div><\/div><\/div><div class=\"fusion-sep-clear\"><\/div><div class=\"fusion-separator fusion-full-width-sep\" style=\"margin-left: auto;margin-right: auto;width:100%;\"><div class=\"fusion-separator-border sep-single sep-solid\" style=\"--awb-height:20px;--awb-amount:20px;--awb-sep-color:rgba(224,222,222,0);border-color:rgba(224,222,222,0);border-top-width:20px;\"><\/div><\/div><div class=\"fusion-sep-clear\"><\/div><div class=\"fusion-video fusion-vimeo fusion-aligncenter\" style=\"--awb-max-width:600px;--awb-max-height:360px;--awb-width:100%;\"><div class=\"video-shortcode\"><div class=\"fluid-width-video-wrapper\" style=\"padding-top:60%;\" ><iframe title=\"Vimeo video player 1\" src=\"https:\/\/player.vimeo.com\/video\/601196768?autoplay=0&amp;autopause=0\" width=\"600\" height=\"360\" allowfullscreen allow=\"autoplay; fullscreen\"><\/iframe><\/div><\/div><\/div><div class=\"fusion-clearfix\"><\/div><\/div><\/div><\/div><\/div><div class=\"fusion-fullwidth fullwidth-box fusion-builder-row-2 nonhundred-percent-fullwidth non-hundred-percent-height-scrolling\" style=\"--awb-border-radius-top-left:0px;--awb-border-radius-top-right:0px;--awb-border-radius-bottom-right:0px;--awb-border-radius-bottom-left:0px;--awb-padding-top:75px;--awb-padding-bottom:50px;--awb-background-color:#f2f2f2;--awb-flex-wrap:wrap;\" ><div class=\"fusion-builder-row fusion-row\"><div class=\"fusion-layout-column fusion_builder_column fusion-builder-column-2 fusion_builder_column_1_2 1_2 fusion-one-half fusion-column-first\" style=\"--awb-bg-size:cover;width:50%;width:calc(50% - ( ( 4% ) * 0.5 ) );margin-right: 4%;\"><div class=\"fusion-column-wrapper fusion-column-has-shadow fusion-flex-column-wrapper-legacy\"><div class=\"fusion-text fusion-text-2\"><h3>Instructions d\u2019emballage :<\/h3>\n<ol>\n<li>Divisez 10 gallons de l\u2019\u00e9chantillon de boue dans (2) seaux de 5 gallons.<\/li>\n<li>Les seaux doivent \u00eatre exempts de toute fuite.<\/li>\n<li>Fixez le couvercle du seau avec du ruban \u00e0 conduits.<\/li>\n<\/ol>\n<div>\n<h3>Instructions d\u2019\u00e9tiquetage :<\/h3>\n<ol>\n<li>Nom de la compagnie<\/li>\n<li>R\u00e9f\u00e9rence du site ou du projet<\/li>\n<li>Date<\/li>\n<li>Nom et num\u00e9ro de t\u00e9l\u00e9phone du contact<\/li>\n<\/ol>\n<\/div>\n<\/div><div class=\"fusion-clearfix\"><\/div><\/div><\/div><div class=\"fusion-layout-column fusion_builder_column fusion-builder-column-3 fusion_builder_column_1_2 1_2 fusion-one-half fusion-column-last\" style=\"--awb-bg-size:cover;width:50%;width:calc(50% - ( ( 4% ) * 0.5 ) );\"><div class=\"fusion-column-wrapper fusion-column-has-shadow fusion-flex-column-wrapper-legacy\"><div class=\"fusion-image-element fusion-image-align-center in-legacy-container\" style=\"text-align:center;--awb-caption-title-font-family:var(--h2_typography-font-family);--awb-caption-title-font-weight:var(--h2_typography-font-weight);--awb-caption-title-font-style:var(--h2_typography-font-style);--awb-caption-title-size:var(--h2_typography-font-size);--awb-caption-title-transform:var(--h2_typography-text-transform);--awb-caption-title-line-height:var(--h2_typography-line-height);--awb-caption-title-letter-spacing:var(--h2_typography-letter-spacing);\"><div class=\"imageframe-align-center\"><span class=\" fusion-imageframe imageframe-none imageframe-1 hover-type-none\"><img decoding=\"async\" width=\"1024\" height=\"768\" alt=\"\u00e9chantillons d\u2019eau\" title=\"Seaux avec des \u00e9chantillons\" src=\"https:\/\/clearwaterind.com\/wp-content\/uploads\/2020\/06\/Buckets-with-Flags-scaled.jpg\" data-orig-src=\"https:\/\/clearwaterind.com\/wp-content\/uploads\/2020\/06\/Buckets-with-Flags-1024x768.jpg\" class=\"lazyload img-responsive wp-image-2019\" srcset=\"data:image\/svg+xml,%3Csvg%20xmlns%3D%27http%3A%2F%2Fwww.w3.org%2F2000%2Fsvg%27%20width%3D%272560%27%20height%3D%271920%27%20viewBox%3D%270%200%202560%201920%27%3E%3Crect%20width%3D%272560%27%20height%3D%271920%27%20fill-opacity%3D%220%22%2F%3E%3C%2Fsvg%3E\" data-srcset=\"https:\/\/clearwaterind.com\/wp-content\/uploads\/2020\/06\/Buckets-with-Flags-200x150.jpg 200w, https:\/\/clearwaterind.com\/wp-content\/uploads\/2020\/06\/Buckets-with-Flags-400x300.jpg 400w, https:\/\/clearwaterind.com\/wp-content\/uploads\/2020\/06\/Buckets-with-Flags-600x450.jpg 600w, https:\/\/clearwaterind.com\/wp-content\/uploads\/2020\/06\/Buckets-with-Flags-800x600.jpg 800w, https:\/\/clearwaterind.com\/wp-content\/uploads\/2020\/06\/Buckets-with-Flags-1200x900.jpg 1200w\" data-sizes=\"auto\" data-orig-sizes=\"(max-width: 800px) 100vw, 600px\" \/><\/span><\/div><\/div><div class=\"fusion-clearfix\"><\/div><\/div><\/div><\/div><\/div><div class=\"fusion-fullwidth fullwidth-box fusion-builder-row-3 nonhundred-percent-fullwidth non-hundred-percent-height-scrolling\" style=\"--awb-border-radius-top-left:0px;--awb-border-radius-top-right:0px;--awb-border-radius-bottom-right:0px;--awb-border-radius-bottom-left:0px;--awb-padding-top:75px;--awb-padding-bottom:0px;--awb-margin-bottom:0px;--awb-flex-wrap:wrap;\" ><div class=\"fusion-builder-row fusion-row\"><div class=\"fusion-layout-column fusion_builder_column fusion-builder-column-4 fusion_builder_column_1_2 1_2 fusion-one-half fusion-column-first\" style=\"--awb-bg-size:cover;width:50%;width:calc(50% - ( ( 4% ) * 0.5 ) );margin-right: 4%;\"><div class=\"fusion-column-wrapper fusion-column-has-shadow fusion-flex-column-wrapper-legacy\"><div class=\"fusion-image-element fusion-image-align-center in-legacy-container\" style=\"text-align:center;--awb-caption-title-font-family:var(--h2_typography-font-family);--awb-caption-title-font-weight:var(--h2_typography-font-weight);--awb-caption-title-font-style:var(--h2_typography-font-style);--awb-caption-title-size:var(--h2_typography-font-size);--awb-caption-title-transform:var(--h2_typography-text-transform);--awb-caption-title-line-height:var(--h2_typography-line-height);--awb-caption-title-letter-spacing:var(--h2_typography-letter-spacing);\"><div class=\"imageframe-align-center\"><span class=\" fusion-imageframe imageframe-none imageframe-2 hover-type-none\"><img decoding=\"async\" width=\"800\" height=\"450\" alt=\"6 b\u00e9chers de laboratoire en verre avec un liquide clair dans le syst\u00e8me d\u2019essai de floculation de l\u2019eau.\" title=\"Analyse industrielle d\u2019eau\" src=\"https:\/\/clearwaterind.com\/wp-content\/uploads\/2019\/12\/IMG_20161104_121058709.jpg\" data-orig-src=\"https:\/\/clearwaterind.com\/wp-content\/uploads\/2019\/12\/IMG_20161104_121058709.jpg\" class=\"lazyload img-responsive wp-image-1893\" srcset=\"data:image\/svg+xml,%3Csvg%20xmlns%3D%27http%3A%2F%2Fwww.w3.org%2F2000%2Fsvg%27%20width%3D%27800%27%20height%3D%27450%27%20viewBox%3D%270%200%20800%20450%27%3E%3Crect%20width%3D%27800%27%20height%3D%27450%27%20fill-opacity%3D%220%22%2F%3E%3C%2Fsvg%3E\" data-srcset=\"https:\/\/clearwaterind.com\/wp-content\/uploads\/2019\/12\/IMG_20161104_121058709-200x113.jpg 200w, https:\/\/clearwaterind.com\/wp-content\/uploads\/2019\/12\/IMG_20161104_121058709-400x225.jpg 400w, https:\/\/clearwaterind.com\/wp-content\/uploads\/2019\/12\/IMG_20161104_121058709-600x338.jpg 600w, https:\/\/clearwaterind.com\/wp-content\/uploads\/2019\/12\/IMG_20161104_121058709.jpg 800w\" data-sizes=\"auto\" data-orig-sizes=\"(max-width: 800px) 100vw, 600px\" \/><\/span><\/div><\/div><div class=\"fusion-clearfix\"><\/div><\/div><\/div><div class=\"fusion-layout-column fusion_builder_column fusion-builder-column-5 fusion_builder_column_1_2 1_2 fusion-one-half fusion-column-last\" style=\"--awb-bg-size:cover;width:50%;width:calc(50% - ( ( 4% ) * 0.5 ) );\"><div class=\"fusion-column-wrapper fusion-column-has-shadow fusion-flex-column-wrapper-legacy\"><div class=\"fusion-text fusion-text-3\" style=\"--awb-text-transform:none;\"><h3>Adresse de livraison :<\/h3>\n<div>Clearwater Industries, Inc.<\/div>\n<div>Attn: Lab<\/div>\n<div>9333 N. 49th Street<\/div>\n<div>Brown Deer, WI 53223<\/div>\n<\/div><div class=\"fusion-clearfix\"><\/div><\/div><\/div><div class=\"fusion-layout-column fusion_builder_column fusion-builder-column-6 fusion_builder_column_1_1 1_1 fusion-one-full fusion-column-first fusion-column-last\" style=\"--awb-padding-top:50px;--awb-bg-size:cover;\"><div class=\"fusion-column-wrapper fusion-column-has-shadow fusion-flex-column-wrapper-legacy\"><div class=\"fusion-text fusion-text-4\"><h3 class=\"fusion-responsive-typography-calculated\" style=\"--fontsize: 30.4; line-height: 1.2;\" data-fontsize=\"30.4\" data-lineheight=\"36.48px\">Pr\u00e9cipitation, adoucissement, \u00e9limination des m\u00e9taux lourds<\/h3>\n<p>Clearwater Industries a de l\u2019exp\u00e9rience dans la pr\u00e9cipitation des m\u00e9taux lourds. Au cours du processus, le pH de l\u2019eau est ajust\u00e9 pour cr\u00e9er un environnement o\u00f9 les solides dissous se solidifient au point de pouvoir \u00eatre \u00e9limin\u00e9s. Une fois que les solides dissous sont insolubles, nous utilisons la floculation et la clarification m\u00e9canique pour les \u00e9liminer de l\u2019eau.<\/p>\n<\/div><div class=\"fusion-clearfix\"><\/div><\/div><\/div><\/div><\/div><\/p>\n","protected":false},"excerpt":{"rendered":"","protected":false},"author":2,"featured_media":0,"parent":0,"menu_order":22,"comment_status":"closed","ping_status":"closed","template":"100-width.php","meta":{"footnotes":""},"class_list":["post-2929","page","type-page","status-publish","hentry"],"yoast_head":"<!-- This site is optimized with the Yoast SEO plugin v27.4 - https:\/\/yoast.com\/product\/yoast-seo-wordpress\/ -->\n<title>Essai de Floculation<\/title>\n<meta name=\"description\" content=\"Nos tests chimiques complets d\u00e9terminent la chimie la plus performante pour vos eaux us\u00e9es.\" \/>\n<meta name=\"robots\" content=\"index, follow, max-snippet:-1, max-image-preview:large, max-video-preview:-1\" \/>\n<link rel=\"canonical\" href=\"https:\/\/clearwaterind.com\/fr\/essai-de-floculation\/\" \/>\n<meta property=\"og:locale\" content=\"fr_FR\" \/>\n<meta property=\"og:type\" content=\"article\" \/>\n<meta property=\"og:title\" content=\"Essai de Floculation\" \/>\n<meta property=\"og:description\" content=\"Nos tests chimiques complets d\u00e9terminent la chimie la plus performante pour vos eaux us\u00e9es.\" \/>\n<meta property=\"og:url\" content=\"https:\/\/clearwaterind.com\/fr\/essai-de-floculation\/\" \/>\n<meta property=\"og:site_name\" content=\"Clearwater Industries, Inc.\" \/>\n<meta property=\"article:publisher\" content=\"https:\/\/www.facebook.com\/ClearwaterMKE\" \/>\n<meta property=\"article:modified_time\" content=\"2022-09-12T22:24:25+00:00\" \/>\n<meta name=\"twitter:card\" content=\"summary_large_image\" \/>\n<meta name=\"twitter:label1\" content=\"Dur\u00e9e de lecture estim\u00e9e\" \/>\n\t<meta name=\"twitter:data1\" content=\"4 minutes\" \/>\n<script type=\"application\/ld+json\" class=\"yoast-schema-graph\">{\"@context\":\"https:\\\/\\\/schema.org\",\"@graph\":[{\"@type\":\"WebPage\",\"@id\":\"https:\\\/\\\/clearwaterind.com\\\/fr\\\/essai-de-floculation\\\/\",\"url\":\"https:\\\/\\\/clearwaterind.com\\\/fr\\\/essai-de-floculation\\\/\",\"name\":\"Essai de Floculation\",\"isPartOf\":{\"@id\":\"https:\\\/\\\/clearwaterind.com\\\/fr\\\/#website\"},\"datePublished\":\"2022-08-01T01:43:35+00:00\",\"dateModified\":\"2022-09-12T22:24:25+00:00\",\"description\":\"Nos tests chimiques complets d\u00e9terminent la chimie la plus performante pour vos eaux us\u00e9es.\",\"breadcrumb\":{\"@id\":\"https:\\\/\\\/clearwaterind.com\\\/fr\\\/essai-de-floculation\\\/#breadcrumb\"},\"inLanguage\":\"fr-FR\",\"potentialAction\":[{\"@type\":\"ReadAction\",\"target\":[\"https:\\\/\\\/clearwaterind.com\\\/fr\\\/essai-de-floculation\\\/\"]}]},{\"@type\":\"BreadcrumbList\",\"@id\":\"https:\\\/\\\/clearwaterind.com\\\/fr\\\/essai-de-floculation\\\/#breadcrumb\",\"itemListElement\":[{\"@type\":\"ListItem\",\"position\":1,\"name\":\"Home\",\"item\":\"https:\\\/\\\/clearwaterind.com\\\/fr\\\/\"},{\"@type\":\"ListItem\",\"position\":2,\"name\":\"Essai de Floculation\"}]},{\"@type\":\"WebSite\",\"@id\":\"https:\\\/\\\/clearwaterind.com\\\/fr\\\/#website\",\"url\":\"https:\\\/\\\/clearwaterind.com\\\/fr\\\/\",\"name\":\"Clearwater Industries, Inc.\",\"description\":\"\",\"publisher\":{\"@id\":\"https:\\\/\\\/clearwaterind.com\\\/fr\\\/#organization\"},\"potentialAction\":[{\"@type\":\"SearchAction\",\"target\":{\"@type\":\"EntryPoint\",\"urlTemplate\":\"https:\\\/\\\/clearwaterind.com\\\/fr\\\/?s={search_term_string}\"},\"query-input\":{\"@type\":\"PropertyValueSpecification\",\"valueRequired\":true,\"valueName\":\"search_term_string\"}}],\"inLanguage\":\"fr-FR\"},{\"@type\":\"Organization\",\"@id\":\"https:\\\/\\\/clearwaterind.com\\\/fr\\\/#organization\",\"name\":\"Clearwater Industries, Inc.\",\"url\":\"https:\\\/\\\/clearwaterind.com\\\/fr\\\/\",\"logo\":{\"@type\":\"ImageObject\",\"inLanguage\":\"fr-FR\",\"@id\":\"https:\\\/\\\/clearwaterind.com\\\/fr\\\/#\\\/schema\\\/logo\\\/image\\\/\",\"url\":\"https:\\\/\\\/clearwaterind.com\\\/wp-content\\\/uploads\\\/2020\\\/07\\\/Clearwater-logo-mob.png\",\"contentUrl\":\"https:\\\/\\\/clearwaterind.com\\\/wp-content\\\/uploads\\\/2020\\\/07\\\/Clearwater-logo-mob.png\",\"width\":250,\"height\":69,\"caption\":\"Clearwater Industries, Inc.\"},\"image\":{\"@id\":\"https:\\\/\\\/clearwaterind.com\\\/fr\\\/#\\\/schema\\\/logo\\\/image\\\/\"},\"sameAs\":[\"https:\\\/\\\/www.facebook.com\\\/ClearwaterMKE\",\"https:\\\/\\\/www.instagram.com\\\/clearwater_ind\\\/?hl=en\",\"https:\\\/\\\/www.linkedin.com\\\/company\\\/clearwater-industries\\\/\",\"https:\\\/\\\/www.youtube.com\\\/channel\\\/UCTG-XLxezfQuoqQMs7hRLoA\"]}]}<\/script>\n<!-- \/ Yoast SEO plugin. -->","yoast_head_json":{"title":"Essai de Floculation","description":"Nos tests chimiques complets d\u00e9terminent la chimie la plus performante pour vos eaux us\u00e9es.","robots":{"index":"index","follow":"follow","max-snippet":"max-snippet:-1","max-image-preview":"max-image-preview:large","max-video-preview":"max-video-preview:-1"},"canonical":"https:\/\/clearwaterind.com\/fr\/essai-de-floculation\/","og_locale":"fr_FR","og_type":"article","og_title":"Essai de Floculation","og_description":"Nos tests chimiques complets d\u00e9terminent la chimie la plus performante pour vos eaux us\u00e9es.","og_url":"https:\/\/clearwaterind.com\/fr\/essai-de-floculation\/","og_site_name":"Clearwater Industries, Inc.","article_publisher":"https:\/\/www.facebook.com\/ClearwaterMKE","article_modified_time":"2022-09-12T22:24:25+00:00","twitter_card":"summary_large_image","twitter_misc":{"Dur\u00e9e de lecture estim\u00e9e":"4 minutes"},"schema":{"@context":"https:\/\/schema.org","@graph":[{"@type":"WebPage","@id":"https:\/\/clearwaterind.com\/fr\/essai-de-floculation\/","url":"https:\/\/clearwaterind.com\/fr\/essai-de-floculation\/","name":"Essai de Floculation","isPartOf":{"@id":"https:\/\/clearwaterind.com\/fr\/#website"},"datePublished":"2022-08-01T01:43:35+00:00","dateModified":"2022-09-12T22:24:25+00:00","description":"Nos tests chimiques complets d\u00e9terminent la chimie la plus performante pour vos eaux us\u00e9es.","breadcrumb":{"@id":"https:\/\/clearwaterind.com\/fr\/essai-de-floculation\/#breadcrumb"},"inLanguage":"fr-FR","potentialAction":[{"@type":"ReadAction","target":["https:\/\/clearwaterind.com\/fr\/essai-de-floculation\/"]}]},{"@type":"BreadcrumbList","@id":"https:\/\/clearwaterind.com\/fr\/essai-de-floculation\/#breadcrumb","itemListElement":[{"@type":"ListItem","position":1,"name":"Home","item":"https:\/\/clearwaterind.com\/fr\/"},{"@type":"ListItem","position":2,"name":"Essai de Floculation"}]},{"@type":"WebSite","@id":"https:\/\/clearwaterind.com\/fr\/#website","url":"https:\/\/clearwaterind.com\/fr\/","name":"Clearwater Industries, Inc.","description":"","publisher":{"@id":"https:\/\/clearwaterind.com\/fr\/#organization"},"potentialAction":[{"@type":"SearchAction","target":{"@type":"EntryPoint","urlTemplate":"https:\/\/clearwaterind.com\/fr\/?s={search_term_string}"},"query-input":{"@type":"PropertyValueSpecification","valueRequired":true,"valueName":"search_term_string"}}],"inLanguage":"fr-FR"},{"@type":"Organization","@id":"https:\/\/clearwaterind.com\/fr\/#organization","name":"Clearwater Industries, Inc.","url":"https:\/\/clearwaterind.com\/fr\/","logo":{"@type":"ImageObject","inLanguage":"fr-FR","@id":"https:\/\/clearwaterind.com\/fr\/#\/schema\/logo\/image\/","url":"https:\/\/clearwaterind.com\/wp-content\/uploads\/2020\/07\/Clearwater-logo-mob.png","contentUrl":"https:\/\/clearwaterind.com\/wp-content\/uploads\/2020\/07\/Clearwater-logo-mob.png","width":250,"height":69,"caption":"Clearwater Industries, Inc."},"image":{"@id":"https:\/\/clearwaterind.com\/fr\/#\/schema\/logo\/image\/"},"sameAs":["https:\/\/www.facebook.com\/ClearwaterMKE","https:\/\/www.instagram.com\/clearwater_ind\/?hl=en","https:\/\/www.linkedin.com\/company\/clearwater-industries\/","https:\/\/www.youtube.com\/channel\/UCTG-XLxezfQuoqQMs7hRLoA"]}]}},"_links":{"self":[{"href":"https:\/\/clearwaterind.com\/fr\/wp-json\/wp\/v2\/pages\/2929","targetHints":{"allow":["GET"]}}],"collection":[{"href":"https:\/\/clearwaterind.com\/fr\/wp-json\/wp\/v2\/pages"}],"about":[{"href":"https:\/\/clearwaterind.com\/fr\/wp-json\/wp\/v2\/types\/page"}],"author":[{"embeddable":true,"href":"https:\/\/clearwaterind.com\/fr\/wp-json\/wp\/v2\/users\/2"}],"replies":[{"embeddable":true,"href":"https:\/\/clearwaterind.com\/fr\/wp-json\/wp\/v2\/comments?post=2929"}],"version-history":[{"count":0,"href":"https:\/\/clearwaterind.com\/fr\/wp-json\/wp\/v2\/pages\/2929\/revisions"}],"wp:attachment":[{"href":"https:\/\/clearwaterind.com\/fr\/wp-json\/wp\/v2\/media?parent=2929"}],"curies":[{"name":"wp","href":"https:\/\/api.w.org\/{rel}","templated":true}]}}