{"id":2928,"date":"2022-08-01T01:43:34","date_gmt":"2022-08-01T01:43:34","guid":{"rendered":"https:\/\/clearwaterind.com\/histoire\/"},"modified":"2022-09-12T22:31:25","modified_gmt":"2022-09-12T22:31:25","slug":"histoire","status":"publish","type":"page","link":"https:\/\/clearwaterind.com\/fr\/histoire\/","title":{"rendered":"Histoire"},"content":{"rendered":"<div class=\"fusion-fullwidth fullwidth-box fusion-builder-row-1 nonhundred-percent-fullwidth non-hundred-percent-height-scrolling\" style=\"--awb-border-radius-top-left:0px;--awb-border-radius-top-right:0px;--awb-border-radius-bottom-right:0px;--awb-border-radius-bottom-left:0px;--awb-padding-top:15px;--awb-padding-bottom:0px;--awb-margin-bottom:0px;--awb-flex-wrap:wrap;\" ><div class=\"fusion-builder-row fusion-row\"><div class=\"fusion-layout-column fusion_builder_column fusion-builder-column-0 fusion_builder_column_1_2 1_2 fusion-one-half fusion-column-first\" style=\"--awb-bg-size:cover;width:50%;width:calc(50% - ( ( 4% ) * 0.5 ) );margin-right: 4%;\"><div class=\"fusion-column-wrapper fusion-column-has-shadow fusion-flex-column-wrapper-legacy\"><div class=\"fusion-text fusion-text-1\"><p>Clearwater Industries Inc. a \u00e9t\u00e9 fond\u00e9e en 1996 par Robert Gralton.\u00a0 La soci\u00e9t\u00e9 a \u00e9t\u00e9 fond\u00e9e sur la volont\u00e9 de fabriquer des \u00e9quipements de clarification d\u2019eau robustes et fiables aux \u00c9tats-Unis.\u00a0 En 2003, John, le fils de Bob, a commenc\u00e9 \u00e0 travailler pour l\u2019entreprise.\u00a0 Apr\u00e8s avoir pass\u00e9 12 ans \u00e0 b\u00e2tir l\u2019entreprise avec son p\u00e8re, John a pris la direction de Clearwater apr\u00e8s le d\u00e9c\u00e8s de Bob en 2015.<\/p>\n<p>Depuis plus de 20 ans, nous sommes sp\u00e9cialis\u00e9s dans la conception et la construction de syst\u00e8mes de pr\u00e9paration de polym\u00e8res, de clarificateurs d\u2019eau et de syst\u00e8mes de r\u00e9cup\u00e9ration des fines.\u00a0 Nos premiers clients \u00e9tant dans l\u2019industrie des agr\u00e9gats, nos \u00e9quipements ont toujours \u00e9t\u00e9 con\u00e7us pour r\u00e9sister \u00e0 des environnements difficiles et fonctionner de mani\u00e8re automatique et fiable.<\/p>\n<p>Nous am\u00e9liorons continuellement notre gamme de produits en incorporant de nouvelles technologies d\u00e9velopp\u00e9es par nos \u00e9quipes de conception et d\u2019ing\u00e9nierie.\u00a0 Nous sommes fiers d\u2019\u00eatre un chef de file de l\u2019industrie dans le d\u00e9veloppement de syst\u00e8mes de clarification de l\u2019eau, y compris les clarificateurs d\u2019eau portables.\u00a0 Outre la fabrication d\u2019\u00e9quipements, Clearwater assure \u00e9galement l\u2019entreposage et la distribution de polym\u00e8res.<\/p>\n<p>Nous isolons le polym\u00e8re le plus performant pour chaque client en effectuant un essai de floculation gratuit sur un \u00e9chantillon d\u2019eau de fabrication dans notre laboratoire.\u00a0 Nous travaillons c\u00f4te \u00e0 c\u00f4te avec nos clients pour d\u00e9velopper des syst\u00e8mes personnalis\u00e9s r\u00e9pondant aux besoins sp\u00e9cifiques de leur application.<\/p>\n<p>Parmi nos applications les plus courantes, citons le sable et le gravier, le sable industriel, le lavage du b\u00e9ton, le dragage, le forage, la construction de tunnels, l\u2019eau tr\u00e8s pure, les eaux us\u00e9es municipales et la d\u00e9pollution.\u00a0 Gr\u00e2ce \u00e0 l\u2019exp\u00e9rience acquise sur ces march\u00e9s, nous sommes particuli\u00e8rement qualifi\u00e9s pour r\u00e9soudre tous les probl\u00e8mes li\u00e9s \u00e0 l\u2019eau.<\/p>\n<\/div><div class=\"fusion-clearfix\"><\/div><\/div><\/div><div class=\"fusion-layout-column fusion_builder_column fusion-builder-column-1 fusion_builder_column_1_2 1_2 fusion-one-half fusion-column-last\" style=\"--awb-bg-size:cover;width:50%;width:calc(50% - ( ( 4% ) * 0.5 ) );\"><div class=\"fusion-column-wrapper fusion-column-has-shadow fusion-flex-column-wrapper-legacy\"><div class=\"fusion-image-element fusion-image-align-center in-legacy-container\" style=\"text-align:center;--awb-caption-title-font-family:var(--h2_typography-font-family);--awb-caption-title-font-weight:var(--h2_typography-font-weight);--awb-caption-title-font-style:var(--h2_typography-font-style);--awb-caption-title-size:var(--h2_typography-font-size);--awb-caption-title-transform:var(--h2_typography-text-transform);--awb-caption-title-line-height:var(--h2_typography-line-height);--awb-caption-title-letter-spacing:var(--h2_typography-letter-spacing);\"><div class=\"imageframe-align-center\"><span class=\" fusion-imageframe imageframe-none imageframe-1 hover-type-none\"><img decoding=\"async\" width=\"593\" height=\"878\" title=\"Bob Gralton \u2013 Clarificateur portable-2005\" src=\"https:\/\/clearwaterind.com\/wp-content\/uploads\/2019\/12\/Bob-Gralton-Portable-Clarifier-2005.jpg\" data-orig-src=\"https:\/\/clearwaterind.com\/wp-content\/uploads\/2019\/12\/Bob-Gralton-Portable-Clarifier-2005.jpg\" alt class=\"lazyload img-responsive wp-image-1905\" srcset=\"data:image\/svg+xml,%3Csvg%20xmlns%3D%27http%3A%2F%2Fwww.w3.org%2F2000%2Fsvg%27%20width%3D%27593%27%20height%3D%27878%27%20viewBox%3D%270%200%20593%20878%27%3E%3Crect%20width%3D%27593%27%20height%3D%27878%27%20fill-opacity%3D%220%22%2F%3E%3C%2Fsvg%3E\" data-srcset=\"https:\/\/clearwaterind.com\/wp-content\/uploads\/2019\/12\/Bob-Gralton-Portable-Clarifier-2005-200x296.jpg 200w, https:\/\/clearwaterind.com\/wp-content\/uploads\/2019\/12\/Bob-Gralton-Portable-Clarifier-2005-400x592.jpg 400w, https:\/\/clearwaterind.com\/wp-content\/uploads\/2019\/12\/Bob-Gralton-Portable-Clarifier-2005.jpg 593w\" data-sizes=\"auto\" data-orig-sizes=\"(max-width: 800px) 100vw, 593px\" \/><\/span><\/div><\/div><div class=\"fusion-clearfix\"><\/div><\/div><\/div><\/div><\/div>\n","protected":false},"excerpt":{"rendered":"","protected":false},"author":2,"featured_media":0,"parent":0,"menu_order":28,"comment_status":"closed","ping_status":"closed","template":"","meta":{"footnotes":""},"class_list":["post-2928","page","type-page","status-publish","hentry"],"yoast_head":"<!-- This site is optimized with the Yoast SEO plugin v27.2 - https:\/\/yoast.com\/product\/yoast-seo-wordpress\/ -->\n<title>Histoire - Clearwater Industries, Inc.<\/title>\n<meta name=\"description\" content=\"Fond\u00e9e en 1996, Clearwater Industries a plus de 20 ans d\u2019exp\u00e9rience dans la conception et la construction de syst\u00e8mes de traitement des eaux us\u00e9es.\" \/>\n<meta name=\"robots\" content=\"index, follow, max-snippet:-1, max-image-preview:large, max-video-preview:-1\" \/>\n<link rel=\"canonical\" href=\"https:\/\/clearwaterind.com\/fr\/histoire\/\" \/>\n<meta property=\"og:locale\" content=\"fr_FR\" \/>\n<meta property=\"og:type\" content=\"article\" \/>\n<meta property=\"og:title\" content=\"Histoire - Clearwater Industries, Inc.\" \/>\n<meta property=\"og:description\" content=\"Fond\u00e9e en 1996, Clearwater Industries a plus de 20 ans d\u2019exp\u00e9rience dans la conception et la construction de syst\u00e8mes de traitement des eaux us\u00e9es.\" \/>\n<meta property=\"og:url\" content=\"https:\/\/clearwaterind.com\/fr\/histoire\/\" \/>\n<meta property=\"og:site_name\" content=\"Clearwater Industries, Inc.\" \/>\n<meta property=\"article:publisher\" content=\"https:\/\/www.facebook.com\/ClearwaterMKE\" \/>\n<meta property=\"article:modified_time\" content=\"2022-09-12T22:31:25+00:00\" \/>\n<meta name=\"twitter:card\" content=\"summary_large_image\" \/>\n<meta name=\"twitter:label1\" content=\"Dur\u00e9e de lecture estim\u00e9e\" \/>\n\t<meta name=\"twitter:data1\" content=\"3 minutes\" \/>\n<script type=\"application\/ld+json\" class=\"yoast-schema-graph\">{\"@context\":\"https:\/\/schema.org\",\"@graph\":[{\"@type\":\"WebPage\",\"@id\":\"https:\/\/clearwaterind.com\/fr\/histoire\/\",\"url\":\"https:\/\/clearwaterind.com\/fr\/histoire\/\",\"name\":\"Histoire - Clearwater Industries, Inc.\",\"isPartOf\":{\"@id\":\"https:\/\/clearwaterind.com\/fr\/#website\"},\"datePublished\":\"2022-08-01T01:43:34+00:00\",\"dateModified\":\"2022-09-12T22:31:25+00:00\",\"description\":\"Fond\u00e9e en 1996, Clearwater Industries a plus de 20 ans d\u2019exp\u00e9rience dans la conception et la construction de syst\u00e8mes de traitement des eaux us\u00e9es.\",\"breadcrumb\":{\"@id\":\"https:\/\/clearwaterind.com\/fr\/histoire\/#breadcrumb\"},\"inLanguage\":\"fr-FR\",\"potentialAction\":[{\"@type\":\"ReadAction\",\"target\":[\"https:\/\/clearwaterind.com\/fr\/histoire\/\"]}]},{\"@type\":\"BreadcrumbList\",\"@id\":\"https:\/\/clearwaterind.com\/fr\/histoire\/#breadcrumb\",\"itemListElement\":[{\"@type\":\"ListItem\",\"position\":1,\"name\":\"Home\",\"item\":\"https:\/\/clearwaterind.com\/fr\/\"},{\"@type\":\"ListItem\",\"position\":2,\"name\":\"Histoire\"}]},{\"@type\":\"WebSite\",\"@id\":\"https:\/\/clearwaterind.com\/fr\/#website\",\"url\":\"https:\/\/clearwaterind.com\/fr\/\",\"name\":\"Clearwater Industries, Inc.\",\"description\":\"\",\"publisher\":{\"@id\":\"https:\/\/clearwaterind.com\/fr\/#organization\"},\"potentialAction\":[{\"@type\":\"SearchAction\",\"target\":{\"@type\":\"EntryPoint\",\"urlTemplate\":\"https:\/\/clearwaterind.com\/fr\/?s={search_term_string}\"},\"query-input\":{\"@type\":\"PropertyValueSpecification\",\"valueRequired\":true,\"valueName\":\"search_term_string\"}}],\"inLanguage\":\"fr-FR\"},{\"@type\":\"Organization\",\"@id\":\"https:\/\/clearwaterind.com\/fr\/#organization\",\"name\":\"Clearwater Industries, Inc.\",\"url\":\"https:\/\/clearwaterind.com\/fr\/\",\"logo\":{\"@type\":\"ImageObject\",\"inLanguage\":\"fr-FR\",\"@id\":\"https:\/\/clearwaterind.com\/fr\/#\/schema\/logo\/image\/\",\"url\":\"https:\/\/clearwaterind.com\/wp-content\/uploads\/2020\/07\/Clearwater-logo-mob.png\",\"contentUrl\":\"https:\/\/clearwaterind.com\/wp-content\/uploads\/2020\/07\/Clearwater-logo-mob.png\",\"width\":250,\"height\":69,\"caption\":\"Clearwater Industries, Inc.\"},\"image\":{\"@id\":\"https:\/\/clearwaterind.com\/fr\/#\/schema\/logo\/image\/\"},\"sameAs\":[\"https:\/\/www.facebook.com\/ClearwaterMKE\",\"https:\/\/www.instagram.com\/clearwater_ind\/?hl=en\",\"https:\/\/www.linkedin.com\/company\/clearwater-industries\/\",\"https:\/\/www.youtube.com\/channel\/UCTG-XLxezfQuoqQMs7hRLoA\"]}]}<\/script>\n<!-- \/ Yoast SEO plugin. -->","yoast_head_json":{"title":"Histoire - Clearwater Industries, Inc.","description":"Fond\u00e9e en 1996, Clearwater Industries a plus de 20 ans d\u2019exp\u00e9rience dans la conception et la construction de syst\u00e8mes de traitement des eaux us\u00e9es.","robots":{"index":"index","follow":"follow","max-snippet":"max-snippet:-1","max-image-preview":"max-image-preview:large","max-video-preview":"max-video-preview:-1"},"canonical":"https:\/\/clearwaterind.com\/fr\/histoire\/","og_locale":"fr_FR","og_type":"article","og_title":"Histoire - Clearwater Industries, Inc.","og_description":"Fond\u00e9e en 1996, Clearwater Industries a plus de 20 ans d\u2019exp\u00e9rience dans la conception et la construction de syst\u00e8mes de traitement des eaux us\u00e9es.","og_url":"https:\/\/clearwaterind.com\/fr\/histoire\/","og_site_name":"Clearwater Industries, Inc.","article_publisher":"https:\/\/www.facebook.com\/ClearwaterMKE","article_modified_time":"2022-09-12T22:31:25+00:00","twitter_card":"summary_large_image","twitter_misc":{"Dur\u00e9e de lecture estim\u00e9e":"3 minutes"},"schema":{"@context":"https:\/\/schema.org","@graph":[{"@type":"WebPage","@id":"https:\/\/clearwaterind.com\/fr\/histoire\/","url":"https:\/\/clearwaterind.com\/fr\/histoire\/","name":"Histoire - Clearwater Industries, Inc.","isPartOf":{"@id":"https:\/\/clearwaterind.com\/fr\/#website"},"datePublished":"2022-08-01T01:43:34+00:00","dateModified":"2022-09-12T22:31:25+00:00","description":"Fond\u00e9e en 1996, Clearwater Industries a plus de 20 ans d\u2019exp\u00e9rience dans la conception et la construction de syst\u00e8mes de traitement des eaux us\u00e9es.","breadcrumb":{"@id":"https:\/\/clearwaterind.com\/fr\/histoire\/#breadcrumb"},"inLanguage":"fr-FR","potentialAction":[{"@type":"ReadAction","target":["https:\/\/clearwaterind.com\/fr\/histoire\/"]}]},{"@type":"BreadcrumbList","@id":"https:\/\/clearwaterind.com\/fr\/histoire\/#breadcrumb","itemListElement":[{"@type":"ListItem","position":1,"name":"Home","item":"https:\/\/clearwaterind.com\/fr\/"},{"@type":"ListItem","position":2,"name":"Histoire"}]},{"@type":"WebSite","@id":"https:\/\/clearwaterind.com\/fr\/#website","url":"https:\/\/clearwaterind.com\/fr\/","name":"Clearwater Industries, Inc.","description":"","publisher":{"@id":"https:\/\/clearwaterind.com\/fr\/#organization"},"potentialAction":[{"@type":"SearchAction","target":{"@type":"EntryPoint","urlTemplate":"https:\/\/clearwaterind.com\/fr\/?s={search_term_string}"},"query-input":{"@type":"PropertyValueSpecification","valueRequired":true,"valueName":"search_term_string"}}],"inLanguage":"fr-FR"},{"@type":"Organization","@id":"https:\/\/clearwaterind.com\/fr\/#organization","name":"Clearwater Industries, Inc.","url":"https:\/\/clearwaterind.com\/fr\/","logo":{"@type":"ImageObject","inLanguage":"fr-FR","@id":"https:\/\/clearwaterind.com\/fr\/#\/schema\/logo\/image\/","url":"https:\/\/clearwaterind.com\/wp-content\/uploads\/2020\/07\/Clearwater-logo-mob.png","contentUrl":"https:\/\/clearwaterind.com\/wp-content\/uploads\/2020\/07\/Clearwater-logo-mob.png","width":250,"height":69,"caption":"Clearwater Industries, Inc."},"image":{"@id":"https:\/\/clearwaterind.com\/fr\/#\/schema\/logo\/image\/"},"sameAs":["https:\/\/www.facebook.com\/ClearwaterMKE","https:\/\/www.instagram.com\/clearwater_ind\/?hl=en","https:\/\/www.linkedin.com\/company\/clearwater-industries\/","https:\/\/www.youtube.com\/channel\/UCTG-XLxezfQuoqQMs7hRLoA"]}]}},"_links":{"self":[{"href":"https:\/\/clearwaterind.com\/fr\/wp-json\/wp\/v2\/pages\/2928","targetHints":{"allow":["GET"]}}],"collection":[{"href":"https:\/\/clearwaterind.com\/fr\/wp-json\/wp\/v2\/pages"}],"about":[{"href":"https:\/\/clearwaterind.com\/fr\/wp-json\/wp\/v2\/types\/page"}],"author":[{"embeddable":true,"href":"https:\/\/clearwaterind.com\/fr\/wp-json\/wp\/v2\/users\/2"}],"replies":[{"embeddable":true,"href":"https:\/\/clearwaterind.com\/fr\/wp-json\/wp\/v2\/comments?post=2928"}],"version-history":[{"count":0,"href":"https:\/\/clearwaterind.com\/fr\/wp-json\/wp\/v2\/pages\/2928\/revisions"}],"wp:attachment":[{"href":"https:\/\/clearwaterind.com\/fr\/wp-json\/wp\/v2\/media?parent=2928"}],"curies":[{"name":"wp","href":"https:\/\/api.w.org\/{rel}","templated":true}]}}