{"id":2927,"date":"2022-08-01T01:43:34","date_gmt":"2022-08-01T01:43:34","guid":{"rendered":"https:\/\/clearwaterind.com\/conseils\/"},"modified":"2022-09-12T22:29:54","modified_gmt":"2022-09-12T22:29:54","slug":"conseils","status":"publish","type":"page","link":"https:\/\/clearwaterind.com\/fr\/conseils\/","title":{"rendered":"Conseils"},"content":{"rendered":"<p><div class=\"fusion-fullwidth fullwidth-box fusion-builder-row-1 nonhundred-percent-fullwidth non-hundred-percent-height-scrolling\" style=\"--awb-border-radius-top-left:0px;--awb-border-radius-top-right:0px;--awb-border-radius-bottom-right:0px;--awb-border-radius-bottom-left:0px;--awb-flex-wrap:wrap;\" ><div class=\"fusion-builder-row fusion-row\"><div class=\"fusion-layout-column fusion_builder_column fusion-builder-column-0 fusion_builder_column_2_5 2_5 fusion-two-fifth fusion-column-first\" style=\"--awb-bg-size:cover;width:40%;width:calc(40% - ( ( 4% ) * 0.4 ) );margin-right: 4%;\"><div class=\"fusion-column-wrapper fusion-column-has-shadow fusion-flex-column-wrapper-legacy\"><div class=\"fusion-text fusion-text-1\"><h3>FORMATION SUR PLACE<\/h3>\n<p>Nous consid\u00e9rons la livraison de nos \u00e9quipements comme le d\u00e9but de notre relation avec un nouveau client.\u00a0 \u00c0 cette fin, nous nous engageons \u00e0 assurer le succ\u00e8s du d\u00e9marrage et de la mise en \u0153uvre de nos \u00e9quipements.\u00a0 Ce processus peut varier en fonction des conditions sp\u00e9cifiques du site et de la sophistication de l\u2019\u00e9quipement fourni.\u00a0 Apr\u00e8s le d\u00e9marrage r\u00e9ussi de l\u2019\u00e9quipement et la formation des op\u00e9rateurs, nous offrons \u00e9galement une assistance t\u00e9l\u00e9phonique gratuite et illimit\u00e9e pendant toute la dur\u00e9e de vie de l\u2019\u00e9quipement.<\/p>\n<\/div><div class=\"fusion-clearfix\"><\/div><\/div><\/div><div class=\"fusion-layout-column fusion_builder_column fusion-builder-column-1 fusion_builder_column_3_5 3_5 fusion-three-fifth fusion-column-last\" style=\"--awb-bg-size:cover;width:60%;width:calc(60% - ( ( 4% ) * 0.6 ) );\"><div class=\"fusion-column-wrapper fusion-column-has-shadow fusion-flex-column-wrapper-legacy\"><div class=\"fusion-image-element fusion-image-align-center in-legacy-container\" style=\"text-align:center;--awb-max-width:450px;--awb-caption-title-font-family:var(--h2_typography-font-family);--awb-caption-title-font-weight:var(--h2_typography-font-weight);--awb-caption-title-font-style:var(--h2_typography-font-style);--awb-caption-title-size:var(--h2_typography-font-size);--awb-caption-title-transform:var(--h2_typography-text-transform);--awb-caption-title-line-height:var(--h2_typography-line-height);--awb-caption-title-letter-spacing:var(--h2_typography-letter-spacing);\"><div class=\"imageframe-align-center\"><span class=\" fusion-imageframe imageframe-none imageframe-1 hover-type-none\"><img decoding=\"async\" width=\"800\" height=\"618\" title=\"Conseils\" src=\"https:\/\/clearwaterind.com\/wp-content\/uploads\/2019\/12\/Consulting-.jpg\" data-orig-src=\"https:\/\/clearwaterind.com\/wp-content\/uploads\/2019\/12\/Consulting-.jpg\" alt class=\"lazyload img-responsive wp-image-1895\" srcset=\"data:image\/svg+xml,%3Csvg%20xmlns%3D%27http%3A%2F%2Fwww.w3.org%2F2000%2Fsvg%27%20width%3D%27800%27%20height%3D%27618%27%20viewBox%3D%270%200%20800%20618%27%3E%3Crect%20width%3D%27800%27%20height%3D%27618%27%20fill-opacity%3D%220%22%2F%3E%3C%2Fsvg%3E\" data-srcset=\"https:\/\/clearwaterind.com\/wp-content\/uploads\/2019\/12\/Consulting--200x155.jpg 200w, https:\/\/clearwaterind.com\/wp-content\/uploads\/2019\/12\/Consulting--400x309.jpg 400w, https:\/\/clearwaterind.com\/wp-content\/uploads\/2019\/12\/Consulting--600x464.jpg 600w, https:\/\/clearwaterind.com\/wp-content\/uploads\/2019\/12\/Consulting-.jpg 800w\" data-sizes=\"auto\" data-orig-sizes=\"(max-width: 800px) 100vw, 800px\" \/><\/span><\/div><\/div><div class=\"fusion-clearfix\"><\/div><\/div><\/div><\/div><\/div><div class=\"fusion-fullwidth fullwidth-box fusion-builder-row-2 nonhundred-percent-fullwidth non-hundred-percent-height-scrolling\" style=\"--awb-border-radius-top-left:0px;--awb-border-radius-top-right:0px;--awb-border-radius-bottom-right:0px;--awb-border-radius-bottom-left:0px;--awb-flex-wrap:wrap;\" ><div class=\"fusion-builder-row fusion-row\"><div class=\"fusion-layout-column fusion_builder_column fusion-builder-column-2 fusion_builder_column_1_1 1_1 fusion-one-full fusion-column-first fusion-column-last\" style=\"--awb-bg-size:cover;\"><div class=\"fusion-column-wrapper fusion-column-has-shadow fusion-flex-column-wrapper-legacy\"><div class=\"fusion-text fusion-text-2\"><h3>FORMATION DES CLIENTS ET PR\u00c9SENTATIONS<\/h3>\n<p><span style=\"font-weight: 400;\">De nombreuses variables jouent un r\u00f4le dans le d\u00e9veloppement d\u2019un syst\u00e8me de traitement efficace de l\u2019eau de fabrication.\u00a0 Pour aider \u00e0 comprendre ces variables, nous informons nos clients lors de r\u00e9unions sur place, de conf\u00e9rences t\u00e9l\u00e9phoniques et par courrier \u00e9lectronique.\u00a0 De plus, nous fournissons des pr\u00e9sentations PowerPoint informatives sur demande.\u00a0 Les sujets abord\u00e9s comprennent un aper\u00e7u du fonctionnement des polym\u00e8res et l\u2019\u00e9volution de la technologie de clarification de l\u2019eau.\u00a0\u00a0<\/span> <span style=\"font-weight: 400;\">Clearwater cr\u00e9e des pr\u00e9sentations personnalis\u00e9es pour les clients potentiels qui d\u00e9taillent les sp\u00e9cifications de leur site.\u00a0 De plus, nous cr\u00e9erons des pr\u00e9sentations pour le DEQ\/EPA afin de r\u00e9pondre aux pr\u00e9occupations concernant l\u2019impact environnemental.\u00a0\u00a0<\/span> <span style=\"font-weight: 400;\">Nous pensons que l\u2019investissement dans l\u2019\u00e9ducation des clients est de la plus haute importance.\u00a0 Nous nous effor\u00e7ons de responsabiliser nos clients en leur fournissant la formation dont ils ont besoin pour utiliser leur \u00e9quipement en toute confiance.<\/span><\/p>\n<h3><\/h3>\n<h3>\u00c9TUDE DE FAISABILIT\u00c9<\/h3>\n<p><span style=\"font-weight: 400;\">Nous proposons des essais de floculation gratuits, car ils fournissent des informations exploitables sur les param\u00e8tres sp\u00e9cifiques d\u2019une application.\u00a0 Par cons\u00e9quent, les essais de floculation constituent un excellent point de d\u00e9part pour une \u00e9tude de faisabilit\u00e9 bien inform\u00e9e.\u00a0 Une fois que nous avons les r\u00e9sultats et un d\u00e9bit approximatif, nous pouvons commencer \u00e0 d\u00e9velopper un syst\u00e8me de clarification de l\u2019eau, y compris les aspects logistiques et les co\u00fbts horaires estim\u00e9s.\u00a0\u00a0<\/span> <span style=\"font-weight: 400;\">Ces \u00e9tudes de faisabilit\u00e9 sont fournies gratuitement afin de donner aux clients potentiels les informations dont ils ont besoin.\u00a0 Nous voulons que vous ayez confiance en vos d\u00e9cisions de gestion des eaux de fabrication.<\/span><\/p>\n<h3><\/h3>\n<h3>CONCEPTION DU BASSIN<\/h3>\n<p>Une fois que nous avons compris la disposition d\u2019un site, nous concevons des syst\u00e8mes personnalis\u00e9s pour nos clients.\u00a0 Nous travaillons avec eux pour d\u00e9terminer l\u2019emplacement et les dimensions optimales des bassins pour le stockage des solides et le d\u00e9versement des eaux propres.<\/p>\n<h3><\/h3>\n<h3>ANALYSE DU SITE<\/h3>\n<p>Il est de la plus haute importance de comprendre votre site et ses d\u00e9fis sp\u00e9cifiques.\u00a0 Une fois que nous avons rassembl\u00e9 une quantit\u00e9 appropri\u00e9e d\u2019informations, nous analysons le site et fournissons des recommandations bas\u00e9es sur nos d\u00e9cennies d\u2019exp\u00e9rience dans le domaine de la clarification de l\u2019eau.<\/p>\n<\/div><div class=\"fusion-clearfix\"><\/div><\/div><\/div><\/div><\/div><\/p>\n","protected":false},"excerpt":{"rendered":"","protected":false},"author":2,"featured_media":0,"parent":0,"menu_order":27,"comment_status":"closed","ping_status":"closed","template":"","meta":{"footnotes":""},"class_list":["post-2927","page","type-page","status-publish","hentry"],"yoast_head":"<!-- This site is optimized with the Yoast SEO plugin v27.2 - https:\/\/yoast.com\/product\/yoast-seo-wordpress\/ -->\n<title>Conseil en traitement des eaux us\u00e9es<\/title>\n<meta name=\"description\" content=\"Nous offre des services de conseil en mati\u00e8re d\u2019eaux us\u00e9es pour l&#039;analyse de site, la conception de bassins de d\u00e9cantation et les \u00e9tudes de faisabilit\u00e9.\" \/>\n<meta name=\"robots\" content=\"index, follow, max-snippet:-1, max-image-preview:large, max-video-preview:-1\" \/>\n<link rel=\"canonical\" href=\"https:\/\/clearwaterind.com\/fr\/conseils\/\" \/>\n<meta property=\"og:locale\" content=\"fr_FR\" \/>\n<meta property=\"og:type\" content=\"article\" \/>\n<meta property=\"og:title\" content=\"Conseil en traitement des eaux us\u00e9es\" \/>\n<meta property=\"og:description\" content=\"Nous offre des services de conseil en mati\u00e8re d\u2019eaux us\u00e9es pour l&#039;analyse de site, la conception de bassins de d\u00e9cantation et les \u00e9tudes de faisabilit\u00e9.\" \/>\n<meta property=\"og:url\" content=\"https:\/\/clearwaterind.com\/fr\/conseils\/\" \/>\n<meta property=\"og:site_name\" content=\"Clearwater Industries, Inc.\" \/>\n<meta property=\"article:publisher\" content=\"https:\/\/www.facebook.com\/ClearwaterMKE\" \/>\n<meta property=\"article:modified_time\" content=\"2022-09-12T22:29:54+00:00\" \/>\n<meta name=\"twitter:card\" content=\"summary_large_image\" \/>\n<meta name=\"twitter:label1\" content=\"Dur\u00e9e de lecture estim\u00e9e\" \/>\n\t<meta name=\"twitter:data1\" content=\"4 minutes\" \/>\n<script type=\"application\/ld+json\" class=\"yoast-schema-graph\">{\"@context\":\"https:\/\/schema.org\",\"@graph\":[{\"@type\":\"WebPage\",\"@id\":\"https:\/\/clearwaterind.com\/fr\/conseils\/\",\"url\":\"https:\/\/clearwaterind.com\/fr\/conseils\/\",\"name\":\"Conseil en traitement des eaux us\u00e9es\",\"isPartOf\":{\"@id\":\"https:\/\/clearwaterind.com\/fr\/#website\"},\"datePublished\":\"2022-08-01T01:43:34+00:00\",\"dateModified\":\"2022-09-12T22:29:54+00:00\",\"description\":\"Nous offre des services de conseil en mati\u00e8re d\u2019eaux us\u00e9es pour l'analyse de site, la conception de bassins de d\u00e9cantation et les \u00e9tudes de faisabilit\u00e9.\",\"breadcrumb\":{\"@id\":\"https:\/\/clearwaterind.com\/fr\/conseils\/#breadcrumb\"},\"inLanguage\":\"fr-FR\",\"potentialAction\":[{\"@type\":\"ReadAction\",\"target\":[\"https:\/\/clearwaterind.com\/fr\/conseils\/\"]}]},{\"@type\":\"BreadcrumbList\",\"@id\":\"https:\/\/clearwaterind.com\/fr\/conseils\/#breadcrumb\",\"itemListElement\":[{\"@type\":\"ListItem\",\"position\":1,\"name\":\"Home\",\"item\":\"https:\/\/clearwaterind.com\/fr\/\"},{\"@type\":\"ListItem\",\"position\":2,\"name\":\"Conseils\"}]},{\"@type\":\"WebSite\",\"@id\":\"https:\/\/clearwaterind.com\/fr\/#website\",\"url\":\"https:\/\/clearwaterind.com\/fr\/\",\"name\":\"Clearwater Industries, Inc.\",\"description\":\"\",\"publisher\":{\"@id\":\"https:\/\/clearwaterind.com\/fr\/#organization\"},\"potentialAction\":[{\"@type\":\"SearchAction\",\"target\":{\"@type\":\"EntryPoint\",\"urlTemplate\":\"https:\/\/clearwaterind.com\/fr\/?s={search_term_string}\"},\"query-input\":{\"@type\":\"PropertyValueSpecification\",\"valueRequired\":true,\"valueName\":\"search_term_string\"}}],\"inLanguage\":\"fr-FR\"},{\"@type\":\"Organization\",\"@id\":\"https:\/\/clearwaterind.com\/fr\/#organization\",\"name\":\"Clearwater Industries, Inc.\",\"url\":\"https:\/\/clearwaterind.com\/fr\/\",\"logo\":{\"@type\":\"ImageObject\",\"inLanguage\":\"fr-FR\",\"@id\":\"https:\/\/clearwaterind.com\/fr\/#\/schema\/logo\/image\/\",\"url\":\"https:\/\/clearwaterind.com\/wp-content\/uploads\/2020\/07\/Clearwater-logo-mob.png\",\"contentUrl\":\"https:\/\/clearwaterind.com\/wp-content\/uploads\/2020\/07\/Clearwater-logo-mob.png\",\"width\":250,\"height\":69,\"caption\":\"Clearwater Industries, Inc.\"},\"image\":{\"@id\":\"https:\/\/clearwaterind.com\/fr\/#\/schema\/logo\/image\/\"},\"sameAs\":[\"https:\/\/www.facebook.com\/ClearwaterMKE\",\"https:\/\/www.instagram.com\/clearwater_ind\/?hl=en\",\"https:\/\/www.linkedin.com\/company\/clearwater-industries\/\",\"https:\/\/www.youtube.com\/channel\/UCTG-XLxezfQuoqQMs7hRLoA\"]}]}<\/script>\n<!-- \/ Yoast SEO plugin. -->","yoast_head_json":{"title":"Conseil en traitement des eaux us\u00e9es","description":"Nous offre des services de conseil en mati\u00e8re d\u2019eaux us\u00e9es pour l'analyse de site, la conception de bassins de d\u00e9cantation et les \u00e9tudes de faisabilit\u00e9.","robots":{"index":"index","follow":"follow","max-snippet":"max-snippet:-1","max-image-preview":"max-image-preview:large","max-video-preview":"max-video-preview:-1"},"canonical":"https:\/\/clearwaterind.com\/fr\/conseils\/","og_locale":"fr_FR","og_type":"article","og_title":"Conseil en traitement des eaux us\u00e9es","og_description":"Nous offre des services de conseil en mati\u00e8re d\u2019eaux us\u00e9es pour l'analyse de site, la conception de bassins de d\u00e9cantation et les \u00e9tudes de faisabilit\u00e9.","og_url":"https:\/\/clearwaterind.com\/fr\/conseils\/","og_site_name":"Clearwater Industries, Inc.","article_publisher":"https:\/\/www.facebook.com\/ClearwaterMKE","article_modified_time":"2022-09-12T22:29:54+00:00","twitter_card":"summary_large_image","twitter_misc":{"Dur\u00e9e de lecture estim\u00e9e":"4 minutes"},"schema":{"@context":"https:\/\/schema.org","@graph":[{"@type":"WebPage","@id":"https:\/\/clearwaterind.com\/fr\/conseils\/","url":"https:\/\/clearwaterind.com\/fr\/conseils\/","name":"Conseil en traitement des eaux us\u00e9es","isPartOf":{"@id":"https:\/\/clearwaterind.com\/fr\/#website"},"datePublished":"2022-08-01T01:43:34+00:00","dateModified":"2022-09-12T22:29:54+00:00","description":"Nous offre des services de conseil en mati\u00e8re d\u2019eaux us\u00e9es pour l'analyse de site, la conception de bassins de d\u00e9cantation et les \u00e9tudes de faisabilit\u00e9.","breadcrumb":{"@id":"https:\/\/clearwaterind.com\/fr\/conseils\/#breadcrumb"},"inLanguage":"fr-FR","potentialAction":[{"@type":"ReadAction","target":["https:\/\/clearwaterind.com\/fr\/conseils\/"]}]},{"@type":"BreadcrumbList","@id":"https:\/\/clearwaterind.com\/fr\/conseils\/#breadcrumb","itemListElement":[{"@type":"ListItem","position":1,"name":"Home","item":"https:\/\/clearwaterind.com\/fr\/"},{"@type":"ListItem","position":2,"name":"Conseils"}]},{"@type":"WebSite","@id":"https:\/\/clearwaterind.com\/fr\/#website","url":"https:\/\/clearwaterind.com\/fr\/","name":"Clearwater Industries, Inc.","description":"","publisher":{"@id":"https:\/\/clearwaterind.com\/fr\/#organization"},"potentialAction":[{"@type":"SearchAction","target":{"@type":"EntryPoint","urlTemplate":"https:\/\/clearwaterind.com\/fr\/?s={search_term_string}"},"query-input":{"@type":"PropertyValueSpecification","valueRequired":true,"valueName":"search_term_string"}}],"inLanguage":"fr-FR"},{"@type":"Organization","@id":"https:\/\/clearwaterind.com\/fr\/#organization","name":"Clearwater Industries, Inc.","url":"https:\/\/clearwaterind.com\/fr\/","logo":{"@type":"ImageObject","inLanguage":"fr-FR","@id":"https:\/\/clearwaterind.com\/fr\/#\/schema\/logo\/image\/","url":"https:\/\/clearwaterind.com\/wp-content\/uploads\/2020\/07\/Clearwater-logo-mob.png","contentUrl":"https:\/\/clearwaterind.com\/wp-content\/uploads\/2020\/07\/Clearwater-logo-mob.png","width":250,"height":69,"caption":"Clearwater Industries, Inc."},"image":{"@id":"https:\/\/clearwaterind.com\/fr\/#\/schema\/logo\/image\/"},"sameAs":["https:\/\/www.facebook.com\/ClearwaterMKE","https:\/\/www.instagram.com\/clearwater_ind\/?hl=en","https:\/\/www.linkedin.com\/company\/clearwater-industries\/","https:\/\/www.youtube.com\/channel\/UCTG-XLxezfQuoqQMs7hRLoA"]}]}},"_links":{"self":[{"href":"https:\/\/clearwaterind.com\/fr\/wp-json\/wp\/v2\/pages\/2927","targetHints":{"allow":["GET"]}}],"collection":[{"href":"https:\/\/clearwaterind.com\/fr\/wp-json\/wp\/v2\/pages"}],"about":[{"href":"https:\/\/clearwaterind.com\/fr\/wp-json\/wp\/v2\/types\/page"}],"author":[{"embeddable":true,"href":"https:\/\/clearwaterind.com\/fr\/wp-json\/wp\/v2\/users\/2"}],"replies":[{"embeddable":true,"href":"https:\/\/clearwaterind.com\/fr\/wp-json\/wp\/v2\/comments?post=2927"}],"version-history":[{"count":0,"href":"https:\/\/clearwaterind.com\/fr\/wp-json\/wp\/v2\/pages\/2927\/revisions"}],"wp:attachment":[{"href":"https:\/\/clearwaterind.com\/fr\/wp-json\/wp\/v2\/media?parent=2927"}],"curies":[{"name":"wp","href":"https:\/\/api.w.org\/{rel}","templated":true}]}}