{"id":2926,"date":"2022-08-01T01:43:34","date_gmt":"2022-08-01T01:43:34","guid":{"rendered":"https:\/\/clearwaterind.com\/clarificateurs\/"},"modified":"2022-09-12T22:03:00","modified_gmt":"2022-09-12T22:03:00","slug":"clarificateurs","status":"publish","type":"page","link":"https:\/\/clearwaterind.com\/fr\/clarificateurs\/","title":{"rendered":"Clarificateurs"},"content":{"rendered":"<div class=\"fusion-fullwidth fullwidth-box fusion-builder-row-1 nonhundred-percent-fullwidth non-hundred-percent-height-scrolling\" style=\"--awb-border-radius-top-left:0px;--awb-border-radius-top-right:0px;--awb-border-radius-bottom-right:0px;--awb-border-radius-bottom-left:0px;--awb-flex-wrap:wrap;\" ><div class=\"fusion-builder-row fusion-row\"><div class=\"fusion-layout-column fusion_builder_column fusion-builder-column-0 fusion_builder_column_1_2 1_2 fusion-one-half fusion-column-first\" style=\"--awb-bg-size:cover;width:50%;width:calc(50% - ( ( 4% ) * 0.5 ) );margin-right: 4%;\"><div class=\"fusion-column-wrapper fusion-column-has-shadow fusion-flex-column-wrapper-legacy\"><div class=\"fusion-text fusion-text-1\"><p><span style=\"font-weight: 400;\">Les clarificateurs et les \u00e9paississeurs simplifient et contiennent le processus de s\u00e9paration des solides de l\u2019eau.\u00a0 Le processus de s\u00e9paration vous permet d\u2019obtenir une \u00e9vacuation des boues \u00e9paisses et de renvoyer de l\u2019eau propre dans votre processus d\u2019exploitation.<\/span><\/p>\n<p><span style=\"font-weight: 400;\">Clearwater Industries fabrique des clarificateurs d\u2019eau <a href=\"https:\/\/youtu.be\/8HyQXZLwXi8\" target=\"_blank\" rel=\"noopener\">portables<\/a> et <a href=\"https:\/\/youtu.be\/RY1Jzfegvcg\" target=\"_blank\" rel=\"noopener\">stationnaires<\/a> depuis plus de 25 ans.\u00a0 Nos clarificateurs stationnaires \u00e0 haut degr\u00e9 de compactage atteignent plus de 65 % de solides en poids, et nos conceptions \u00e9volutives traitent des d\u00e9bits d\u2019eau de traitement de 300-30,000 GPM.<\/span><\/p>\n<p><span style=\"font-weight: 400;\">Nous affinons continuellement nos conceptions pour maximiser les performances et garantir un fonctionnement fiable.\u00a0 La construction robuste et la conception \u00e9l\u00e9gante maintiennent la bonne marche de vos op\u00e9rations, minimisent l\u2019attention de l\u2019op\u00e9rateur et vous assurent de toujours disposer d\u2019une eau propre.<\/span><\/p>\n<\/div><div class=\"fusion-sep-clear\"><\/div><div class=\"fusion-separator fusion-full-width-sep\" style=\"margin-left: auto;margin-right: auto;margin-top:5px;margin-bottom:5px;width:100%;\"><\/div><div class=\"fusion-sep-clear\"><\/div><div class=\"fusion-align-block\"><a class=\"fusion-button button-flat button-xlarge button-custom fusion-button-default button-1 fusion-button-span-yes \" style=\"--button_accent_color:#ffffff;--button_accent_hover_color:#ffffff;--button_border_hover_color:#ffffff;--button_gradient_top_color:#004990;--button_gradient_bottom_color:#004990;--button_gradient_top_color_hover:#004990;--button_gradient_bottom_color_hover:#004990;--button_text_transform:uppercase;\" target=\"_self\" href=\"https:\/\/clearwaterind.com\/fr\/clarificateurs\/clarificateurs-deau-stationnaires\/\"><span class=\"fusion-button-text awb-button__text awb-button__text--default\">Stationnaire<\/span><\/a><\/div><div class=\"fusion-sep-clear\"><\/div><div class=\"fusion-separator fusion-full-width-sep\" style=\"margin-left: auto;margin-right: auto;margin-top:5px;margin-bottom:5px;width:100%;\"><\/div><div class=\"fusion-sep-clear\"><\/div><div class=\"fusion-align-block\"><a class=\"fusion-button button-flat button-xlarge button-custom fusion-button-default button-2 fusion-button-span-yes \" style=\"--button_accent_color:#ffffff;--button_accent_hover_color:#ffffff;--button_border_hover_color:#ffffff;--button_gradient_top_color:#004990;--button_gradient_bottom_color:#004990;--button_gradient_top_color_hover:#004990;--button_gradient_bottom_color_hover:#004990;--button_text_transform:uppercase;\" target=\"_self\" href=\"https:\/\/clearwaterind.com\/fr\/clarificateurs\/clarificateurs-deau-portables\/\"><span class=\"fusion-button-text awb-button__text awb-button__text--default\">Portable<\/span><\/a><\/div><div class=\"fusion-sep-clear\"><\/div><div class=\"fusion-separator fusion-full-width-sep\" style=\"margin-left: auto;margin-right: auto;margin-top:5px;margin-bottom:5px;width:100%;\"><\/div><div class=\"fusion-sep-clear\"><\/div><div class=\"fusion-align-block\"><a class=\"fusion-button button-flat button-xlarge button-custom fusion-button-default button-3 fusion-button-span-yes \" style=\"--button_accent_color:#ffffff;--button_accent_hover_color:#ffffff;--button_border_hover_color:#ffffff;--button_gradient_top_color:#004990;--button_gradient_bottom_color:#004990;--button_gradient_top_color_hover:#004990;--button_gradient_bottom_color_hover:#004990;--button_text_transform:uppercase;\" target=\"_self\" href=\"https:\/\/www.youtube.com\/user\/ClearwaterInd1\"><span class=\"fusion-button-text awb-button__text awb-button__text--default\">vid\u00e9os suppl\u00e9mentaires<\/span><\/a><\/div><div class=\"fusion-clearfix\"><\/div><\/div><\/div><div class=\"fusion-layout-column fusion_builder_column fusion-builder-column-1 fusion_builder_column_1_2 1_2 fusion-one-half fusion-column-last\" style=\"--awb-bg-size:cover;width:50%;width:calc(50% - ( ( 4% ) * 0.5 ) );\"><div class=\"fusion-column-wrapper fusion-column-has-shadow fusion-flex-column-wrapper-legacy\"><div class=\"fusion-video fusion-vimeo\" style=\"--awb-max-width:600px;--awb-max-height:360px;\"><div class=\"video-shortcode\"><div class=\"fluid-width-video-wrapper\" style=\"padding-top:60%;\" ><iframe title=\"Vimeo video player 1\" src=\"https:\/\/player.vimeo.com\/video\/429281369?autoplay=0&amp;autopause=0\" width=\"600\" height=\"360\" allowfullscreen allow=\"autoplay; fullscreen\"><\/iframe><\/div><\/div><\/div><div class=\"fusion-sep-clear\"><\/div><div class=\"fusion-separator fusion-full-width-sep\" style=\"margin-left: auto;margin-right: auto;margin-top:5px;margin-bottom:5px;width:100%;\"><\/div><div class=\"fusion-sep-clear\"><\/div><div class=\"fusion-image-carousel fusion-image-carousel-auto fusion-image-carousel-1 fusion-carousel-border\"><div class=\"awb-carousel awb-swiper awb-swiper-carousel awb-carousel--carousel awb-swiper-dots-position-bottom\" data-layout=\"carousel\" data-autoplay=\"no\" data-autoplayspeed=\"2500\" data-autoplaypause=\"no\" data-columns=\"1\" data-columnsmedium=\"1\" data-columnssmall=\"1\" data-itemmargin=\"13\" data-itemwidth=\"180\" data-touchscroll=\"no\" data-freemode=\"no\" data-imagesize=\"auto\" data-scrollitems=\"1\" data-centeredslides=\"no\" data-rotationangle=\"50\" data-depth=\"100\" data-speed=\"500\" data-shadow=\"no\" data-pagination=\"bullets\" style=\"--awb-columns:1;--awb-border-width:1px;--awb-border-color:#e9eaee;\"><div class=\"swiper-wrapper awb-image-carousel-wrapper fusion-flex-align-items-center\"><div class=\"swiper-slide\"><div class=\"fusion-carousel-item-wrapper\"><div class=\"fusion-image-wrapper hover-type-none\"><img decoding=\"async\" width=\"800\" height=\"500\" src=\"https:\/\/clearwaterind.com\/wp-content\/uploads\/2020\/11\/CW2000RPC-LSL-5.jpg\" class=\"attachment-full size-full lazyload\" alt=\"Trois clarificateurs d\u2019eau portables bleus sont install\u00e9s \u00e0 l\u2019ext\u00e9rieur sur un chantier.\" srcset=\"data:image\/svg+xml,%3Csvg%20xmlns%3D%27http%3A%2F%2Fwww.w3.org%2F2000%2Fsvg%27%20width%3D%27800%27%20height%3D%27500%27%20viewBox%3D%270%200%20800%20500%27%3E%3Crect%20width%3D%27800%27%20height%3D%27500%27%20fill-opacity%3D%220%22%2F%3E%3C%2Fsvg%3E\" data-orig-src=\"https:\/\/clearwaterind.com\/wp-content\/uploads\/2020\/11\/CW2000RPC-LSL-5.jpg\" data-srcset=\"https:\/\/clearwaterind.com\/wp-content\/uploads\/2020\/11\/CW2000RPC-LSL-5-200x125.jpg 200w, https:\/\/clearwaterind.com\/wp-content\/uploads\/2020\/11\/CW2000RPC-LSL-5-300x188.jpg 300w, https:\/\/clearwaterind.com\/wp-content\/uploads\/2020\/11\/CW2000RPC-LSL-5-400x250.jpg 400w, https:\/\/clearwaterind.com\/wp-content\/uploads\/2020\/11\/CW2000RPC-LSL-5-600x375.jpg 600w, https:\/\/clearwaterind.com\/wp-content\/uploads\/2020\/11\/CW2000RPC-LSL-5-768x480.jpg 768w, https:\/\/clearwaterind.com\/wp-content\/uploads\/2020\/11\/CW2000RPC-LSL-5.jpg 800w\" data-sizes=\"auto\" \/><\/div><\/div><\/div><div class=\"swiper-slide\"><div class=\"fusion-carousel-item-wrapper\"><div class=\"fusion-image-wrapper hover-type-none\"><img decoding=\"async\" width=\"800\" height=\"500\" src=\"https:\/\/clearwaterind.com\/wp-content\/uploads\/2020\/11\/Untitled.jpg\" class=\"attachment-full size-full lazyload\" alt=\"Un clarificateur d\u2019eau stationnaire \u00e0 haut degr\u00e9 de compaction, une chargeuse compacte CAT, un camion-citerne et des travailleurs en gilet de s\u00e9curit\u00e9 sur un site de production d\u2019agr\u00e9gats.\" srcset=\"data:image\/svg+xml,%3Csvg%20xmlns%3D%27http%3A%2F%2Fwww.w3.org%2F2000%2Fsvg%27%20width%3D%27800%27%20height%3D%27500%27%20viewBox%3D%270%200%20800%20500%27%3E%3Crect%20width%3D%27800%27%20height%3D%27500%27%20fill-opacity%3D%220%22%2F%3E%3C%2Fsvg%3E\" data-orig-src=\"https:\/\/clearwaterind.com\/wp-content\/uploads\/2020\/11\/Untitled.jpg\" data-srcset=\"https:\/\/clearwaterind.com\/wp-content\/uploads\/2020\/11\/Untitled-200x125.jpg 200w, https:\/\/clearwaterind.com\/wp-content\/uploads\/2020\/11\/Untitled-300x188.jpg 300w, https:\/\/clearwaterind.com\/wp-content\/uploads\/2020\/11\/Untitled-400x250.jpg 400w, https:\/\/clearwaterind.com\/wp-content\/uploads\/2020\/11\/Untitled-600x375.jpg 600w, https:\/\/clearwaterind.com\/wp-content\/uploads\/2020\/11\/Untitled-768x480.jpg 768w, https:\/\/clearwaterind.com\/wp-content\/uploads\/2020\/11\/Untitled.jpg 800w\" data-sizes=\"auto\" \/><\/div><\/div><\/div><div class=\"swiper-slide\"><div class=\"fusion-carousel-item-wrapper\"><div class=\"fusion-image-wrapper hover-type-none\"><img decoding=\"async\" width=\"800\" height=\"500\" src=\"https:\/\/clearwaterind.com\/wp-content\/uploads\/2020\/11\/CW2500LSL1-1.jpg\" class=\"attachment-full size-full lazyload\" alt=\"Une photo montrant sous un certain angle un grand clarificateur d\u2019eau stationnaire blanc avec un camion et d\u2019autres \u00e9quipements industriels sur un chantier.\" srcset=\"data:image\/svg+xml,%3Csvg%20xmlns%3D%27http%3A%2F%2Fwww.w3.org%2F2000%2Fsvg%27%20width%3D%27800%27%20height%3D%27500%27%20viewBox%3D%270%200%20800%20500%27%3E%3Crect%20width%3D%27800%27%20height%3D%27500%27%20fill-opacity%3D%220%22%2F%3E%3C%2Fsvg%3E\" data-orig-src=\"https:\/\/clearwaterind.com\/wp-content\/uploads\/2020\/11\/CW2500LSL1-1.jpg\" data-srcset=\"https:\/\/clearwaterind.com\/wp-content\/uploads\/2020\/11\/CW2500LSL1-1-200x125.jpg 200w, https:\/\/clearwaterind.com\/wp-content\/uploads\/2020\/11\/CW2500LSL1-1-300x188.jpg 300w, https:\/\/clearwaterind.com\/wp-content\/uploads\/2020\/11\/CW2500LSL1-1-400x250.jpg 400w, https:\/\/clearwaterind.com\/wp-content\/uploads\/2020\/11\/CW2500LSL1-1-600x375.jpg 600w, https:\/\/clearwaterind.com\/wp-content\/uploads\/2020\/11\/CW2500LSL1-1-768x480.jpg 768w, https:\/\/clearwaterind.com\/wp-content\/uploads\/2020\/11\/CW2500LSL1-1.jpg 800w\" data-sizes=\"auto\" \/><\/div><\/div><\/div><\/div><div class=\"awb-swiper-button awb-swiper-button-prev\"><i class=\"awb-icon-angle-left\" aria-hidden=\"true\"><\/i><\/div><div class=\"awb-swiper-button awb-swiper-button-next\"><i class=\"awb-icon-angle-right\" aria-hidden=\"true\"><\/i><\/div><\/div><\/div><div class=\"fusion-clearfix\"><\/div><\/div><\/div><\/div><\/div>\n","protected":false},"excerpt":{"rendered":"","protected":false},"author":2,"featured_media":0,"parent":0,"menu_order":8,"comment_status":"closed","ping_status":"closed","template":"","meta":{"footnotes":""},"class_list":["post-2926","page","type-page","status-publish","hentry"],"yoast_head":"<!-- This site is optimized with the Yoast SEO plugin v27.2 - https:\/\/yoast.com\/product\/yoast-seo-wordpress\/ -->\n<title>Clarificateurs D\u2019eau Industriel<\/title>\n<meta name=\"description\" content=\"Nos clarificateurs d\u2019eau portables et stationnaires \u00e9liminent les solides et renvoient l&#039;eau clarifi\u00e9e pour la r\u00e9utilisation.\" \/>\n<meta name=\"robots\" content=\"index, follow, max-snippet:-1, max-image-preview:large, max-video-preview:-1\" \/>\n<link rel=\"canonical\" href=\"https:\/\/clearwaterind.com\/fr\/clarificateurs\/\" \/>\n<meta property=\"og:locale\" content=\"fr_FR\" \/>\n<meta property=\"og:type\" content=\"article\" \/>\n<meta property=\"og:title\" content=\"Clarificateurs D\u2019eau Industriel\" \/>\n<meta property=\"og:description\" content=\"Nos clarificateurs d\u2019eau portables et stationnaires \u00e9liminent les solides et renvoient l&#039;eau clarifi\u00e9e pour la r\u00e9utilisation.\" \/>\n<meta property=\"og:url\" content=\"https:\/\/clearwaterind.com\/fr\/clarificateurs\/\" \/>\n<meta property=\"og:site_name\" content=\"Clearwater Industries, Inc.\" \/>\n<meta property=\"article:publisher\" content=\"https:\/\/www.facebook.com\/ClearwaterMKE\" \/>\n<meta property=\"article:modified_time\" content=\"2022-09-12T22:03:00+00:00\" \/>\n<meta name=\"twitter:card\" content=\"summary_large_image\" \/>\n<meta name=\"twitter:label1\" content=\"Dur\u00e9e de lecture estim\u00e9e\" \/>\n\t<meta name=\"twitter:data1\" content=\"2 minutes\" \/>\n<script type=\"application\/ld+json\" class=\"yoast-schema-graph\">{\"@context\":\"https:\/\/schema.org\",\"@graph\":[{\"@type\":\"WebPage\",\"@id\":\"https:\/\/clearwaterind.com\/fr\/clarificateurs\/\",\"url\":\"https:\/\/clearwaterind.com\/fr\/clarificateurs\/\",\"name\":\"Clarificateurs D\u2019eau Industriel\",\"isPartOf\":{\"@id\":\"https:\/\/clearwaterind.com\/fr\/#website\"},\"datePublished\":\"2022-08-01T01:43:34+00:00\",\"dateModified\":\"2022-09-12T22:03:00+00:00\",\"description\":\"Nos clarificateurs d\u2019eau portables et stationnaires \u00e9liminent les solides et renvoient l'eau clarifi\u00e9e pour la r\u00e9utilisation.\",\"breadcrumb\":{\"@id\":\"https:\/\/clearwaterind.com\/fr\/clarificateurs\/#breadcrumb\"},\"inLanguage\":\"fr-FR\",\"potentialAction\":[{\"@type\":\"ReadAction\",\"target\":[\"https:\/\/clearwaterind.com\/fr\/clarificateurs\/\"]}]},{\"@type\":\"BreadcrumbList\",\"@id\":\"https:\/\/clearwaterind.com\/fr\/clarificateurs\/#breadcrumb\",\"itemListElement\":[{\"@type\":\"ListItem\",\"position\":1,\"name\":\"Home\",\"item\":\"https:\/\/clearwaterind.com\/fr\/\"},{\"@type\":\"ListItem\",\"position\":2,\"name\":\"Clarificateurs\"}]},{\"@type\":\"WebSite\",\"@id\":\"https:\/\/clearwaterind.com\/fr\/#website\",\"url\":\"https:\/\/clearwaterind.com\/fr\/\",\"name\":\"Clearwater Industries, Inc.\",\"description\":\"\",\"publisher\":{\"@id\":\"https:\/\/clearwaterind.com\/fr\/#organization\"},\"potentialAction\":[{\"@type\":\"SearchAction\",\"target\":{\"@type\":\"EntryPoint\",\"urlTemplate\":\"https:\/\/clearwaterind.com\/fr\/?s={search_term_string}\"},\"query-input\":{\"@type\":\"PropertyValueSpecification\",\"valueRequired\":true,\"valueName\":\"search_term_string\"}}],\"inLanguage\":\"fr-FR\"},{\"@type\":\"Organization\",\"@id\":\"https:\/\/clearwaterind.com\/fr\/#organization\",\"name\":\"Clearwater Industries, Inc.\",\"url\":\"https:\/\/clearwaterind.com\/fr\/\",\"logo\":{\"@type\":\"ImageObject\",\"inLanguage\":\"fr-FR\",\"@id\":\"https:\/\/clearwaterind.com\/fr\/#\/schema\/logo\/image\/\",\"url\":\"https:\/\/clearwaterind.com\/wp-content\/uploads\/2020\/07\/Clearwater-logo-mob.png\",\"contentUrl\":\"https:\/\/clearwaterind.com\/wp-content\/uploads\/2020\/07\/Clearwater-logo-mob.png\",\"width\":250,\"height\":69,\"caption\":\"Clearwater Industries, Inc.\"},\"image\":{\"@id\":\"https:\/\/clearwaterind.com\/fr\/#\/schema\/logo\/image\/\"},\"sameAs\":[\"https:\/\/www.facebook.com\/ClearwaterMKE\",\"https:\/\/www.instagram.com\/clearwater_ind\/?hl=en\",\"https:\/\/www.linkedin.com\/company\/clearwater-industries\/\",\"https:\/\/www.youtube.com\/channel\/UCTG-XLxezfQuoqQMs7hRLoA\"]}]}<\/script>\n<!-- \/ Yoast SEO plugin. -->","yoast_head_json":{"title":"Clarificateurs D\u2019eau Industriel","description":"Nos clarificateurs d\u2019eau portables et stationnaires \u00e9liminent les solides et renvoient l'eau clarifi\u00e9e pour la r\u00e9utilisation.","robots":{"index":"index","follow":"follow","max-snippet":"max-snippet:-1","max-image-preview":"max-image-preview:large","max-video-preview":"max-video-preview:-1"},"canonical":"https:\/\/clearwaterind.com\/fr\/clarificateurs\/","og_locale":"fr_FR","og_type":"article","og_title":"Clarificateurs D\u2019eau Industriel","og_description":"Nos clarificateurs d\u2019eau portables et stationnaires \u00e9liminent les solides et renvoient l'eau clarifi\u00e9e pour la r\u00e9utilisation.","og_url":"https:\/\/clearwaterind.com\/fr\/clarificateurs\/","og_site_name":"Clearwater Industries, Inc.","article_publisher":"https:\/\/www.facebook.com\/ClearwaterMKE","article_modified_time":"2022-09-12T22:03:00+00:00","twitter_card":"summary_large_image","twitter_misc":{"Dur\u00e9e de lecture estim\u00e9e":"2 minutes"},"schema":{"@context":"https:\/\/schema.org","@graph":[{"@type":"WebPage","@id":"https:\/\/clearwaterind.com\/fr\/clarificateurs\/","url":"https:\/\/clearwaterind.com\/fr\/clarificateurs\/","name":"Clarificateurs D\u2019eau Industriel","isPartOf":{"@id":"https:\/\/clearwaterind.com\/fr\/#website"},"datePublished":"2022-08-01T01:43:34+00:00","dateModified":"2022-09-12T22:03:00+00:00","description":"Nos clarificateurs d\u2019eau portables et stationnaires \u00e9liminent les solides et renvoient l'eau clarifi\u00e9e pour la r\u00e9utilisation.","breadcrumb":{"@id":"https:\/\/clearwaterind.com\/fr\/clarificateurs\/#breadcrumb"},"inLanguage":"fr-FR","potentialAction":[{"@type":"ReadAction","target":["https:\/\/clearwaterind.com\/fr\/clarificateurs\/"]}]},{"@type":"BreadcrumbList","@id":"https:\/\/clearwaterind.com\/fr\/clarificateurs\/#breadcrumb","itemListElement":[{"@type":"ListItem","position":1,"name":"Home","item":"https:\/\/clearwaterind.com\/fr\/"},{"@type":"ListItem","position":2,"name":"Clarificateurs"}]},{"@type":"WebSite","@id":"https:\/\/clearwaterind.com\/fr\/#website","url":"https:\/\/clearwaterind.com\/fr\/","name":"Clearwater Industries, Inc.","description":"","publisher":{"@id":"https:\/\/clearwaterind.com\/fr\/#organization"},"potentialAction":[{"@type":"SearchAction","target":{"@type":"EntryPoint","urlTemplate":"https:\/\/clearwaterind.com\/fr\/?s={search_term_string}"},"query-input":{"@type":"PropertyValueSpecification","valueRequired":true,"valueName":"search_term_string"}}],"inLanguage":"fr-FR"},{"@type":"Organization","@id":"https:\/\/clearwaterind.com\/fr\/#organization","name":"Clearwater Industries, Inc.","url":"https:\/\/clearwaterind.com\/fr\/","logo":{"@type":"ImageObject","inLanguage":"fr-FR","@id":"https:\/\/clearwaterind.com\/fr\/#\/schema\/logo\/image\/","url":"https:\/\/clearwaterind.com\/wp-content\/uploads\/2020\/07\/Clearwater-logo-mob.png","contentUrl":"https:\/\/clearwaterind.com\/wp-content\/uploads\/2020\/07\/Clearwater-logo-mob.png","width":250,"height":69,"caption":"Clearwater Industries, Inc."},"image":{"@id":"https:\/\/clearwaterind.com\/fr\/#\/schema\/logo\/image\/"},"sameAs":["https:\/\/www.facebook.com\/ClearwaterMKE","https:\/\/www.instagram.com\/clearwater_ind\/?hl=en","https:\/\/www.linkedin.com\/company\/clearwater-industries\/","https:\/\/www.youtube.com\/channel\/UCTG-XLxezfQuoqQMs7hRLoA"]}]}},"_links":{"self":[{"href":"https:\/\/clearwaterind.com\/fr\/wp-json\/wp\/v2\/pages\/2926","targetHints":{"allow":["GET"]}}],"collection":[{"href":"https:\/\/clearwaterind.com\/fr\/wp-json\/wp\/v2\/pages"}],"about":[{"href":"https:\/\/clearwaterind.com\/fr\/wp-json\/wp\/v2\/types\/page"}],"author":[{"embeddable":true,"href":"https:\/\/clearwaterind.com\/fr\/wp-json\/wp\/v2\/users\/2"}],"replies":[{"embeddable":true,"href":"https:\/\/clearwaterind.com\/fr\/wp-json\/wp\/v2\/comments?post=2926"}],"version-history":[{"count":0,"href":"https:\/\/clearwaterind.com\/fr\/wp-json\/wp\/v2\/pages\/2926\/revisions"}],"wp:attachment":[{"href":"https:\/\/clearwaterind.com\/fr\/wp-json\/wp\/v2\/media?parent=2926"}],"curies":[{"name":"wp","href":"https:\/\/api.w.org\/{rel}","templated":true}]}}