{"id":2918,"date":"2022-08-01T01:42:33","date_gmt":"2022-08-01T01:42:33","guid":{"rendered":"https:\/\/clearwaterind.com\/faq\/"},"modified":"2022-09-12T22:32:45","modified_gmt":"2022-09-12T22:32:45","slug":"faq","status":"publish","type":"page","link":"https:\/\/clearwaterind.com\/fr\/faq\/","title":{"rendered":"FAQ"},"content":{"rendered":"<div class=\"fusion-fullwidth fullwidth-box fusion-builder-row-1 nonhundred-percent-fullwidth non-hundred-percent-height-scrolling\" style=\"--awb-border-radius-top-left:0px;--awb-border-radius-top-right:0px;--awb-border-radius-bottom-right:0px;--awb-border-radius-bottom-left:0px;--awb-flex-wrap:wrap;\" ><div class=\"fusion-builder-row fusion-row\"><div class=\"fusion-layout-column fusion_builder_column fusion-builder-column-0 fusion_builder_column_1_1 1_1 fusion-one-full fusion-column-first fusion-column-last\" style=\"--awb-bg-size:cover;\"><div class=\"fusion-column-wrapper fusion-column-has-shadow fusion-flex-column-wrapper-legacy\"><div class=\"accordian fusion-accordian\" style=\"--awb-border-size:1px;--awb-icon-size:20px;--awb-content-font-size:19px;--awb-icon-alignment:left;--awb-hover-color:#f9f9f9;--awb-border-color:#cccccc;--awb-background-color:#ffffff;--awb-divider-color:#e0dede;--awb-divider-hover-color:#e0dede;--awb-icon-color:#ffffff;--awb-title-color:#004990;--awb-content-color:#292829;--awb-icon-box-color:#333333;--awb-toggle-hover-accent-color:#0045a0;--awb-title-font-family:&quot;Cardo&quot;;--awb-title-font-weight:400;--awb-title-font-style:normal;--awb-content-font-family:&quot;Source Sans Pro&quot;;--awb-content-font-style:normal;--awb-content-font-weight:400;\"><div class=\"panel-group fusion-toggle-icon-boxed\" id=\"accordion-2918-1\"><div class=\"fusion-panel panel-default panel-6dc3a72f8f7195e72 fusion-toggle-has-divider\"><div class=\"panel-heading\"><h4 class=\"panel-title toggle\" id=\"toggle_6dc3a72f8f7195e72\"><a aria-expanded=\"false\" aria-controls=\"6dc3a72f8f7195e72\" role=\"button\" data-toggle=\"collapse\" data-parent=\"#accordion-2918-1\" data-target=\"#6dc3a72f8f7195e72\" href=\"#6dc3a72f8f7195e72\"><span class=\"fusion-toggle-icon-wrapper\" aria-hidden=\"true\"><i class=\"fa-fusion-box active-icon awb-icon-minus\" aria-hidden=\"true\"><\/i><i class=\"fa-fusion-box inactive-icon awb-icon-plus\" aria-hidden=\"true\"><\/i><\/span><span class=\"fusion-toggle-heading\">Que sont les polym\u00e8res ou les floculants?<\/span><\/a><\/h4><\/div><div id=\"6dc3a72f8f7195e72\" class=\"panel-collapse collapse \" aria-labelledby=\"toggle_6dc3a72f8f7195e72\"><div class=\"panel-body toggle-content fusion-clearfix\">\n<p>Le terme polym\u00e8re est un terme g\u00e9n\u00e9rique qui s\u2019applique aux grandes mol\u00e9cules fabriqu\u00e9es par l\u2019homme et constitu\u00e9es d\u2019une cha\u00eene r\u00e9p\u00e9titive d\u2019atomes. Les floculants sont un type de polym\u00e8re. Les floculants les plus performants dans l\u2019industrie des agr\u00e9gats sont g\u00e9n\u00e9ralement des polyacrylamides anioniques. Ces floculants utilisent une attraction ionique pour former un pont de particules fines en un plus grand conglom\u00e9rat de solides qui se d\u00e9posent rapidement.<\/p>\n<\/div><\/div><\/div><div class=\"fusion-panel panel-default panel-2fc837caba4b4615f fusion-toggle-has-divider\"><div class=\"panel-heading\"><h4 class=\"panel-title toggle\" id=\"toggle_2fc837caba4b4615f\"><a aria-expanded=\"false\" aria-controls=\"2fc837caba4b4615f\" role=\"button\" data-toggle=\"collapse\" data-parent=\"#accordion-2918-1\" data-target=\"#2fc837caba4b4615f\" href=\"#2fc837caba4b4615f\"><span class=\"fusion-toggle-icon-wrapper\" aria-hidden=\"true\"><i class=\"fa-fusion-box active-icon awb-icon-minus\" aria-hidden=\"true\"><\/i><i class=\"fa-fusion-box inactive-icon awb-icon-plus\" aria-hidden=\"true\"><\/i><\/span><span class=\"fusion-toggle-heading\">Les floculants peuvent-ils \u00eatre utilis\u00e9s sans danger dans mon eau de fabrication?<\/span><\/a><\/h4><\/div><div id=\"2fc837caba4b4615f\" class=\"panel-collapse collapse \" aria-labelledby=\"toggle_2fc837caba4b4615f\"><div class=\"panel-body toggle-content fusion-clearfix\">\n<p>Oui, les polyacrylamides secs sont tr\u00e8s s\u00e9curitaires. L\u2019EPA et les responsables locaux de l\u2019environnement autorisent g\u00e9n\u00e9ralement leur utilisation.\u00a0 Certains floculants en \u00e9mulsion (liquides) sont plus \u00e9troitement surveill\u00e9s, car ils contiennent des agents de surface et des hydrocarbures.\u00a0 Dans les applications d\u2019eau potable, on utilise un floculant \u00ab\u00a0GRAS\u00a0\u00bb (g\u00e9n\u00e9ralement reconnu inoffensif ), qui contient tr\u00e8s peu de monom\u00e8res libres.<\/p>\n<\/div><\/div><\/div><div class=\"fusion-panel panel-default panel-17fd2b8341540e25d fusion-toggle-has-divider\"><div class=\"panel-heading\"><h4 class=\"panel-title toggle\" id=\"toggle_17fd2b8341540e25d\"><a aria-expanded=\"false\" aria-controls=\"17fd2b8341540e25d\" role=\"button\" data-toggle=\"collapse\" data-parent=\"#accordion-2918-1\" data-target=\"#17fd2b8341540e25d\" href=\"#17fd2b8341540e25d\"><span class=\"fusion-toggle-icon-wrapper\" aria-hidden=\"true\"><i class=\"fa-fusion-box active-icon awb-icon-minus\" aria-hidden=\"true\"><\/i><i class=\"fa-fusion-box inactive-icon awb-icon-plus\" aria-hidden=\"true\"><\/i><\/span><span class=\"fusion-toggle-heading\">Les floculants sont-ils n\u00e9cessaires dans les exploitations d\u2019agr\u00e9gats?<\/span><\/a><\/h4><\/div><div id=\"17fd2b8341540e25d\" class=\"panel-collapse collapse \" aria-labelledby=\"toggle_17fd2b8341540e25d\"><div class=\"panel-body toggle-content fusion-clearfix\">\n<p>Cela d\u00e9pend de la vitesse de d\u00e9cantation des particules dans les eaux de lavage ainsi que des ressources en eau et en sols disponibles.\u00a0 Les fines non trait\u00e9es peuvent mettre des mois, voire des ann\u00e9es \u00e0 se d\u00e9poser naturellement.\u00a0 L\u2019utilisation de floculants, quant \u00e0 elle, facilite la d\u00e9cantation rapide des solides en quelques instants.\u00a0 Le processus de lavage peut ainsi devenir un syst\u00e8me en circuit ferm\u00e9 n\u00e9cessitant tr\u00e8s peu d\u2019eau d\u2019appoint.\u00a0 Les solides g\u00e9n\u00e9r\u00e9s par les polym\u00e8res sont \u00e9galement beaucoup plus faciles \u00e0 manipuler.\u00a0 Les polym\u00e8res sont \u00e9galement essentiels lorsque l\u2019on utilise<strong>\u00a0<\/strong>des \u00e9paississeurs, clarificateurs et presses \u00e0 bandes.<\/p>\n<\/div><\/div><\/div><div class=\"fusion-panel panel-default panel-242f47117e8e21eb4 fusion-toggle-has-divider\"><div class=\"panel-heading\"><h4 class=\"panel-title toggle\" id=\"toggle_242f47117e8e21eb4\"><a aria-expanded=\"false\" aria-controls=\"242f47117e8e21eb4\" role=\"button\" data-toggle=\"collapse\" data-parent=\"#accordion-2918-1\" data-target=\"#242f47117e8e21eb4\" href=\"#242f47117e8e21eb4\"><span class=\"fusion-toggle-icon-wrapper\" aria-hidden=\"true\"><i class=\"fa-fusion-box active-icon awb-icon-minus\" aria-hidden=\"true\"><\/i><i class=\"fa-fusion-box inactive-icon awb-icon-plus\" aria-hidden=\"true\"><\/i><\/span><span class=\"fusion-toggle-heading\">Pourquoi voudrais-je ajouter des floculants \u00e0 l\u2019eau de fabrication qui va dans mes bassins de d\u00e9cantation?<\/span><\/a><\/h4><\/div><div id=\"242f47117e8e21eb4\" class=\"panel-collapse collapse \" aria-labelledby=\"toggle_242f47117e8e21eb4\"><div class=\"panel-body toggle-content fusion-clearfix\">\n<p>Les floculants font que toutes les mati\u00e8res fines en suspension dans votre eau sale tombent imm\u00e9diatement au fond du premier bassin.\u00a0 Cette d\u00e9cantation se produit g\u00e9n\u00e9ralement dans un rayon de 30\u00a0pi autour du tuyau de d\u00e9versement vers l\u2019\u00e9tang.\u00a0 En r\u00e8gle g\u00e9n\u00e9rale, seule l\u2019eau propre quittera le premier bassin; vous pouvez donc fermer tous les bassins suppl\u00e9mentaires, ce qui r\u00e9duit votre empreinte globale de traitement de l\u2019eau. Les solides sont \u00e9galement beaucoup plus concentr\u00e9s et compact\u00e9s et, par cons\u00e9quent, plus faciles \u00e0 d\u00e9placer.\u00a0 Lorsque vous nettoyez le bassin avec une pelle r\u00e9trocaveuse, vous obtiendrez une plus grande quantit\u00e9 de mat\u00e9riau \u00e0 chaque pelletage, et la boue s\u00e9chera plus rapidement que la boue non flocul\u00e9e.<\/p>\n<\/div><\/div><\/div><div class=\"fusion-panel panel-default panel-d19ee86a1a8ea4d42 fusion-toggle-has-divider\"><div class=\"panel-heading\"><h4 class=\"panel-title toggle\" id=\"toggle_d19ee86a1a8ea4d42\"><a aria-expanded=\"false\" aria-controls=\"d19ee86a1a8ea4d42\" role=\"button\" data-toggle=\"collapse\" data-parent=\"#accordion-2918-1\" data-target=\"#d19ee86a1a8ea4d42\" href=\"#d19ee86a1a8ea4d42\"><span class=\"fusion-toggle-icon-wrapper\" aria-hidden=\"true\"><i class=\"fa-fusion-box active-icon awb-icon-minus\" aria-hidden=\"true\"><\/i><i class=\"fa-fusion-box inactive-icon awb-icon-plus\" aria-hidden=\"true\"><\/i><\/span><span class=\"fusion-toggle-heading\">Tous les floculants sont-ils identiques ou similaires?<\/span><\/a><\/h4><\/div><div id=\"d19ee86a1a8ea4d42\" class=\"panel-collapse collapse \" aria-labelledby=\"toggle_d19ee86a1a8ea4d42\"><div class=\"panel-body toggle-content fusion-clearfix\">\n<p>Les floculants varient sur quelques points essentiels, notamment leur poids mol\u00e9culaire et la fr\u00e9quence des sites de liaison.\u00a0 Pour isoler les produits chimiques les plus performants, il faut effectuer un <a href=\"https:\/\/clearwaterind.com\/fr\/essai-de-floculation\/\" target=\"_blank\" rel=\"noopener noreferrer\">essai de floculation<\/a> approfondi.\u00a0 Clearwater Industries effectue ce test gratuitement.\u00a0 Une fois que nous avons identifi\u00e9 le ou les polym\u00e8res les plus performants, nous fournissons un lien vid\u00e9o priv\u00e9 montrant la chimie de la d\u00e9cantation des solides en temps r\u00e9el.<\/p>\n<\/div><\/div><\/div><div class=\"fusion-panel panel-default panel-5b7f9aefa1b4ce6c6 fusion-toggle-has-divider\"><div class=\"panel-heading\"><h4 class=\"panel-title toggle\" id=\"toggle_5b7f9aefa1b4ce6c6\"><a aria-expanded=\"false\" aria-controls=\"5b7f9aefa1b4ce6c6\" role=\"button\" data-toggle=\"collapse\" data-parent=\"#accordion-2918-1\" data-target=\"#5b7f9aefa1b4ce6c6\" href=\"#5b7f9aefa1b4ce6c6\"><span class=\"fusion-toggle-icon-wrapper\" aria-hidden=\"true\"><i class=\"fa-fusion-box active-icon awb-icon-minus\" aria-hidden=\"true\"><\/i><i class=\"fa-fusion-box inactive-icon awb-icon-plus\" aria-hidden=\"true\"><\/i><\/span><span class=\"fusion-toggle-heading\">J\u2019ai entendu parler de floculants liquides et secs; quelle est la diff\u00e9rence?<\/span><\/a><\/h4><\/div><div id=\"5b7f9aefa1b4ce6c6\" class=\"panel-collapse collapse \" aria-labelledby=\"toggle_5b7f9aefa1b4ce6c6\"><div class=\"panel-body toggle-content fusion-clearfix\">\n<p>Les floculants secs se pr\u00e9sentent sous forme de billes ou de poudre.\u00a0 Ils sont g\u00e9n\u00e9ralement vendus en sacs de 55\u00a0lb ou en grands ou \u00e9normes sacs de 1650\u00a0lb.\u00a0 Les floculants secs sont blancs et ressemblent \u00e0 du d\u00e9tergent en poudre.\u00a0 Ces floculants sont actifs \u00e0 plus de 90\u00a0% et doivent \u00eatre activ\u00e9s et vieillis correctement pour atteindre une efficacit\u00e9 maximale.\u00a0 Nous recommandons une concentration de solution de 0,1\u00a0% \u00e0 0,25\u00a0%. Les polym\u00e8res liquides sont g\u00e9n\u00e9ralement des \u00e9mulsions de polyacrylamide.\u00a0 Ces floculants sont pr\u00e9activ\u00e9s et mis en suspension dans une \u00e9mulsion eau\/huile.\u00a0 Ce processus est n\u00e9cessaire pour que le floculant ne se d\u00e9roule pas ou ne se d\u00e9sagr\u00e8ge pas avant que cela soit n\u00e9cessaire.\u00a0 L\u2019\u00e9mulsion ne se disperse pas et ne se dissout pas lorsqu\u2019elle est m\u00e9lang\u00e9e \u00e0 l\u2019eau. C\u2019est pourquoi le fabricant ajoute un agent tensioactif hydrophile (semblable au savon \u00e0 vaisselle) qui inverse l\u2019\u00e9mulsion.\u00a0 En fonction des variables d\u2019une application sp\u00e9cifique, Clearwater Industries recommandera lesquels des floculants secs ou liquides sont plus rentables.<\/p>\n<\/div><\/div><\/div><div class=\"fusion-panel panel-default panel-e3c2ad85f2a87935b fusion-toggle-has-divider\"><div class=\"panel-heading\"><h4 class=\"panel-title toggle\" id=\"toggle_e3c2ad85f2a87935b\"><a aria-expanded=\"false\" aria-controls=\"e3c2ad85f2a87935b\" role=\"button\" data-toggle=\"collapse\" data-parent=\"#accordion-2918-1\" data-target=\"#e3c2ad85f2a87935b\" href=\"#e3c2ad85f2a87935b\"><span class=\"fusion-toggle-icon-wrapper\" aria-hidden=\"true\"><i class=\"fa-fusion-box active-icon awb-icon-minus\" aria-hidden=\"true\"><\/i><i class=\"fa-fusion-box inactive-icon awb-icon-plus\" aria-hidden=\"true\"><\/i><\/span><span class=\"fusion-toggle-heading\">Pourquoi un op\u00e9rateur ach\u00e8terait-il un clarificateur d\u2019eau?<\/span><\/a><\/h4><\/div><div id=\"e3c2ad85f2a87935b\" class=\"panel-collapse collapse \" aria-labelledby=\"toggle_e3c2ad85f2a87935b\"><div class=\"panel-body toggle-content fusion-clearfix\">\n<p>Les clarificateurs d\u2019eau permettent de contr\u00f4ler beaucoup mieux le processus de traitement de l\u2019eau.\u00a0 Ils peuvent \u00e9liminer compl\u00e8tement le besoin de bassins de d\u00e9cantation, en distillant l\u2019ensemble du cycle de clarification de l\u2019eau en une seule installation tr\u00e8s fiable.\u00a0 Les clarificateurs r\u00e9duisent consid\u00e9rablement l\u2019empreinte n\u00e9cessaire \u00e0 la clarification de l\u2019eau et permettent d\u2019obtenir des boues contenant jusqu\u2019\u00e0 65\u00a0% de solides en poids.\u00a0 Ce mat\u00e9riau d\u00e9vers\u00e9 est ensuite d\u00e9plac\u00e9 vers son lieu de repos final, \u00e9liminant ainsi toute manipulation suppl\u00e9mentaire.\u00a0 Plus de 90\u00a0% de l\u2019eau introduite dans le clarificateur retourne dans le processus pour \u00eatre r\u00e9utilis\u00e9e.<\/p>\n<\/div><\/div><\/div><div class=\"fusion-panel panel-default panel-7d351adac469b79c4 fusion-toggle-has-divider\"><div class=\"panel-heading\"><h4 class=\"panel-title toggle\" id=\"toggle_7d351adac469b79c4\"><a aria-expanded=\"false\" aria-controls=\"7d351adac469b79c4\" role=\"button\" data-toggle=\"collapse\" data-parent=\"#accordion-2918-1\" data-target=\"#7d351adac469b79c4\" href=\"#7d351adac469b79c4\"><span class=\"fusion-toggle-icon-wrapper\" aria-hidden=\"true\"><i class=\"fa-fusion-box active-icon awb-icon-minus\" aria-hidden=\"true\"><\/i><i class=\"fa-fusion-box inactive-icon awb-icon-plus\" aria-hidden=\"true\"><\/i><\/span><span class=\"fusion-toggle-heading\">Comment les conceptions de clarificateurs diff\u00e8rent-elles?<\/span><\/a><\/h4><\/div><div id=\"7d351adac469b79c4\" class=\"panel-collapse collapse \" aria-labelledby=\"toggle_7d351adac469b79c4\"><div class=\"panel-body toggle-content fusion-clearfix\">\n<p>Les variables qui d\u00e9terminent le clarificateur optimal pour une application donn\u00e9e comprennent l\u2019empreinte disponible, la composition des agr\u00e9gats, la vitesse de d\u00e9cantation, la chimie requise, la taille des particules et la portabilit\u00e9.\u00a0 Clearwater Industries est fi\u00e8re de travailler avec ses clients pour concevoir des solutions adapt\u00e9es \u00e0 leurs besoins sp\u00e9cifiques.\u00a0 Nous avons fabriqu\u00e9 pratiquement tous les types de clarificateurs d\u2019eau, y compris les clarificateurs \u00e0 cha\u00eenes porteurs, les clarificateurs \u00e0 flux radial, les clarificateurs \u00e0 plaques inclin\u00e9es et les clarificateurs \u00e0 fort compactage.\u00a0 Les syst\u00e8mes pr\u00e9sent\u00e9s dans la section \u00ab\u00a0\u00c9quipement\u00a0\u00bb de ce site repr\u00e9sentent l\u2019aboutissement de plus de 20 ans d\u2019exp\u00e9rience dans le domaine.\u00a0 Nous sommes impatients de discuter avec vous de l\u2019option qui convient le mieux \u00e0 votre application.<\/p>\n<\/div><\/div><\/div><div class=\"fusion-panel panel-default panel-6cd71b1b9bf424b68 fusion-toggle-has-divider\" style=\"--awb-title-color:#004990;--awb-content-color:#292829;\"><div class=\"panel-heading\"><h4 class=\"panel-title toggle\" id=\"toggle_6cd71b1b9bf424b68\"><a aria-expanded=\"false\" aria-controls=\"6cd71b1b9bf424b68\" role=\"button\" data-toggle=\"collapse\" data-parent=\"#accordion-2918-1\" data-target=\"#6cd71b1b9bf424b68\" href=\"#6cd71b1b9bf424b68\"><span class=\"fusion-toggle-icon-wrapper\" aria-hidden=\"true\"><i class=\"fa-fusion-box active-icon awb-icon-minus\" aria-hidden=\"true\"><\/i><i class=\"fa-fusion-box inactive-icon awb-icon-plus\" aria-hidden=\"true\"><\/i><\/span><span class=\"fusion-toggle-heading\">Comment puis-je voir ce que les floculants peuvent faire pour moi?<\/span><\/a><\/h4><\/div><div id=\"6cd71b1b9bf424b68\" class=\"panel-collapse collapse \" aria-labelledby=\"toggle_6cd71b1b9bf424b68\"><div class=\"panel-body toggle-content fusion-clearfix\">\n<p>Nous effectuerons des essais de floculation complets, isolerons les produits chimiques les plus performants et vous fournirons des informations exploitables sous la forme d\u2019un lien vid\u00e9o priv\u00e9 de nos r\u00e9sultats. Apprenez-en plus sur nos essais de floculation <a href=\"https:\/\/clearwaterind.com\/fr\/essai-de-floculation\/\">ici<\/a>.<\/p>\n<\/div><\/div><\/div><\/div><\/div><div class=\"fusion-clearfix\"><\/div><\/div><\/div><\/div><\/div>\n","protected":false},"excerpt":{"rendered":"","protected":false},"author":2,"featured_media":0,"parent":0,"menu_order":31,"comment_status":"closed","ping_status":"closed","template":"","meta":{"footnotes":""},"class_list":["post-2918","page","type-page","status-publish","hentry"],"yoast_head":"<!-- This site is optimized with the Yoast SEO plugin v27.2 - https:\/\/yoast.com\/product\/yoast-seo-wordpress\/ -->\n<title>FAQ - Clearwater Industries, Inc.<\/title>\n<meta name=\"description\" content=\"Consultez notre foire aux questions ou contactez-nous d\u00e8s aujourd&#039;hui.\" \/>\n<meta name=\"robots\" content=\"index, follow, max-snippet:-1, max-image-preview:large, max-video-preview:-1\" \/>\n<link rel=\"canonical\" href=\"https:\/\/clearwaterind.com\/fr\/faq\/\" \/>\n<meta property=\"og:locale\" content=\"fr_FR\" \/>\n<meta property=\"og:type\" content=\"article\" \/>\n<meta property=\"og:title\" content=\"FAQ - Clearwater Industries, Inc.\" \/>\n<meta property=\"og:description\" content=\"Consultez notre foire aux questions ou contactez-nous d\u00e8s aujourd&#039;hui.\" \/>\n<meta property=\"og:url\" content=\"https:\/\/clearwaterind.com\/fr\/faq\/\" \/>\n<meta property=\"og:site_name\" content=\"Clearwater Industries, Inc.\" \/>\n<meta property=\"article:publisher\" content=\"https:\/\/www.facebook.com\/ClearwaterMKE\" \/>\n<meta property=\"article:modified_time\" content=\"2022-09-12T22:32:45+00:00\" \/>\n<meta name=\"twitter:card\" content=\"summary_large_image\" \/>\n<meta name=\"twitter:label1\" content=\"Dur\u00e9e de lecture estim\u00e9e\" \/>\n\t<meta name=\"twitter:data1\" content=\"5 minutes\" \/>\n<script type=\"application\/ld+json\" class=\"yoast-schema-graph\">{\"@context\":\"https:\/\/schema.org\",\"@graph\":[{\"@type\":\"WebPage\",\"@id\":\"https:\/\/clearwaterind.com\/fr\/faq\/\",\"url\":\"https:\/\/clearwaterind.com\/fr\/faq\/\",\"name\":\"FAQ - Clearwater Industries, Inc.\",\"isPartOf\":{\"@id\":\"https:\/\/clearwaterind.com\/fr\/#website\"},\"datePublished\":\"2022-08-01T01:42:33+00:00\",\"dateModified\":\"2022-09-12T22:32:45+00:00\",\"description\":\"Consultez notre foire aux questions ou contactez-nous d\u00e8s aujourd'hui.\",\"breadcrumb\":{\"@id\":\"https:\/\/clearwaterind.com\/fr\/faq\/#breadcrumb\"},\"inLanguage\":\"fr-FR\",\"potentialAction\":[{\"@type\":\"ReadAction\",\"target\":[\"https:\/\/clearwaterind.com\/fr\/faq\/\"]}]},{\"@type\":\"BreadcrumbList\",\"@id\":\"https:\/\/clearwaterind.com\/fr\/faq\/#breadcrumb\",\"itemListElement\":[{\"@type\":\"ListItem\",\"position\":1,\"name\":\"Home\",\"item\":\"https:\/\/clearwaterind.com\/fr\/\"},{\"@type\":\"ListItem\",\"position\":2,\"name\":\"FAQ\"}]},{\"@type\":\"WebSite\",\"@id\":\"https:\/\/clearwaterind.com\/fr\/#website\",\"url\":\"https:\/\/clearwaterind.com\/fr\/\",\"name\":\"Clearwater Industries, Inc.\",\"description\":\"\",\"publisher\":{\"@id\":\"https:\/\/clearwaterind.com\/fr\/#organization\"},\"potentialAction\":[{\"@type\":\"SearchAction\",\"target\":{\"@type\":\"EntryPoint\",\"urlTemplate\":\"https:\/\/clearwaterind.com\/fr\/?s={search_term_string}\"},\"query-input\":{\"@type\":\"PropertyValueSpecification\",\"valueRequired\":true,\"valueName\":\"search_term_string\"}}],\"inLanguage\":\"fr-FR\"},{\"@type\":\"Organization\",\"@id\":\"https:\/\/clearwaterind.com\/fr\/#organization\",\"name\":\"Clearwater Industries, Inc.\",\"url\":\"https:\/\/clearwaterind.com\/fr\/\",\"logo\":{\"@type\":\"ImageObject\",\"inLanguage\":\"fr-FR\",\"@id\":\"https:\/\/clearwaterind.com\/fr\/#\/schema\/logo\/image\/\",\"url\":\"https:\/\/clearwaterind.com\/wp-content\/uploads\/2020\/07\/Clearwater-logo-mob.png\",\"contentUrl\":\"https:\/\/clearwaterind.com\/wp-content\/uploads\/2020\/07\/Clearwater-logo-mob.png\",\"width\":250,\"height\":69,\"caption\":\"Clearwater Industries, Inc.\"},\"image\":{\"@id\":\"https:\/\/clearwaterind.com\/fr\/#\/schema\/logo\/image\/\"},\"sameAs\":[\"https:\/\/www.facebook.com\/ClearwaterMKE\",\"https:\/\/www.instagram.com\/clearwater_ind\/?hl=en\",\"https:\/\/www.linkedin.com\/company\/clearwater-industries\/\",\"https:\/\/www.youtube.com\/channel\/UCTG-XLxezfQuoqQMs7hRLoA\"]}]}<\/script>\n<!-- \/ Yoast SEO plugin. -->","yoast_head_json":{"title":"FAQ - Clearwater Industries, Inc.","description":"Consultez notre foire aux questions ou contactez-nous d\u00e8s aujourd'hui.","robots":{"index":"index","follow":"follow","max-snippet":"max-snippet:-1","max-image-preview":"max-image-preview:large","max-video-preview":"max-video-preview:-1"},"canonical":"https:\/\/clearwaterind.com\/fr\/faq\/","og_locale":"fr_FR","og_type":"article","og_title":"FAQ - Clearwater Industries, Inc.","og_description":"Consultez notre foire aux questions ou contactez-nous d\u00e8s aujourd'hui.","og_url":"https:\/\/clearwaterind.com\/fr\/faq\/","og_site_name":"Clearwater Industries, Inc.","article_publisher":"https:\/\/www.facebook.com\/ClearwaterMKE","article_modified_time":"2022-09-12T22:32:45+00:00","twitter_card":"summary_large_image","twitter_misc":{"Dur\u00e9e de lecture estim\u00e9e":"5 minutes"},"schema":{"@context":"https:\/\/schema.org","@graph":[{"@type":"WebPage","@id":"https:\/\/clearwaterind.com\/fr\/faq\/","url":"https:\/\/clearwaterind.com\/fr\/faq\/","name":"FAQ - Clearwater Industries, Inc.","isPartOf":{"@id":"https:\/\/clearwaterind.com\/fr\/#website"},"datePublished":"2022-08-01T01:42:33+00:00","dateModified":"2022-09-12T22:32:45+00:00","description":"Consultez notre foire aux questions ou contactez-nous d\u00e8s aujourd'hui.","breadcrumb":{"@id":"https:\/\/clearwaterind.com\/fr\/faq\/#breadcrumb"},"inLanguage":"fr-FR","potentialAction":[{"@type":"ReadAction","target":["https:\/\/clearwaterind.com\/fr\/faq\/"]}]},{"@type":"BreadcrumbList","@id":"https:\/\/clearwaterind.com\/fr\/faq\/#breadcrumb","itemListElement":[{"@type":"ListItem","position":1,"name":"Home","item":"https:\/\/clearwaterind.com\/fr\/"},{"@type":"ListItem","position":2,"name":"FAQ"}]},{"@type":"WebSite","@id":"https:\/\/clearwaterind.com\/fr\/#website","url":"https:\/\/clearwaterind.com\/fr\/","name":"Clearwater Industries, Inc.","description":"","publisher":{"@id":"https:\/\/clearwaterind.com\/fr\/#organization"},"potentialAction":[{"@type":"SearchAction","target":{"@type":"EntryPoint","urlTemplate":"https:\/\/clearwaterind.com\/fr\/?s={search_term_string}"},"query-input":{"@type":"PropertyValueSpecification","valueRequired":true,"valueName":"search_term_string"}}],"inLanguage":"fr-FR"},{"@type":"Organization","@id":"https:\/\/clearwaterind.com\/fr\/#organization","name":"Clearwater Industries, Inc.","url":"https:\/\/clearwaterind.com\/fr\/","logo":{"@type":"ImageObject","inLanguage":"fr-FR","@id":"https:\/\/clearwaterind.com\/fr\/#\/schema\/logo\/image\/","url":"https:\/\/clearwaterind.com\/wp-content\/uploads\/2020\/07\/Clearwater-logo-mob.png","contentUrl":"https:\/\/clearwaterind.com\/wp-content\/uploads\/2020\/07\/Clearwater-logo-mob.png","width":250,"height":69,"caption":"Clearwater Industries, Inc."},"image":{"@id":"https:\/\/clearwaterind.com\/fr\/#\/schema\/logo\/image\/"},"sameAs":["https:\/\/www.facebook.com\/ClearwaterMKE","https:\/\/www.instagram.com\/clearwater_ind\/?hl=en","https:\/\/www.linkedin.com\/company\/clearwater-industries\/","https:\/\/www.youtube.com\/channel\/UCTG-XLxezfQuoqQMs7hRLoA"]}]}},"_links":{"self":[{"href":"https:\/\/clearwaterind.com\/fr\/wp-json\/wp\/v2\/pages\/2918","targetHints":{"allow":["GET"]}}],"collection":[{"href":"https:\/\/clearwaterind.com\/fr\/wp-json\/wp\/v2\/pages"}],"about":[{"href":"https:\/\/clearwaterind.com\/fr\/wp-json\/wp\/v2\/types\/page"}],"author":[{"embeddable":true,"href":"https:\/\/clearwaterind.com\/fr\/wp-json\/wp\/v2\/users\/2"}],"replies":[{"embeddable":true,"href":"https:\/\/clearwaterind.com\/fr\/wp-json\/wp\/v2\/comments?post=2918"}],"version-history":[{"count":0,"href":"https:\/\/clearwaterind.com\/fr\/wp-json\/wp\/v2\/pages\/2918\/revisions"}],"wp:attachment":[{"href":"https:\/\/clearwaterind.com\/fr\/wp-json\/wp\/v2\/media?parent=2918"}],"curies":[{"name":"wp","href":"https:\/\/api.w.org\/{rel}","templated":true}]}}