{"id":2943,"date":"2022-08-01T13:44:52","date_gmt":"2022-08-01T13:44:52","guid":{"rendered":"https:\/\/clearwaterind.com\/clarificadores\/"},"modified":"2023-02-24T17:33:28","modified_gmt":"2023-02-24T17:33:28","slug":"clarificadores","status":"publish","type":"page","link":"https:\/\/clearwaterind.com\/es\/clarificadores\/","title":{"rendered":"Clarificadores"},"content":{"rendered":"<div class=\"fusion-fullwidth fullwidth-box fusion-builder-row-1 nonhundred-percent-fullwidth non-hundred-percent-height-scrolling\" style=\"--awb-border-radius-top-left:0px;--awb-border-radius-top-right:0px;--awb-border-radius-bottom-right:0px;--awb-border-radius-bottom-left:0px;--awb-flex-wrap:wrap;\" ><div class=\"fusion-builder-row fusion-row\"><div class=\"fusion-layout-column fusion_builder_column fusion-builder-column-0 fusion_builder_column_1_2 1_2 fusion-one-half fusion-column-first\" style=\"--awb-bg-size:cover;width:50%;width:calc(50% - ( ( 4% ) * 0.5 ) );margin-right: 4%;\"><div class=\"fusion-column-wrapper fusion-column-has-shadow fusion-flex-column-wrapper-legacy\"><div class=\"fusion-text fusion-text-1\"><p><span style=\"font-weight: 400;\">Los clarificadores y espesantes simplifican y contienen el proceso de separaci\u00f3n de s\u00f3lidos del agua.\u00a0 El proceso de separaci\u00f3n le permite lograr una descarga de lodos espesos y devolver agua limpia a su proceso de operaciones.<\/span><\/p>\n<p><span style=\"font-weight: 400;\">Clearwater Industries ha fabricado clarificadores de agua <a href=\"https:\/\/youtu.be\/8HyQXZLwXi8\" target=\"_blank\" rel=\"noopener\">port\u00e1tiles<\/a> y <a href=\"https:\/\/youtu.be\/RY1Jzfegvcg\" target=\"_blank\" rel=\"noopener\">estacionarios<\/a> durante m\u00e1s de 25 a\u00f1os.\u00a0 Nuestros clarificadores estacionarios de alta compactaci\u00f3n logran m\u00e1s del 65 % de s\u00f3lidos por peso, y nuestros dise\u00f1os escalables tratan tasas de flujo de agua de proceso de 68 a 6,800 m3\/hr (300 a 30,000 GPM).<\/span><\/p>\n<p><span style=\"font-weight: 400;\">Perfeccionamos continuamente nuestros dise\u00f1os para maximizar el rendimiento y garantizar un funcionamiento fiable.\u00a0 La construcci\u00f3n robusta y el dise\u00f1o elegante mantienen su tiempo de actividad, minimizan la atenci\u00f3n del operador y garantizan que siempre tenga agua limpia.<\/span><\/p>\n<\/div><div class=\"fusion-sep-clear\"><\/div><div class=\"fusion-separator fusion-full-width-sep\" style=\"margin-left: auto;margin-right: auto;margin-top:5px;margin-bottom:5px;width:100%;\"><\/div><div class=\"fusion-sep-clear\"><\/div><div class=\"fusion-align-block\"><a class=\"fusion-button button-flat button-xlarge button-custom fusion-button-default button-1 fusion-button-span-yes \" style=\"--button_accent_color:#ffffff;--button_accent_hover_color:#ffffff;--button_border_hover_color:#ffffff;--button_gradient_top_color:#004990;--button_gradient_bottom_color:#004990;--button_gradient_top_color_hover:#004990;--button_gradient_bottom_color_hover:#004990;--button_text_transform:uppercase;\" target=\"_self\" href=\"https:\/\/clearwaterind.com\/es\/clarificadores\/clarificadores-de-agua-estacionarios\/\"><span class=\"fusion-button-text awb-button__text awb-button__text--default\">Estacionario<\/span><\/a><\/div><div class=\"fusion-sep-clear\"><\/div><div class=\"fusion-separator fusion-full-width-sep\" style=\"margin-left: auto;margin-right: auto;margin-top:5px;margin-bottom:5px;width:100%;\"><\/div><div class=\"fusion-sep-clear\"><\/div><div class=\"fusion-align-block\"><a class=\"fusion-button button-flat button-xlarge button-custom fusion-button-default button-2 fusion-button-span-yes \" style=\"--button_accent_color:#ffffff;--button_accent_hover_color:#ffffff;--button_border_hover_color:#ffffff;--button_gradient_top_color:#004990;--button_gradient_bottom_color:#004990;--button_gradient_top_color_hover:#004990;--button_gradient_bottom_color_hover:#004990;--button_text_transform:uppercase;\" target=\"_self\" href=\"https:\/\/clearwaterind.com\/es\/clarificadores\/clarificadores-de-agua-portatiles\/\"><span class=\"fusion-button-text awb-button__text awb-button__text--default\">Port\u00e1til<\/span><\/a><\/div><div class=\"fusion-sep-clear\"><\/div><div class=\"fusion-separator fusion-full-width-sep\" style=\"margin-left: auto;margin-right: auto;margin-top:5px;margin-bottom:5px;width:100%;\"><\/div><div class=\"fusion-sep-clear\"><\/div><div class=\"fusion-align-block\"><a class=\"fusion-button button-flat button-xlarge button-custom fusion-button-default button-3 fusion-button-span-yes \" style=\"--button_accent_color:#ffffff;--button_accent_hover_color:#ffffff;--button_border_hover_color:#ffffff;--button_gradient_top_color:#004990;--button_gradient_bottom_color:#004990;--button_gradient_top_color_hover:#004990;--button_gradient_bottom_color_hover:#004990;--button_text_transform:uppercase;\" target=\"_self\" href=\"https:\/\/www.youtube.com\/user\/ClearwaterInd1\"><span class=\"fusion-button-text awb-button__text awb-button__text--default\">v\u00eddeos adicionales<\/span><\/a><\/div><div class=\"fusion-clearfix\"><\/div><\/div><\/div><div class=\"fusion-layout-column fusion_builder_column fusion-builder-column-1 fusion_builder_column_1_2 1_2 fusion-one-half fusion-column-last\" style=\"--awb-bg-size:cover;width:50%;width:calc(50% - ( ( 4% ) * 0.5 ) );\"><div class=\"fusion-column-wrapper fusion-column-has-shadow fusion-flex-column-wrapper-legacy\"><div class=\"fusion-video fusion-vimeo\" style=\"--awb-max-width:600px;--awb-max-height:360px;\"><div class=\"video-shortcode\"><div class=\"fluid-width-video-wrapper\" style=\"padding-top:60%;\" ><iframe title=\"Vimeo video player 1\" src=\"https:\/\/player.vimeo.com\/video\/429281369?autoplay=0&amp;autopause=0\" width=\"600\" height=\"360\" allowfullscreen allow=\"autoplay; fullscreen\"><\/iframe><\/div><\/div><\/div><div class=\"fusion-sep-clear\"><\/div><div class=\"fusion-separator fusion-full-width-sep\" style=\"margin-left: auto;margin-right: auto;margin-top:5px;margin-bottom:5px;width:100%;\"><\/div><div class=\"fusion-sep-clear\"><\/div><div class=\"fusion-image-carousel fusion-image-carousel-auto fusion-image-carousel-1 fusion-carousel-border\"><div class=\"awb-carousel awb-swiper awb-swiper-carousel awb-carousel--carousel awb-swiper-dots-position-bottom\" data-layout=\"carousel\" data-autoplay=\"no\" data-autoplayspeed=\"2500\" data-autoplaypause=\"no\" data-columns=\"1\" data-columnsmedium=\"1\" data-columnssmall=\"1\" data-itemmargin=\"13\" data-itemwidth=\"180\" data-touchscroll=\"no\" data-freemode=\"no\" data-imagesize=\"auto\" data-scrollitems=\"1\" data-centeredslides=\"no\" data-rotationangle=\"50\" data-depth=\"100\" data-speed=\"500\" data-shadow=\"no\" data-pagination=\"bullets\" style=\"--awb-columns:1;--awb-border-width:1px;--awb-border-color:#e9eaee;\"><div class=\"swiper-wrapper awb-image-carousel-wrapper fusion-flex-align-items-center\"><div class=\"swiper-slide\"><div class=\"fusion-carousel-item-wrapper\"><div class=\"fusion-image-wrapper hover-type-none\"><img decoding=\"async\" width=\"800\" height=\"500\" src=\"https:\/\/clearwaterind.com\/wp-content\/uploads\/2020\/11\/CW2000RPC-LSL-5.jpg\" class=\"attachment-full size-full lazyload\" alt=\"Tres clarificadores de agua port\u00e1tiles azules colocados afuera en un lugar de trabajo.\" srcset=\"data:image\/svg+xml,%3Csvg%20xmlns%3D%27http%3A%2F%2Fwww.w3.org%2F2000%2Fsvg%27%20width%3D%27800%27%20height%3D%27500%27%20viewBox%3D%270%200%20800%20500%27%3E%3Crect%20width%3D%27800%27%20height%3D%27500%27%20fill-opacity%3D%220%22%2F%3E%3C%2Fsvg%3E\" data-orig-src=\"https:\/\/clearwaterind.com\/wp-content\/uploads\/2020\/11\/CW2000RPC-LSL-5.jpg\" data-srcset=\"https:\/\/clearwaterind.com\/wp-content\/uploads\/2020\/11\/CW2000RPC-LSL-5-200x125.jpg 200w, https:\/\/clearwaterind.com\/wp-content\/uploads\/2020\/11\/CW2000RPC-LSL-5-300x188.jpg 300w, https:\/\/clearwaterind.com\/wp-content\/uploads\/2020\/11\/CW2000RPC-LSL-5-400x250.jpg 400w, https:\/\/clearwaterind.com\/wp-content\/uploads\/2020\/11\/CW2000RPC-LSL-5-600x375.jpg 600w, https:\/\/clearwaterind.com\/wp-content\/uploads\/2020\/11\/CW2000RPC-LSL-5-768x480.jpg 768w, https:\/\/clearwaterind.com\/wp-content\/uploads\/2020\/11\/CW2000RPC-LSL-5.jpg 800w\" data-sizes=\"auto\" \/><\/div><\/div><\/div><div class=\"swiper-slide\"><div class=\"fusion-carousel-item-wrapper\"><div class=\"fusion-image-wrapper hover-type-none\"><img decoding=\"async\" width=\"800\" height=\"500\" src=\"https:\/\/clearwaterind.com\/wp-content\/uploads\/2020\/11\/Untitled.jpg\" class=\"attachment-full size-full lazyload\" alt=\"Un clarificador de agua de alta compactaci\u00f3n estacionario, un minicargador CAT, un cami\u00f3n cisterna y trabajadores con chalecos de alta visibilidad afuera en un sitio de producci\u00f3n de agregados.\" srcset=\"data:image\/svg+xml,%3Csvg%20xmlns%3D%27http%3A%2F%2Fwww.w3.org%2F2000%2Fsvg%27%20width%3D%27800%27%20height%3D%27500%27%20viewBox%3D%270%200%20800%20500%27%3E%3Crect%20width%3D%27800%27%20height%3D%27500%27%20fill-opacity%3D%220%22%2F%3E%3C%2Fsvg%3E\" data-orig-src=\"https:\/\/clearwaterind.com\/wp-content\/uploads\/2020\/11\/Untitled.jpg\" data-srcset=\"https:\/\/clearwaterind.com\/wp-content\/uploads\/2020\/11\/Untitled-200x125.jpg 200w, https:\/\/clearwaterind.com\/wp-content\/uploads\/2020\/11\/Untitled-300x188.jpg 300w, https:\/\/clearwaterind.com\/wp-content\/uploads\/2020\/11\/Untitled-400x250.jpg 400w, https:\/\/clearwaterind.com\/wp-content\/uploads\/2020\/11\/Untitled-600x375.jpg 600w, https:\/\/clearwaterind.com\/wp-content\/uploads\/2020\/11\/Untitled-768x480.jpg 768w, https:\/\/clearwaterind.com\/wp-content\/uploads\/2020\/11\/Untitled.jpg 800w\" data-sizes=\"auto\" \/><\/div><\/div><\/div><div class=\"swiper-slide\"><div class=\"fusion-carousel-item-wrapper\"><div class=\"fusion-image-wrapper hover-type-none\"><img decoding=\"async\" width=\"800\" height=\"500\" src=\"https:\/\/clearwaterind.com\/wp-content\/uploads\/2020\/11\/CW2500LSL1-1.jpg\" class=\"attachment-full size-full lazyload\" alt=\"Una imagen que mira hacia abajo en \u00e1ngulo a un gran clarificador de agua estacionario blanco con un cami\u00f3n y otro equipo industrial en un lugar de trabajo.\" srcset=\"data:image\/svg+xml,%3Csvg%20xmlns%3D%27http%3A%2F%2Fwww.w3.org%2F2000%2Fsvg%27%20width%3D%27800%27%20height%3D%27500%27%20viewBox%3D%270%200%20800%20500%27%3E%3Crect%20width%3D%27800%27%20height%3D%27500%27%20fill-opacity%3D%220%22%2F%3E%3C%2Fsvg%3E\" data-orig-src=\"https:\/\/clearwaterind.com\/wp-content\/uploads\/2020\/11\/CW2500LSL1-1.jpg\" data-srcset=\"https:\/\/clearwaterind.com\/wp-content\/uploads\/2020\/11\/CW2500LSL1-1-200x125.jpg 200w, https:\/\/clearwaterind.com\/wp-content\/uploads\/2020\/11\/CW2500LSL1-1-300x188.jpg 300w, https:\/\/clearwaterind.com\/wp-content\/uploads\/2020\/11\/CW2500LSL1-1-400x250.jpg 400w, https:\/\/clearwaterind.com\/wp-content\/uploads\/2020\/11\/CW2500LSL1-1-600x375.jpg 600w, https:\/\/clearwaterind.com\/wp-content\/uploads\/2020\/11\/CW2500LSL1-1-768x480.jpg 768w, https:\/\/clearwaterind.com\/wp-content\/uploads\/2020\/11\/CW2500LSL1-1.jpg 800w\" data-sizes=\"auto\" \/><\/div><\/div><\/div><\/div><div class=\"awb-swiper-button awb-swiper-button-prev\"><i class=\"awb-icon-angle-left\" aria-hidden=\"true\"><\/i><\/div><div class=\"awb-swiper-button awb-swiper-button-next\"><i class=\"awb-icon-angle-right\" aria-hidden=\"true\"><\/i><\/div><\/div><\/div><div class=\"fusion-clearfix\"><\/div><\/div><\/div><\/div><\/div>\n","protected":false},"excerpt":{"rendered":"","protected":false},"author":2,"featured_media":0,"parent":0,"menu_order":8,"comment_status":"closed","ping_status":"closed","template":"","meta":{"footnotes":""},"class_list":["post-2943","page","type-page","status-publish","hentry"],"yoast_head":"<!-- This site is optimized with the Yoast SEO plugin v27.2 - https:\/\/yoast.com\/product\/yoast-seo-wordpress\/ -->\n<title>Clarificadores Industriales de Agua - Clearwater Industries, Inc.<\/title>\n<meta name=\"description\" content=\"Los clarificadores de agua estacionarios y port\u00e1tiles tratan las aplicaciones de aguas residuales industriales.\" \/>\n<meta name=\"robots\" content=\"index, follow, max-snippet:-1, max-image-preview:large, max-video-preview:-1\" \/>\n<link rel=\"canonical\" href=\"https:\/\/clearwaterind.com\/es\/clarificadores\/\" \/>\n<meta property=\"og:locale\" content=\"es_ES\" \/>\n<meta property=\"og:type\" content=\"article\" \/>\n<meta property=\"og:title\" content=\"Clarificadores Industriales de Agua - Clearwater Industries, Inc.\" \/>\n<meta property=\"og:description\" content=\"Los clarificadores de agua estacionarios y port\u00e1tiles tratan las aplicaciones de aguas residuales industriales.\" \/>\n<meta property=\"og:url\" content=\"https:\/\/clearwaterind.com\/es\/clarificadores\/\" \/>\n<meta property=\"og:site_name\" content=\"Clearwater Industries, Inc.\" \/>\n<meta property=\"article:publisher\" content=\"https:\/\/www.facebook.com\/ClearwaterMKE\" \/>\n<meta property=\"article:modified_time\" content=\"2023-02-24T17:33:28+00:00\" \/>\n<meta name=\"twitter:card\" content=\"summary_large_image\" \/>\n<meta name=\"twitter:label1\" content=\"Tiempo de lectura\" \/>\n\t<meta name=\"twitter:data1\" content=\"2 minutos\" \/>\n<script type=\"application\/ld+json\" class=\"yoast-schema-graph\">{\"@context\":\"https:\/\/schema.org\",\"@graph\":[{\"@type\":\"WebPage\",\"@id\":\"https:\/\/clearwaterind.com\/es\/clarificadores\/\",\"url\":\"https:\/\/clearwaterind.com\/es\/clarificadores\/\",\"name\":\"Clarificadores Industriales de Agua - Clearwater Industries, Inc.\",\"isPartOf\":{\"@id\":\"https:\/\/clearwaterind.com\/es\/#website\"},\"datePublished\":\"2022-08-01T13:44:52+00:00\",\"dateModified\":\"2023-02-24T17:33:28+00:00\",\"description\":\"Los clarificadores de agua estacionarios y port\u00e1tiles tratan las aplicaciones de aguas residuales industriales.\",\"breadcrumb\":{\"@id\":\"https:\/\/clearwaterind.com\/es\/clarificadores\/#breadcrumb\"},\"inLanguage\":\"es\",\"potentialAction\":[{\"@type\":\"ReadAction\",\"target\":[\"https:\/\/clearwaterind.com\/es\/clarificadores\/\"]}]},{\"@type\":\"BreadcrumbList\",\"@id\":\"https:\/\/clearwaterind.com\/es\/clarificadores\/#breadcrumb\",\"itemListElement\":[{\"@type\":\"ListItem\",\"position\":1,\"name\":\"Home\",\"item\":\"https:\/\/clearwaterind.com\/es\/\"},{\"@type\":\"ListItem\",\"position\":2,\"name\":\"Clarificadores\"}]},{\"@type\":\"WebSite\",\"@id\":\"https:\/\/clearwaterind.com\/es\/#website\",\"url\":\"https:\/\/clearwaterind.com\/es\/\",\"name\":\"Clearwater Industries, Inc.\",\"description\":\"\",\"publisher\":{\"@id\":\"https:\/\/clearwaterind.com\/es\/#organization\"},\"potentialAction\":[{\"@type\":\"SearchAction\",\"target\":{\"@type\":\"EntryPoint\",\"urlTemplate\":\"https:\/\/clearwaterind.com\/es\/?s={search_term_string}\"},\"query-input\":{\"@type\":\"PropertyValueSpecification\",\"valueRequired\":true,\"valueName\":\"search_term_string\"}}],\"inLanguage\":\"es\"},{\"@type\":\"Organization\",\"@id\":\"https:\/\/clearwaterind.com\/es\/#organization\",\"name\":\"Clearwater Industries, Inc.\",\"url\":\"https:\/\/clearwaterind.com\/es\/\",\"logo\":{\"@type\":\"ImageObject\",\"inLanguage\":\"es\",\"@id\":\"https:\/\/clearwaterind.com\/es\/#\/schema\/logo\/image\/\",\"url\":\"https:\/\/clearwaterind.com\/wp-content\/uploads\/2020\/07\/Clearwater-logo-mob.png\",\"contentUrl\":\"https:\/\/clearwaterind.com\/wp-content\/uploads\/2020\/07\/Clearwater-logo-mob.png\",\"width\":250,\"height\":69,\"caption\":\"Clearwater Industries, Inc.\"},\"image\":{\"@id\":\"https:\/\/clearwaterind.com\/es\/#\/schema\/logo\/image\/\"},\"sameAs\":[\"https:\/\/www.facebook.com\/ClearwaterMKE\",\"https:\/\/www.instagram.com\/clearwater_ind\/?hl=en\",\"https:\/\/www.linkedin.com\/company\/clearwater-industries\/\",\"https:\/\/www.youtube.com\/channel\/UCTG-XLxezfQuoqQMs7hRLoA\"]}]}<\/script>\n<!-- \/ Yoast SEO plugin. -->","yoast_head_json":{"title":"Clarificadores Industriales de Agua - Clearwater Industries, Inc.","description":"Los clarificadores de agua estacionarios y port\u00e1tiles tratan las aplicaciones de aguas residuales industriales.","robots":{"index":"index","follow":"follow","max-snippet":"max-snippet:-1","max-image-preview":"max-image-preview:large","max-video-preview":"max-video-preview:-1"},"canonical":"https:\/\/clearwaterind.com\/es\/clarificadores\/","og_locale":"es_ES","og_type":"article","og_title":"Clarificadores Industriales de Agua - Clearwater Industries, Inc.","og_description":"Los clarificadores de agua estacionarios y port\u00e1tiles tratan las aplicaciones de aguas residuales industriales.","og_url":"https:\/\/clearwaterind.com\/es\/clarificadores\/","og_site_name":"Clearwater Industries, Inc.","article_publisher":"https:\/\/www.facebook.com\/ClearwaterMKE","article_modified_time":"2023-02-24T17:33:28+00:00","twitter_card":"summary_large_image","twitter_misc":{"Tiempo de lectura":"2 minutos"},"schema":{"@context":"https:\/\/schema.org","@graph":[{"@type":"WebPage","@id":"https:\/\/clearwaterind.com\/es\/clarificadores\/","url":"https:\/\/clearwaterind.com\/es\/clarificadores\/","name":"Clarificadores Industriales de Agua - Clearwater Industries, Inc.","isPartOf":{"@id":"https:\/\/clearwaterind.com\/es\/#website"},"datePublished":"2022-08-01T13:44:52+00:00","dateModified":"2023-02-24T17:33:28+00:00","description":"Los clarificadores de agua estacionarios y port\u00e1tiles tratan las aplicaciones de aguas residuales industriales.","breadcrumb":{"@id":"https:\/\/clearwaterind.com\/es\/clarificadores\/#breadcrumb"},"inLanguage":"es","potentialAction":[{"@type":"ReadAction","target":["https:\/\/clearwaterind.com\/es\/clarificadores\/"]}]},{"@type":"BreadcrumbList","@id":"https:\/\/clearwaterind.com\/es\/clarificadores\/#breadcrumb","itemListElement":[{"@type":"ListItem","position":1,"name":"Home","item":"https:\/\/clearwaterind.com\/es\/"},{"@type":"ListItem","position":2,"name":"Clarificadores"}]},{"@type":"WebSite","@id":"https:\/\/clearwaterind.com\/es\/#website","url":"https:\/\/clearwaterind.com\/es\/","name":"Clearwater Industries, Inc.","description":"","publisher":{"@id":"https:\/\/clearwaterind.com\/es\/#organization"},"potentialAction":[{"@type":"SearchAction","target":{"@type":"EntryPoint","urlTemplate":"https:\/\/clearwaterind.com\/es\/?s={search_term_string}"},"query-input":{"@type":"PropertyValueSpecification","valueRequired":true,"valueName":"search_term_string"}}],"inLanguage":"es"},{"@type":"Organization","@id":"https:\/\/clearwaterind.com\/es\/#organization","name":"Clearwater Industries, Inc.","url":"https:\/\/clearwaterind.com\/es\/","logo":{"@type":"ImageObject","inLanguage":"es","@id":"https:\/\/clearwaterind.com\/es\/#\/schema\/logo\/image\/","url":"https:\/\/clearwaterind.com\/wp-content\/uploads\/2020\/07\/Clearwater-logo-mob.png","contentUrl":"https:\/\/clearwaterind.com\/wp-content\/uploads\/2020\/07\/Clearwater-logo-mob.png","width":250,"height":69,"caption":"Clearwater Industries, Inc."},"image":{"@id":"https:\/\/clearwaterind.com\/es\/#\/schema\/logo\/image\/"},"sameAs":["https:\/\/www.facebook.com\/ClearwaterMKE","https:\/\/www.instagram.com\/clearwater_ind\/?hl=en","https:\/\/www.linkedin.com\/company\/clearwater-industries\/","https:\/\/www.youtube.com\/channel\/UCTG-XLxezfQuoqQMs7hRLoA"]}]}},"_links":{"self":[{"href":"https:\/\/clearwaterind.com\/es\/wp-json\/wp\/v2\/pages\/2943","targetHints":{"allow":["GET"]}}],"collection":[{"href":"https:\/\/clearwaterind.com\/es\/wp-json\/wp\/v2\/pages"}],"about":[{"href":"https:\/\/clearwaterind.com\/es\/wp-json\/wp\/v2\/types\/page"}],"author":[{"embeddable":true,"href":"https:\/\/clearwaterind.com\/es\/wp-json\/wp\/v2\/users\/2"}],"replies":[{"embeddable":true,"href":"https:\/\/clearwaterind.com\/es\/wp-json\/wp\/v2\/comments?post=2943"}],"version-history":[{"count":0,"href":"https:\/\/clearwaterind.com\/es\/wp-json\/wp\/v2\/pages\/2943\/revisions"}],"wp:attachment":[{"href":"https:\/\/clearwaterind.com\/es\/wp-json\/wp\/v2\/media?parent=2943"}],"curies":[{"name":"wp","href":"https:\/\/api.w.org\/{rel}","templated":true}]}}