{"id":2939,"date":"2022-08-01T13:43:54","date_gmt":"2022-08-01T13:43:54","guid":{"rendered":"https:\/\/clearwaterind.com\/historia\/"},"modified":"2022-09-12T21:02:44","modified_gmt":"2022-09-12T21:02:44","slug":"historia","status":"publish","type":"page","link":"https:\/\/clearwaterind.com\/es\/historia\/","title":{"rendered":"Historia"},"content":{"rendered":"<div class=\"fusion-fullwidth fullwidth-box fusion-builder-row-1 nonhundred-percent-fullwidth non-hundred-percent-height-scrolling\" style=\"--awb-border-radius-top-left:0px;--awb-border-radius-top-right:0px;--awb-border-radius-bottom-right:0px;--awb-border-radius-bottom-left:0px;--awb-padding-top:15px;--awb-padding-bottom:0px;--awb-margin-bottom:0px;--awb-flex-wrap:wrap;\" ><div class=\"fusion-builder-row fusion-row\"><div class=\"fusion-layout-column fusion_builder_column fusion-builder-column-0 fusion_builder_column_1_2 1_2 fusion-one-half fusion-column-first\" style=\"--awb-bg-size:cover;width:50%;width:calc(50% - ( ( 4% ) * 0.5 ) );margin-right: 4%;\"><div class=\"fusion-column-wrapper fusion-column-has-shadow fusion-flex-column-wrapper-legacy\"><div class=\"fusion-text fusion-text-1\"><p>Clearwater Industries Inc. fue fundada en 1996 por Robert Gralton.\u00a0 La empresa se fund\u00f3 con el deseo de fabricar equipos resistentes y confiables de clarificaci\u00f3n de agua en los Estados Unidos.\u00a0 En 2003, John, el hijo de Bob, comenz\u00f3 a trabajar para la empresa.\u00a0 Despu\u00e9s de pasar 12 a\u00f1os desarrollando el negocio con su padre, John asumi\u00f3 el liderazgo de Clearwater despu\u00e9s del fallecimiento de Bob en 2015.<\/p>\n<p>Durante m\u00e1s de 20 a\u00f1os, nos hemos especializado en el dise\u00f1o y construcci\u00f3n de sistemas de preparaci\u00f3n de pol\u00edmeros, clarificadores de agua y sistemas de recuperaci\u00f3n de finos.\u00a0 Como resultado de que nuestros clientes iniciales se encontraban en la industria de los agregados, nuestros equipos siempre se han dise\u00f1ado para resistir entornos hostiles y operar de manera autom\u00e1tica y confiable.<\/p>\n<p>Mejoramos continuamente nuestra l\u00ednea de productos mediante la incorporaci\u00f3n de nuevas tecnolog\u00edas desarrolladas por nuestros equipos de dise\u00f1o e ingenier\u00eda.\u00a0 Estamos orgullosos de ser un l\u00edder de la industria en el desarrollo de sistemas de clarificaci\u00f3n de agua, incluidos los clarificadores de agua port\u00e1tiles.\u00a0 Junto con la fabricaci\u00f3n de equipos, Clearwater tambi\u00e9n almacena y distribuye pol\u00edmeros.<\/p>\n<p>Aislamos el pol\u00edmero de mayor rendimiento para cada cliente mediante la realizaci\u00f3n de pruebas gratuitas de laboratorio en frascos de una muestra de agua de proceso en nuestro laboratorio.\u00a0 Trabajamos codo a codo con nuestros clientes para desarrollar sistemas personalizados para las necesidades espec\u00edficas de su aplicaci\u00f3n.<\/p>\n<p>Algunas de nuestras aplicaciones m\u00e1s comunes incluyen arena y grava, arena industrial, lavado de concreto, dragado, perforaci\u00f3n, construcci\u00f3n de t\u00faneles, agua de alta pureza, aguas residuales municipales y limpieza ambiental.\u00a0 Con la experiencia adquirida en estos mercados, estamos calificados de manera \u00fanica para resolver cualquier desaf\u00edo relacionado con el agua.<\/p>\n<\/div><div class=\"fusion-clearfix\"><\/div><\/div><\/div><div class=\"fusion-layout-column fusion_builder_column fusion-builder-column-1 fusion_builder_column_1_2 1_2 fusion-one-half fusion-column-last\" style=\"--awb-bg-size:cover;width:50%;width:calc(50% - ( ( 4% ) * 0.5 ) );\"><div class=\"fusion-column-wrapper fusion-column-has-shadow fusion-flex-column-wrapper-legacy\"><div class=\"fusion-image-element fusion-image-align-center in-legacy-container\" style=\"text-align:center;--awb-caption-title-font-family:var(--h2_typography-font-family);--awb-caption-title-font-weight:var(--h2_typography-font-weight);--awb-caption-title-font-style:var(--h2_typography-font-style);--awb-caption-title-size:var(--h2_typography-font-size);--awb-caption-title-transform:var(--h2_typography-text-transform);--awb-caption-title-line-height:var(--h2_typography-line-height);--awb-caption-title-letter-spacing:var(--h2_typography-letter-spacing);\"><div class=\"imageframe-align-center\"><span class=\" fusion-imageframe imageframe-none imageframe-1 hover-type-none\"><img decoding=\"async\" width=\"593\" height=\"878\" title=\"Bob Gralton &#8211; Clarificador port\u00e1til-2005\" src=\"https:\/\/clearwaterind.com\/wp-content\/uploads\/2019\/12\/Bob-Gralton-Portable-Clarifier-2005.jpg\" data-orig-src=\"https:\/\/clearwaterind.com\/wp-content\/uploads\/2019\/12\/Bob-Gralton-Portable-Clarifier-2005.jpg\" alt class=\"lazyload img-responsive wp-image-1906\" srcset=\"data:image\/svg+xml,%3Csvg%20xmlns%3D%27http%3A%2F%2Fwww.w3.org%2F2000%2Fsvg%27%20width%3D%27593%27%20height%3D%27878%27%20viewBox%3D%270%200%20593%20878%27%3E%3Crect%20width%3D%27593%27%20height%3D%27878%27%20fill-opacity%3D%220%22%2F%3E%3C%2Fsvg%3E\" data-srcset=\"https:\/\/clearwaterind.com\/wp-content\/uploads\/2019\/12\/Bob-Gralton-Portable-Clarifier-2005-200x296.jpg 200w, https:\/\/clearwaterind.com\/wp-content\/uploads\/2019\/12\/Bob-Gralton-Portable-Clarifier-2005-400x592.jpg 400w, https:\/\/clearwaterind.com\/wp-content\/uploads\/2019\/12\/Bob-Gralton-Portable-Clarifier-2005.jpg 593w\" data-sizes=\"auto\" data-orig-sizes=\"(max-width: 800px) 100vw, 593px\" \/><\/span><\/div><\/div><div class=\"fusion-clearfix\"><\/div><\/div><\/div><\/div><\/div>\n","protected":false},"excerpt":{"rendered":"","protected":false},"author":2,"featured_media":0,"parent":0,"menu_order":28,"comment_status":"closed","ping_status":"closed","template":"","meta":{"footnotes":""},"class_list":["post-2939","page","type-page","status-publish","hentry"],"yoast_head":"<!-- This site is optimized with the Yoast SEO plugin v27.2 - https:\/\/yoast.com\/product\/yoast-seo-wordpress\/ -->\n<title>Nuestro Historia - Clearwater Industries, Inc.<\/title>\n<meta name=\"description\" content=\"Clearwater Industries tiene m\u00e1s de 25 a\u00f1os de experiencia en el dise\u00f1o y construcci\u00f3n de sistemas de tratamiento de aguas residuales.\" \/>\n<meta name=\"robots\" content=\"index, follow, max-snippet:-1, max-image-preview:large, max-video-preview:-1\" \/>\n<link rel=\"canonical\" href=\"https:\/\/clearwaterind.com\/es\/historia\/\" \/>\n<meta property=\"og:locale\" content=\"es_ES\" \/>\n<meta property=\"og:type\" content=\"article\" \/>\n<meta property=\"og:title\" content=\"Nuestro Historia - Clearwater Industries, Inc.\" \/>\n<meta property=\"og:description\" content=\"Clearwater Industries tiene m\u00e1s de 25 a\u00f1os de experiencia en el dise\u00f1o y construcci\u00f3n de sistemas de tratamiento de aguas residuales.\" \/>\n<meta property=\"og:url\" content=\"https:\/\/clearwaterind.com\/es\/historia\/\" \/>\n<meta property=\"og:site_name\" content=\"Clearwater Industries, Inc.\" \/>\n<meta property=\"article:publisher\" content=\"https:\/\/www.facebook.com\/ClearwaterMKE\" \/>\n<meta property=\"article:modified_time\" content=\"2022-09-12T21:02:44+00:00\" \/>\n<meta name=\"twitter:card\" content=\"summary_large_image\" \/>\n<meta name=\"twitter:label1\" content=\"Tiempo de lectura\" \/>\n\t<meta name=\"twitter:data1\" content=\"3 minutos\" \/>\n<script type=\"application\/ld+json\" class=\"yoast-schema-graph\">{\"@context\":\"https:\/\/schema.org\",\"@graph\":[{\"@type\":\"WebPage\",\"@id\":\"https:\/\/clearwaterind.com\/es\/historia\/\",\"url\":\"https:\/\/clearwaterind.com\/es\/historia\/\",\"name\":\"Nuestro Historia - Clearwater Industries, Inc.\",\"isPartOf\":{\"@id\":\"https:\/\/clearwaterind.com\/es\/#website\"},\"datePublished\":\"2022-08-01T13:43:54+00:00\",\"dateModified\":\"2022-09-12T21:02:44+00:00\",\"description\":\"Clearwater Industries tiene m\u00e1s de 25 a\u00f1os de experiencia en el dise\u00f1o y construcci\u00f3n de sistemas de tratamiento de aguas residuales.\",\"breadcrumb\":{\"@id\":\"https:\/\/clearwaterind.com\/es\/historia\/#breadcrumb\"},\"inLanguage\":\"es\",\"potentialAction\":[{\"@type\":\"ReadAction\",\"target\":[\"https:\/\/clearwaterind.com\/es\/historia\/\"]}]},{\"@type\":\"BreadcrumbList\",\"@id\":\"https:\/\/clearwaterind.com\/es\/historia\/#breadcrumb\",\"itemListElement\":[{\"@type\":\"ListItem\",\"position\":1,\"name\":\"Home\",\"item\":\"https:\/\/clearwaterind.com\/es\/\"},{\"@type\":\"ListItem\",\"position\":2,\"name\":\"Historia\"}]},{\"@type\":\"WebSite\",\"@id\":\"https:\/\/clearwaterind.com\/es\/#website\",\"url\":\"https:\/\/clearwaterind.com\/es\/\",\"name\":\"Clearwater Industries, Inc.\",\"description\":\"\",\"publisher\":{\"@id\":\"https:\/\/clearwaterind.com\/es\/#organization\"},\"potentialAction\":[{\"@type\":\"SearchAction\",\"target\":{\"@type\":\"EntryPoint\",\"urlTemplate\":\"https:\/\/clearwaterind.com\/es\/?s={search_term_string}\"},\"query-input\":{\"@type\":\"PropertyValueSpecification\",\"valueRequired\":true,\"valueName\":\"search_term_string\"}}],\"inLanguage\":\"es\"},{\"@type\":\"Organization\",\"@id\":\"https:\/\/clearwaterind.com\/es\/#organization\",\"name\":\"Clearwater Industries, Inc.\",\"url\":\"https:\/\/clearwaterind.com\/es\/\",\"logo\":{\"@type\":\"ImageObject\",\"inLanguage\":\"es\",\"@id\":\"https:\/\/clearwaterind.com\/es\/#\/schema\/logo\/image\/\",\"url\":\"https:\/\/clearwaterind.com\/wp-content\/uploads\/2020\/07\/Clearwater-logo-mob.png\",\"contentUrl\":\"https:\/\/clearwaterind.com\/wp-content\/uploads\/2020\/07\/Clearwater-logo-mob.png\",\"width\":250,\"height\":69,\"caption\":\"Clearwater Industries, Inc.\"},\"image\":{\"@id\":\"https:\/\/clearwaterind.com\/es\/#\/schema\/logo\/image\/\"},\"sameAs\":[\"https:\/\/www.facebook.com\/ClearwaterMKE\",\"https:\/\/www.instagram.com\/clearwater_ind\/?hl=en\",\"https:\/\/www.linkedin.com\/company\/clearwater-industries\/\",\"https:\/\/www.youtube.com\/channel\/UCTG-XLxezfQuoqQMs7hRLoA\"]}]}<\/script>\n<!-- \/ Yoast SEO plugin. -->","yoast_head_json":{"title":"Nuestro Historia - Clearwater Industries, Inc.","description":"Clearwater Industries tiene m\u00e1s de 25 a\u00f1os de experiencia en el dise\u00f1o y construcci\u00f3n de sistemas de tratamiento de aguas residuales.","robots":{"index":"index","follow":"follow","max-snippet":"max-snippet:-1","max-image-preview":"max-image-preview:large","max-video-preview":"max-video-preview:-1"},"canonical":"https:\/\/clearwaterind.com\/es\/historia\/","og_locale":"es_ES","og_type":"article","og_title":"Nuestro Historia - Clearwater Industries, Inc.","og_description":"Clearwater Industries tiene m\u00e1s de 25 a\u00f1os de experiencia en el dise\u00f1o y construcci\u00f3n de sistemas de tratamiento de aguas residuales.","og_url":"https:\/\/clearwaterind.com\/es\/historia\/","og_site_name":"Clearwater Industries, Inc.","article_publisher":"https:\/\/www.facebook.com\/ClearwaterMKE","article_modified_time":"2022-09-12T21:02:44+00:00","twitter_card":"summary_large_image","twitter_misc":{"Tiempo de lectura":"3 minutos"},"schema":{"@context":"https:\/\/schema.org","@graph":[{"@type":"WebPage","@id":"https:\/\/clearwaterind.com\/es\/historia\/","url":"https:\/\/clearwaterind.com\/es\/historia\/","name":"Nuestro Historia - Clearwater Industries, Inc.","isPartOf":{"@id":"https:\/\/clearwaterind.com\/es\/#website"},"datePublished":"2022-08-01T13:43:54+00:00","dateModified":"2022-09-12T21:02:44+00:00","description":"Clearwater Industries tiene m\u00e1s de 25 a\u00f1os de experiencia en el dise\u00f1o y construcci\u00f3n de sistemas de tratamiento de aguas residuales.","breadcrumb":{"@id":"https:\/\/clearwaterind.com\/es\/historia\/#breadcrumb"},"inLanguage":"es","potentialAction":[{"@type":"ReadAction","target":["https:\/\/clearwaterind.com\/es\/historia\/"]}]},{"@type":"BreadcrumbList","@id":"https:\/\/clearwaterind.com\/es\/historia\/#breadcrumb","itemListElement":[{"@type":"ListItem","position":1,"name":"Home","item":"https:\/\/clearwaterind.com\/es\/"},{"@type":"ListItem","position":2,"name":"Historia"}]},{"@type":"WebSite","@id":"https:\/\/clearwaterind.com\/es\/#website","url":"https:\/\/clearwaterind.com\/es\/","name":"Clearwater Industries, Inc.","description":"","publisher":{"@id":"https:\/\/clearwaterind.com\/es\/#organization"},"potentialAction":[{"@type":"SearchAction","target":{"@type":"EntryPoint","urlTemplate":"https:\/\/clearwaterind.com\/es\/?s={search_term_string}"},"query-input":{"@type":"PropertyValueSpecification","valueRequired":true,"valueName":"search_term_string"}}],"inLanguage":"es"},{"@type":"Organization","@id":"https:\/\/clearwaterind.com\/es\/#organization","name":"Clearwater Industries, Inc.","url":"https:\/\/clearwaterind.com\/es\/","logo":{"@type":"ImageObject","inLanguage":"es","@id":"https:\/\/clearwaterind.com\/es\/#\/schema\/logo\/image\/","url":"https:\/\/clearwaterind.com\/wp-content\/uploads\/2020\/07\/Clearwater-logo-mob.png","contentUrl":"https:\/\/clearwaterind.com\/wp-content\/uploads\/2020\/07\/Clearwater-logo-mob.png","width":250,"height":69,"caption":"Clearwater Industries, Inc."},"image":{"@id":"https:\/\/clearwaterind.com\/es\/#\/schema\/logo\/image\/"},"sameAs":["https:\/\/www.facebook.com\/ClearwaterMKE","https:\/\/www.instagram.com\/clearwater_ind\/?hl=en","https:\/\/www.linkedin.com\/company\/clearwater-industries\/","https:\/\/www.youtube.com\/channel\/UCTG-XLxezfQuoqQMs7hRLoA"]}]}},"_links":{"self":[{"href":"https:\/\/clearwaterind.com\/es\/wp-json\/wp\/v2\/pages\/2939","targetHints":{"allow":["GET"]}}],"collection":[{"href":"https:\/\/clearwaterind.com\/es\/wp-json\/wp\/v2\/pages"}],"about":[{"href":"https:\/\/clearwaterind.com\/es\/wp-json\/wp\/v2\/types\/page"}],"author":[{"embeddable":true,"href":"https:\/\/clearwaterind.com\/es\/wp-json\/wp\/v2\/users\/2"}],"replies":[{"embeddable":true,"href":"https:\/\/clearwaterind.com\/es\/wp-json\/wp\/v2\/comments?post=2939"}],"version-history":[{"count":0,"href":"https:\/\/clearwaterind.com\/es\/wp-json\/wp\/v2\/pages\/2939\/revisions"}],"wp:attachment":[{"href":"https:\/\/clearwaterind.com\/es\/wp-json\/wp\/v2\/media?parent=2939"}],"curies":[{"name":"wp","href":"https:\/\/api.w.org\/{rel}","templated":true}]}}