{"id":2938,"date":"2022-08-01T13:43:53","date_gmt":"2022-08-01T13:43:53","guid":{"rendered":"https:\/\/clearwaterind.com\/preguntas-frecuentes\/"},"modified":"2022-08-28T22:26:54","modified_gmt":"2022-08-28T22:26:54","slug":"preguntas-frecuentes","status":"publish","type":"page","link":"https:\/\/clearwaterind.com\/es\/preguntas-frecuentes\/","title":{"rendered":"Preguntas Frecuentes"},"content":{"rendered":"<div class=\"fusion-fullwidth fullwidth-box fusion-builder-row-1 nonhundred-percent-fullwidth non-hundred-percent-height-scrolling\" style=\"--awb-border-radius-top-left:0px;--awb-border-radius-top-right:0px;--awb-border-radius-bottom-right:0px;--awb-border-radius-bottom-left:0px;--awb-flex-wrap:wrap;\" ><div class=\"fusion-builder-row fusion-row\"><div class=\"fusion-layout-column fusion_builder_column fusion-builder-column-0 fusion_builder_column_1_1 1_1 fusion-one-full fusion-column-first fusion-column-last\" style=\"--awb-bg-size:cover;\"><div class=\"fusion-column-wrapper fusion-column-has-shadow fusion-flex-column-wrapper-legacy\"><div class=\"accordian fusion-accordian\" style=\"--awb-border-size:1px;--awb-icon-size:20px;--awb-content-font-size:19px;--awb-icon-alignment:left;--awb-hover-color:#f9f9f9;--awb-border-color:#cccccc;--awb-background-color:#ffffff;--awb-divider-color:#e0dede;--awb-divider-hover-color:#e0dede;--awb-icon-color:#ffffff;--awb-title-color:#004990;--awb-content-color:#292829;--awb-icon-box-color:#333333;--awb-toggle-hover-accent-color:#0045a0;--awb-title-font-family:&quot;Cardo&quot;;--awb-title-font-weight:400;--awb-title-font-style:normal;--awb-title-line-height:1.5;--awb-content-font-family:&quot;Source Sans Pro&quot;;--awb-content-font-style:normal;--awb-content-font-weight:400;\"><div class=\"panel-group fusion-toggle-icon-boxed\" id=\"accordion-2938-1\"><div class=\"fusion-panel panel-default panel-0921e936073ca4315 fusion-toggle-has-divider\"><div class=\"panel-heading\"><h4 class=\"panel-title toggle\" id=\"toggle_0921e936073ca4315\"><a aria-expanded=\"false\" aria-controls=\"0921e936073ca4315\" role=\"button\" data-toggle=\"collapse\" data-parent=\"#accordion-2938-1\" data-target=\"#0921e936073ca4315\" href=\"#0921e936073ca4315\"><span class=\"fusion-toggle-icon-wrapper\" aria-hidden=\"true\"><i class=\"fa-fusion-box active-icon awb-icon-minus\" aria-hidden=\"true\"><\/i><i class=\"fa-fusion-box inactive-icon awb-icon-plus\" aria-hidden=\"true\"><\/i><\/span><span class=\"fusion-toggle-heading\">\u00bfQu\u00e9 son los pol\u00edmeros o floculantes?<\/span><\/a><\/h4><\/div><div id=\"0921e936073ca4315\" class=\"panel-collapse collapse \" aria-labelledby=\"toggle_0921e936073ca4315\"><div class=\"panel-body toggle-content fusion-clearfix\">\n<p>Pol\u00edmero es un t\u00e9rmino gen\u00e9rico que se aplica a las mol\u00e9culas grandes hechas por el hombre que se construyen a partir de una cadena repetitiva de \u00e1tomos. Los floculantes son un tipo de pol\u00edmero. Los floculantes de mejor desempe\u00f1o en la industria de agregados son generalmente poliacrilamidas ani\u00f3nicas. Estos floculantes emplean una atracci\u00f3n i\u00f3nica para formar un puente de part\u00edculas finas en un conglomerado m\u00e1s grande de s\u00f3lidos que se asientan r\u00e1pidamente.<\/p>\n<\/div><\/div><\/div><div class=\"fusion-panel panel-default panel-6baa4cb3da9c98554 fusion-toggle-has-divider\"><div class=\"panel-heading\"><h4 class=\"panel-title toggle\" id=\"toggle_6baa4cb3da9c98554\"><a aria-expanded=\"false\" aria-controls=\"6baa4cb3da9c98554\" role=\"button\" data-toggle=\"collapse\" data-parent=\"#accordion-2938-1\" data-target=\"#6baa4cb3da9c98554\" href=\"#6baa4cb3da9c98554\"><span class=\"fusion-toggle-icon-wrapper\" aria-hidden=\"true\"><i class=\"fa-fusion-box active-icon awb-icon-minus\" aria-hidden=\"true\"><\/i><i class=\"fa-fusion-box inactive-icon awb-icon-plus\" aria-hidden=\"true\"><\/i><\/span><span class=\"fusion-toggle-heading\">\u00bfSon seguros los floculantes para poner en mi agua de proceso?<\/span><\/a><\/h4><\/div><div id=\"6baa4cb3da9c98554\" class=\"panel-collapse collapse \" aria-labelledby=\"toggle_6baa4cb3da9c98554\"><div class=\"panel-body toggle-content fusion-clearfix\">\n<p>S\u00ed, las poliacrilamidas secas son muy seguras. La EPA y los funcionarios ambientales locales normalmente permiten su uso.\u00a0 Algunos floculantes de emulsi\u00f3n (l\u00edquidos) se controlan m\u00e1s de cerca, ya que contienen tensioactivos e hidrocarburos.\u00a0 En aplicaciones de agua potable, se utiliza un floculante GRAS (generalmente considerado como seguro, por sus siglas en ingl\u00e9s), que contiene muy pocos mon\u00f3meros libres.<\/p>\n<\/div><\/div><\/div><div class=\"fusion-panel panel-default panel-dc4d5fc81f62aa817 fusion-toggle-has-divider\"><div class=\"panel-heading\"><h4 class=\"panel-title toggle\" id=\"toggle_dc4d5fc81f62aa817\"><a aria-expanded=\"false\" aria-controls=\"dc4d5fc81f62aa817\" role=\"button\" data-toggle=\"collapse\" data-parent=\"#accordion-2938-1\" data-target=\"#dc4d5fc81f62aa817\" href=\"#dc4d5fc81f62aa817\"><span class=\"fusion-toggle-icon-wrapper\" aria-hidden=\"true\"><i class=\"fa-fusion-box active-icon awb-icon-minus\" aria-hidden=\"true\"><\/i><i class=\"fa-fusion-box inactive-icon awb-icon-plus\" aria-hidden=\"true\"><\/i><\/span><span class=\"fusion-toggle-heading\">\u00bfSon necesarios los floculantes en las operaciones de \u00e1ridos?<\/span><\/a><\/h4><\/div><div id=\"dc4d5fc81f62aa817\" class=\"panel-collapse collapse \" aria-labelledby=\"toggle_dc4d5fc81f62aa817\"><div class=\"panel-body toggle-content fusion-clearfix\">\n<p>Esto depende de la velocidad de sedimentaci\u00f3n de las part\u00edculas en su agua de lavado, as\u00ed como de los recursos h\u00eddricos y terrestres disponibles.\u00a0 Los finos sin tratar pueden tardar meses o incluso a\u00f1os en asentarse de forma natural.\u00a0 Mientras que el uso de floculantes facilita que los s\u00f3lidos se asienten r\u00e1pidamente en un momento.\u00a0 Lo que permite que el proceso de lavado se convierta en un sistema de circuito cerrado que requiera muy poca agua de reposici\u00f3n.\u00a0 Los s\u00f3lidos generados con pol\u00edmeros tambi\u00e9n son mucho m\u00e1s f\u00e1ciles de manejar.\u00a0 Los pol\u00edmeros tambi\u00e9n son esenciales cuando se usan<strong>\u00a0<\/strong>espesadores, clarificadores y prensas de banda.<\/p>\n<\/div><\/div><\/div><div class=\"fusion-panel panel-default panel-1c9da15c45b68b1ea fusion-toggle-has-divider\"><div class=\"panel-heading\"><h4 class=\"panel-title toggle\" id=\"toggle_1c9da15c45b68b1ea\"><a aria-expanded=\"false\" aria-controls=\"1c9da15c45b68b1ea\" role=\"button\" data-toggle=\"collapse\" data-parent=\"#accordion-2938-1\" data-target=\"#1c9da15c45b68b1ea\" href=\"#1c9da15c45b68b1ea\"><span class=\"fusion-toggle-icon-wrapper\" aria-hidden=\"true\"><i class=\"fa-fusion-box active-icon awb-icon-minus\" aria-hidden=\"true\"><\/i><i class=\"fa-fusion-box inactive-icon awb-icon-plus\" aria-hidden=\"true\"><\/i><\/span><span class=\"fusion-toggle-heading\">\u00bfPor qu\u00e9 querr\u00eda agregar floculantes al agua de proceso que va a mis estanques de sedimentaci\u00f3n?<\/span><\/a><\/h4><\/div><div id=\"1c9da15c45b68b1ea\" class=\"panel-collapse collapse \" aria-labelledby=\"toggle_1c9da15c45b68b1ea\"><div class=\"panel-body toggle-content fusion-clearfix\">\n<p>Los floculantes hacen que todo el material fino suspendido en el agua sucia caiga inmediatamente al fondo del primer estanque.\u00a0 Este asentamiento generalmente ocurrir\u00e1 dentro de los 30 pies de la tuber\u00eda de descarga que va al estanque.\u00a0 Por lo general, solo saldr\u00e1 agua limpia del primer estanque; por lo tanto, puede cerrar cualquier estanque adicional, reduciendo su espacio total de tratamiento de agua. Los s\u00f3lidos tambi\u00e9n est\u00e1n mucho m\u00e1s concentrados y compactados y, por lo tanto, son m\u00e1s f\u00e1ciles de mover.\u00a0 Cuando limpie el estanque con una retroexcavadora, obtendr\u00e1 una cubeta mayor de material con cada pala que saque y el lodo se secar\u00e1 m\u00e1s r\u00e1pidamente que el lodo sin floculaci\u00f3n.<\/p>\n<\/div><\/div><\/div><div class=\"fusion-panel panel-default panel-355f31b9ac1e7d761 fusion-toggle-has-divider\"><div class=\"panel-heading\"><h4 class=\"panel-title toggle\" id=\"toggle_355f31b9ac1e7d761\"><a aria-expanded=\"false\" aria-controls=\"355f31b9ac1e7d761\" role=\"button\" data-toggle=\"collapse\" data-parent=\"#accordion-2938-1\" data-target=\"#355f31b9ac1e7d761\" href=\"#355f31b9ac1e7d761\"><span class=\"fusion-toggle-icon-wrapper\" aria-hidden=\"true\"><i class=\"fa-fusion-box active-icon awb-icon-minus\" aria-hidden=\"true\"><\/i><i class=\"fa-fusion-box inactive-icon awb-icon-plus\" aria-hidden=\"true\"><\/i><\/span><span class=\"fusion-toggle-heading\">\u00bfTodos los floculantes son iguales o similares?<\/span><\/a><\/h4><\/div><div id=\"355f31b9ac1e7d761\" class=\"panel-collapse collapse \" aria-labelledby=\"toggle_355f31b9ac1e7d761\"><div class=\"panel-body toggle-content fusion-clearfix\">\n<p>Los floculantes var\u00edan en algunas formas clave, incluidos su peso molecular y la frecuencia de los sitios de uni\u00f3n.\u00a0 Para aislar el producto qu\u00edmico de mayor rendimiento, se debe realizar una <a href=\"https:\/\/clearwaterind.com\/es\/prueba-de-laboratorio-en-frascos\/\" target=\"_blank\" rel=\"noopener noreferrer\">prueba de frasco<\/a> minuciosa.\u00a0 Clearwater Industries realiza esta prueba de forma gratuita.\u00a0 Una vez que hemos identificado los pol\u00edmeros de mayor rendimiento, proporcionamos un enlace de video privado que muestra el producto qu\u00edmico sedimentando los s\u00f3lidos en tiempo real.<\/p>\n<\/div><\/div><\/div><div class=\"fusion-panel panel-default panel-d0763dc56a4422757 fusion-toggle-has-divider\"><div class=\"panel-heading\"><h4 class=\"panel-title toggle\" id=\"toggle_d0763dc56a4422757\"><a aria-expanded=\"false\" aria-controls=\"d0763dc56a4422757\" role=\"button\" data-toggle=\"collapse\" data-parent=\"#accordion-2938-1\" data-target=\"#d0763dc56a4422757\" href=\"#d0763dc56a4422757\"><span class=\"fusion-toggle-icon-wrapper\" aria-hidden=\"true\"><i class=\"fa-fusion-box active-icon awb-icon-minus\" aria-hidden=\"true\"><\/i><i class=\"fa-fusion-box inactive-icon awb-icon-plus\" aria-hidden=\"true\"><\/i><\/span><span class=\"fusion-toggle-heading\">\u00bfHe o\u00eddo hablar de floculantes l\u00edquidos y secos, \u00bfcu\u00e1l es la diferencia?<\/span><\/a><\/h4><\/div><div id=\"d0763dc56a4422757\" class=\"panel-collapse collapse \" aria-labelledby=\"toggle_d0763dc56a4422757\"><div class=\"panel-body toggle-content fusion-clearfix\">\n<p>Los floculantes secos vienen en forma de perlas o polvo.\u00a0 Por lo general, se venden en bolsas de 55 libras o bolsas grandes o super sacos de 1650 libras.\u00a0 Los floculantes secos son blancos y parecen detergente en polvo para la ropa.\u00a0 Estos floculantes tienen m\u00e1s del 90 % de actividad y deben activarse y envejecerse adecuadamente para alcanzar la m\u00e1xima eficacia.\u00a0 Recomendamos una concentraci\u00f3n de la soluci\u00f3n de 0,1 % a 0,25 %. Los pol\u00edmeros l\u00edquidos son generalmente emulsiones de poliacrilamida.\u00a0 Estos floculantes se preactivan y suspenden en una emulsi\u00f3n de agua\/aceite.\u00a0 Este proceso es necesario para que el floculante no se desenrolle ni se rompa antes de que se necesite.\u00a0 La emulsi\u00f3n no se dispersar\u00e1 ni disolver\u00e1 cuando se mezcle con agua. Por lo tanto, el fabricante agrega un tensioactivo hidrof\u00edlico (similar al jab\u00f3n para platos) que invierte la emulsi\u00f3n.\u00a0 Seg\u00fan las variables de una aplicaci\u00f3n espec\u00edfica, Clearwater Industries recomendar\u00e1 si los floculantes secos o los l\u00edquidos son m\u00e1s rentables.<\/p>\n<\/div><\/div><\/div><div class=\"fusion-panel panel-default panel-3e981e014f02998ba fusion-toggle-has-divider\"><div class=\"panel-heading\"><h4 class=\"panel-title toggle\" id=\"toggle_3e981e014f02998ba\"><a aria-expanded=\"false\" aria-controls=\"3e981e014f02998ba\" role=\"button\" data-toggle=\"collapse\" data-parent=\"#accordion-2938-1\" data-target=\"#3e981e014f02998ba\" href=\"#3e981e014f02998ba\"><span class=\"fusion-toggle-icon-wrapper\" aria-hidden=\"true\"><i class=\"fa-fusion-box active-icon awb-icon-minus\" aria-hidden=\"true\"><\/i><i class=\"fa-fusion-box inactive-icon awb-icon-plus\" aria-hidden=\"true\"><\/i><\/span><span class=\"fusion-toggle-heading\">\u00bfPor qu\u00e9 un operador comprar\u00eda un clarificador de agua?<\/span><\/a><\/h4><\/div><div id=\"3e981e014f02998ba\" class=\"panel-collapse collapse \" aria-labelledby=\"toggle_3e981e014f02998ba\"><div class=\"panel-body toggle-content fusion-clearfix\">\n<p>Los clarificadores de agua brindan un control mucho mayor sobre su proceso de tratamiento de agua.\u00a0 Pueden eliminar por completo la necesidad de estanques de sedimentaci\u00f3n, destilando todo el ciclo de clarificaci\u00f3n del agua en una instalaci\u00f3n altamente confiable.\u00a0 Los clarificadores reducen enormemente la huella requerida para la clarificaci\u00f3n del agua y dan como resultado lodos con m\u00e1s del 65 % de s\u00f3lidos por peso.\u00a0 Este material descargado luego se traslada a su lugar de descanso final, eliminando la necesidad de manipulaci\u00f3n adicional.\u00a0 M\u00e1s del 90 % del agua alimentada al decantador vuelve al proceso para su reutilizaci\u00f3n.<\/p>\n<\/div><\/div><\/div><div class=\"fusion-panel panel-default panel-1f2e1389517a64e81 fusion-toggle-has-divider\"><div class=\"panel-heading\"><h4 class=\"panel-title toggle\" id=\"toggle_1f2e1389517a64e81\"><a aria-expanded=\"false\" aria-controls=\"1f2e1389517a64e81\" role=\"button\" data-toggle=\"collapse\" data-parent=\"#accordion-2938-1\" data-target=\"#1f2e1389517a64e81\" href=\"#1f2e1389517a64e81\"><span class=\"fusion-toggle-icon-wrapper\" aria-hidden=\"true\"><i class=\"fa-fusion-box active-icon awb-icon-minus\" aria-hidden=\"true\"><\/i><i class=\"fa-fusion-box inactive-icon awb-icon-plus\" aria-hidden=\"true\"><\/i><\/span><span class=\"fusion-toggle-heading\">\u00bfEn qu\u00e9 se diferencian los dise\u00f1os de los clarificadores?<\/span><\/a><\/h4><\/div><div id=\"1f2e1389517a64e81\" class=\"panel-collapse collapse \" aria-labelledby=\"toggle_1f2e1389517a64e81\"><div class=\"panel-body toggle-content fusion-clearfix\">\n<p>Las variables que determinan el clarificador \u00f3ptimo para una aplicaci\u00f3n determinada incluyen el espacio disponible, la composici\u00f3n del agregado, la velocidad de sedimentaci\u00f3n, el producto qu\u00edmico requerido, el tama\u00f1o de las part\u00edculas y la portabilidad.\u00a0 Clearwater Industries se enorgullece de trabajar con sus clientes para dise\u00f1ar soluciones adaptadas a sus necesidades espec\u00edficas.\u00a0 Hemos fabricado pr\u00e1cticamente todos los tipos de clarificadores de agua, incluidos clarificadores de cadena de arrastre, clarificadores de flujo radial, clarificadores de placas inclinadas y clarificadores de alta compactaci\u00f3n.\u00a0 Los sistemas presentados en la secci\u00f3n de equipos de este sitio representan la culminaci\u00f3n de m\u00e1s de 20 a\u00f1os de experiencia en el campo.\u00a0 Esperamos poder hablar con usted para analizar la opci\u00f3n que sea mejor para su aplicaci\u00f3n.<\/p>\n<\/div><\/div><\/div><div class=\"fusion-panel panel-default panel-a894cb4a31fcf4ccb fusion-toggle-has-divider\" style=\"--awb-title-color:#004990;--awb-content-color:#292829;\"><div class=\"panel-heading\"><h4 class=\"panel-title toggle\" id=\"toggle_a894cb4a31fcf4ccb\"><a aria-expanded=\"false\" aria-controls=\"a894cb4a31fcf4ccb\" role=\"button\" data-toggle=\"collapse\" data-parent=\"#accordion-2938-1\" data-target=\"#a894cb4a31fcf4ccb\" href=\"#a894cb4a31fcf4ccb\"><span class=\"fusion-toggle-icon-wrapper\" aria-hidden=\"true\"><i class=\"fa-fusion-box active-icon awb-icon-minus\" aria-hidden=\"true\"><\/i><i class=\"fa-fusion-box inactive-icon awb-icon-plus\" aria-hidden=\"true\"><\/i><\/span><span class=\"fusion-toggle-heading\">\u00bfC\u00f3mo puedo ver lo que los floculantes har\u00e1n por m\u00ed?<\/span><\/a><\/h4><\/div><div id=\"a894cb4a31fcf4ccb\" class=\"panel-collapse collapse \" aria-labelledby=\"toggle_a894cb4a31fcf4ccb\"><div class=\"panel-body toggle-content fusion-clearfix\">\n<p>Realizaremos pruebas integrales de laboratorio en frascos, aislaremos el producto qu\u00edmico de mayor rendimiento y le proporcionaremos informaci\u00f3n procesable en forma de un enlace de video privado de nuestros resultados. Obtenga m\u00e1s informaci\u00f3n sobre nuestras pruebas de laboratorio en frascos <a href=\"https:\/\/clearwaterind.com\/es\/prueba-de-laboratorio-en-frascos\/\">aqu\u00ed<\/a>.<\/p>\n<\/div><\/div><\/div><\/div><\/div><div class=\"fusion-clearfix\"><\/div><\/div><\/div><\/div><\/div>\n","protected":false},"excerpt":{"rendered":"","protected":false},"author":2,"featured_media":0,"parent":0,"menu_order":31,"comment_status":"closed","ping_status":"closed","template":"","meta":{"footnotes":""},"class_list":["post-2938","page","type-page","status-publish","hentry"],"yoast_head":"<!-- This site is optimized with the Yoast SEO plugin v27.2 - https:\/\/yoast.com\/product\/yoast-seo-wordpress\/ -->\n<title>Preguntas Frecuentes - Clearwater Industries, Inc.<\/title>\n<meta name=\"description\" content=\"Usted tiene preguntas y nosotros tenemos respuestas. Veamos si podemos aclarar las cosas y si todav\u00eda tiene preguntas, cont\u00e1ctenos hoy.\" \/>\n<meta name=\"robots\" content=\"index, follow, max-snippet:-1, max-image-preview:large, max-video-preview:-1\" \/>\n<link rel=\"canonical\" href=\"https:\/\/clearwaterind.com\/es\/preguntas-frecuentes\/\" \/>\n<meta property=\"og:locale\" content=\"es_ES\" \/>\n<meta property=\"og:type\" content=\"article\" \/>\n<meta property=\"og:title\" content=\"Preguntas Frecuentes - Clearwater Industries, Inc.\" \/>\n<meta property=\"og:description\" content=\"Usted tiene preguntas y nosotros tenemos respuestas. Veamos si podemos aclarar las cosas y si todav\u00eda tiene preguntas, cont\u00e1ctenos hoy.\" \/>\n<meta property=\"og:url\" content=\"https:\/\/clearwaterind.com\/es\/preguntas-frecuentes\/\" \/>\n<meta property=\"og:site_name\" content=\"Clearwater Industries, Inc.\" \/>\n<meta property=\"article:publisher\" content=\"https:\/\/www.facebook.com\/ClearwaterMKE\" \/>\n<meta property=\"article:modified_time\" content=\"2022-08-28T22:26:54+00:00\" \/>\n<meta name=\"twitter:card\" content=\"summary_large_image\" \/>\n<meta name=\"twitter:label1\" content=\"Tiempo de lectura\" \/>\n\t<meta name=\"twitter:data1\" content=\"6 minutos\" \/>\n<script type=\"application\/ld+json\" class=\"yoast-schema-graph\">{\"@context\":\"https:\/\/schema.org\",\"@graph\":[{\"@type\":\"WebPage\",\"@id\":\"https:\/\/clearwaterind.com\/es\/preguntas-frecuentes\/\",\"url\":\"https:\/\/clearwaterind.com\/es\/preguntas-frecuentes\/\",\"name\":\"Preguntas Frecuentes - Clearwater Industries, Inc.\",\"isPartOf\":{\"@id\":\"https:\/\/clearwaterind.com\/es\/#website\"},\"datePublished\":\"2022-08-01T13:43:53+00:00\",\"dateModified\":\"2022-08-28T22:26:54+00:00\",\"description\":\"Usted tiene preguntas y nosotros tenemos respuestas. Veamos si podemos aclarar las cosas y si todav\u00eda tiene preguntas, cont\u00e1ctenos hoy.\",\"breadcrumb\":{\"@id\":\"https:\/\/clearwaterind.com\/es\/preguntas-frecuentes\/#breadcrumb\"},\"inLanguage\":\"es\",\"potentialAction\":[{\"@type\":\"ReadAction\",\"target\":[\"https:\/\/clearwaterind.com\/es\/preguntas-frecuentes\/\"]}]},{\"@type\":\"BreadcrumbList\",\"@id\":\"https:\/\/clearwaterind.com\/es\/preguntas-frecuentes\/#breadcrumb\",\"itemListElement\":[{\"@type\":\"ListItem\",\"position\":1,\"name\":\"Home\",\"item\":\"https:\/\/clearwaterind.com\/es\/\"},{\"@type\":\"ListItem\",\"position\":2,\"name\":\"Preguntas Frecuentes\"}]},{\"@type\":\"WebSite\",\"@id\":\"https:\/\/clearwaterind.com\/es\/#website\",\"url\":\"https:\/\/clearwaterind.com\/es\/\",\"name\":\"Clearwater Industries, Inc.\",\"description\":\"\",\"publisher\":{\"@id\":\"https:\/\/clearwaterind.com\/es\/#organization\"},\"potentialAction\":[{\"@type\":\"SearchAction\",\"target\":{\"@type\":\"EntryPoint\",\"urlTemplate\":\"https:\/\/clearwaterind.com\/es\/?s={search_term_string}\"},\"query-input\":{\"@type\":\"PropertyValueSpecification\",\"valueRequired\":true,\"valueName\":\"search_term_string\"}}],\"inLanguage\":\"es\"},{\"@type\":\"Organization\",\"@id\":\"https:\/\/clearwaterind.com\/es\/#organization\",\"name\":\"Clearwater Industries, Inc.\",\"url\":\"https:\/\/clearwaterind.com\/es\/\",\"logo\":{\"@type\":\"ImageObject\",\"inLanguage\":\"es\",\"@id\":\"https:\/\/clearwaterind.com\/es\/#\/schema\/logo\/image\/\",\"url\":\"https:\/\/clearwaterind.com\/wp-content\/uploads\/2020\/07\/Clearwater-logo-mob.png\",\"contentUrl\":\"https:\/\/clearwaterind.com\/wp-content\/uploads\/2020\/07\/Clearwater-logo-mob.png\",\"width\":250,\"height\":69,\"caption\":\"Clearwater Industries, Inc.\"},\"image\":{\"@id\":\"https:\/\/clearwaterind.com\/es\/#\/schema\/logo\/image\/\"},\"sameAs\":[\"https:\/\/www.facebook.com\/ClearwaterMKE\",\"https:\/\/www.instagram.com\/clearwater_ind\/?hl=en\",\"https:\/\/www.linkedin.com\/company\/clearwater-industries\/\",\"https:\/\/www.youtube.com\/channel\/UCTG-XLxezfQuoqQMs7hRLoA\"]}]}<\/script>\n<!-- \/ Yoast SEO plugin. -->","yoast_head_json":{"title":"Preguntas Frecuentes - Clearwater Industries, Inc.","description":"Usted tiene preguntas y nosotros tenemos respuestas. Veamos si podemos aclarar las cosas y si todav\u00eda tiene preguntas, cont\u00e1ctenos hoy.","robots":{"index":"index","follow":"follow","max-snippet":"max-snippet:-1","max-image-preview":"max-image-preview:large","max-video-preview":"max-video-preview:-1"},"canonical":"https:\/\/clearwaterind.com\/es\/preguntas-frecuentes\/","og_locale":"es_ES","og_type":"article","og_title":"Preguntas Frecuentes - Clearwater Industries, Inc.","og_description":"Usted tiene preguntas y nosotros tenemos respuestas. Veamos si podemos aclarar las cosas y si todav\u00eda tiene preguntas, cont\u00e1ctenos hoy.","og_url":"https:\/\/clearwaterind.com\/es\/preguntas-frecuentes\/","og_site_name":"Clearwater Industries, Inc.","article_publisher":"https:\/\/www.facebook.com\/ClearwaterMKE","article_modified_time":"2022-08-28T22:26:54+00:00","twitter_card":"summary_large_image","twitter_misc":{"Tiempo de lectura":"6 minutos"},"schema":{"@context":"https:\/\/schema.org","@graph":[{"@type":"WebPage","@id":"https:\/\/clearwaterind.com\/es\/preguntas-frecuentes\/","url":"https:\/\/clearwaterind.com\/es\/preguntas-frecuentes\/","name":"Preguntas Frecuentes - Clearwater Industries, Inc.","isPartOf":{"@id":"https:\/\/clearwaterind.com\/es\/#website"},"datePublished":"2022-08-01T13:43:53+00:00","dateModified":"2022-08-28T22:26:54+00:00","description":"Usted tiene preguntas y nosotros tenemos respuestas. Veamos si podemos aclarar las cosas y si todav\u00eda tiene preguntas, cont\u00e1ctenos hoy.","breadcrumb":{"@id":"https:\/\/clearwaterind.com\/es\/preguntas-frecuentes\/#breadcrumb"},"inLanguage":"es","potentialAction":[{"@type":"ReadAction","target":["https:\/\/clearwaterind.com\/es\/preguntas-frecuentes\/"]}]},{"@type":"BreadcrumbList","@id":"https:\/\/clearwaterind.com\/es\/preguntas-frecuentes\/#breadcrumb","itemListElement":[{"@type":"ListItem","position":1,"name":"Home","item":"https:\/\/clearwaterind.com\/es\/"},{"@type":"ListItem","position":2,"name":"Preguntas Frecuentes"}]},{"@type":"WebSite","@id":"https:\/\/clearwaterind.com\/es\/#website","url":"https:\/\/clearwaterind.com\/es\/","name":"Clearwater Industries, Inc.","description":"","publisher":{"@id":"https:\/\/clearwaterind.com\/es\/#organization"},"potentialAction":[{"@type":"SearchAction","target":{"@type":"EntryPoint","urlTemplate":"https:\/\/clearwaterind.com\/es\/?s={search_term_string}"},"query-input":{"@type":"PropertyValueSpecification","valueRequired":true,"valueName":"search_term_string"}}],"inLanguage":"es"},{"@type":"Organization","@id":"https:\/\/clearwaterind.com\/es\/#organization","name":"Clearwater Industries, Inc.","url":"https:\/\/clearwaterind.com\/es\/","logo":{"@type":"ImageObject","inLanguage":"es","@id":"https:\/\/clearwaterind.com\/es\/#\/schema\/logo\/image\/","url":"https:\/\/clearwaterind.com\/wp-content\/uploads\/2020\/07\/Clearwater-logo-mob.png","contentUrl":"https:\/\/clearwaterind.com\/wp-content\/uploads\/2020\/07\/Clearwater-logo-mob.png","width":250,"height":69,"caption":"Clearwater Industries, Inc."},"image":{"@id":"https:\/\/clearwaterind.com\/es\/#\/schema\/logo\/image\/"},"sameAs":["https:\/\/www.facebook.com\/ClearwaterMKE","https:\/\/www.instagram.com\/clearwater_ind\/?hl=en","https:\/\/www.linkedin.com\/company\/clearwater-industries\/","https:\/\/www.youtube.com\/channel\/UCTG-XLxezfQuoqQMs7hRLoA"]}]}},"_links":{"self":[{"href":"https:\/\/clearwaterind.com\/es\/wp-json\/wp\/v2\/pages\/2938","targetHints":{"allow":["GET"]}}],"collection":[{"href":"https:\/\/clearwaterind.com\/es\/wp-json\/wp\/v2\/pages"}],"about":[{"href":"https:\/\/clearwaterind.com\/es\/wp-json\/wp\/v2\/types\/page"}],"author":[{"embeddable":true,"href":"https:\/\/clearwaterind.com\/es\/wp-json\/wp\/v2\/users\/2"}],"replies":[{"embeddable":true,"href":"https:\/\/clearwaterind.com\/es\/wp-json\/wp\/v2\/comments?post=2938"}],"version-history":[{"count":0,"href":"https:\/\/clearwaterind.com\/es\/wp-json\/wp\/v2\/pages\/2938\/revisions"}],"wp:attachment":[{"href":"https:\/\/clearwaterind.com\/es\/wp-json\/wp\/v2\/media?parent=2938"}],"curies":[{"name":"wp","href":"https:\/\/api.w.org\/{rel}","templated":true}]}}