{"id":2935,"date":"2022-08-01T13:43:50","date_gmt":"2022-08-01T13:43:50","guid":{"rendered":"https:\/\/clearwaterind.com\/ventas-y-almacenamiento-de-productos-quimicos\/"},"modified":"2022-09-12T20:55:04","modified_gmt":"2022-09-12T20:55:04","slug":"ventas-y-almacenamiento-de-productos-quimicos","status":"publish","type":"page","link":"https:\/\/clearwaterind.com\/es\/ventas-y-almacenamiento-de-productos-quimicos\/","title":{"rendered":"Ventas y Almacenamiento de Productos Qu\u00edmicos"},"content":{"rendered":"<p><div class=\"fusion-fullwidth fullwidth-box fusion-builder-row-1 fusion-flex-container nonhundred-percent-fullwidth non-hundred-percent-height-scrolling\" style=\"--awb-border-radius-top-left:0px;--awb-border-radius-top-right:0px;--awb-border-radius-bottom-right:0px;--awb-border-radius-bottom-left:0px;--awb-padding-bottom:0px;--awb-margin-bottom:15px;--awb-flex-wrap:wrap;\" ><div class=\"fusion-builder-row fusion-row fusion-flex-align-items-flex-start fusion-flex-content-wrap\" style=\"max-width:1144px;margin-left: calc(-4% \/ 2 );margin-right: calc(-4% \/ 2 );\"><div class=\"fusion-layout-column fusion_builder_column fusion-builder-column-0 fusion_builder_column_2_3 2_3 fusion-flex-column fusion-flex-align-self-center\" style=\"--awb-bg-size:cover;--awb-width-large:66.6666666667%;--awb-margin-top-large:0px;--awb-spacing-right-large:2.88%;--awb-margin-bottom-large:20px;--awb-spacing-left-large:2.88%;--awb-width-medium:100%;--awb-order-medium:0;--awb-spacing-right-medium:1.92%;--awb-spacing-left-medium:1.92%;--awb-width-small:100%;--awb-order-small:0;--awb-spacing-right-small:1.92%;--awb-spacing-left-small:1.92%;\"><div class=\"fusion-column-wrapper fusion-column-has-shadow fusion-flex-justify-content-center fusion-content-layout-column\"><div class=\"fusion-text fusion-text-1\"><h2><b>Venta de Productos Qu\u00edmicos<\/b><\/h2>\n<\/div><div class=\"fusion-text fusion-text-2\"><p>Clearwater Industries ofrece floculantes polim\u00e9ricos, coagulantes y acondicionadores de pH para darle tratamiento a sus aplicaciones de agua y aguas residuales. Contamos con una amplia gama de productos qu\u00edmicos en nuestro laboratorio para <a href=\"https:\/\/clearwaterind.com\/es\/prueba-de-laboratorio-en-frascos\/\" target=\"_blank\" rel=\"noopener\">pruebas de laboratorio en frascos<\/a>, incluidos pol\u00edmeros cati\u00f3nicos y ani\u00f3nicos secos y en emulsi\u00f3n. <a href=\"https:\/\/clearwaterind.com\/es\/contacto\/\" target=\"_blank\" rel=\"noopener\">Comun\u00edquese con nuestro equipo<\/a> con sus necesidades o preguntas sobre productos qu\u00edmicos.<\/p>\n<\/div><\/div><\/div><div class=\"fusion-layout-column fusion_builder_column fusion-builder-column-1 fusion_builder_column_1_3 1_3 fusion-flex-column\" style=\"--awb-bg-size:cover;--awb-width-large:33.3333333333%;--awb-margin-top-large:0px;--awb-spacing-right-large:5.76%;--awb-margin-bottom-large:20px;--awb-spacing-left-large:5.76%;--awb-width-medium:100%;--awb-order-medium:0;--awb-spacing-right-medium:1.92%;--awb-spacing-left-medium:1.92%;--awb-width-small:100%;--awb-order-small:0;--awb-spacing-right-small:1.92%;--awb-spacing-left-small:1.92%;\"><div class=\"fusion-column-wrapper fusion-column-has-shadow fusion-flex-justify-content-flex-start fusion-content-layout-column\"><div class=\"fusion-image-element \" style=\"--awb-caption-title-font-family:var(--h2_typography-font-family);--awb-caption-title-font-weight:var(--h2_typography-font-weight);--awb-caption-title-font-style:var(--h2_typography-font-style);--awb-caption-title-size:var(--h2_typography-font-size);--awb-caption-title-transform:var(--h2_typography-text-transform);--awb-caption-title-line-height:var(--h2_typography-line-height);--awb-caption-title-letter-spacing:var(--h2_typography-letter-spacing);\"><span class=\" fusion-imageframe imageframe-dropshadow imageframe-1 hover-type-none\" style=\"-webkit-box-shadow: 3px 3px 7px rgba(0,0,0,0.3);box-shadow: 3px 3px 7px rgba(0,0,0,0.3);\"><img decoding=\"async\" width=\"1920\" height=\"1440\" alt=\"Una habitaci\u00f3n peque\u00f1a con vasos de precipitados sobre el fregadero de la izquierda y una pared de diferentes productos qu\u00edmicos en el fondo.\" title=\"Laboratorio\" src=\"https:\/\/clearwaterind.com\/wp-content\/uploads\/2021\/09\/Lab.jpg\" data-orig-src=\"https:\/\/clearwaterind.com\/wp-content\/uploads\/2021\/09\/Lab.jpg\" class=\"lazyload img-responsive wp-image-2668\" srcset=\"data:image\/svg+xml,%3Csvg%20xmlns%3D%27http%3A%2F%2Fwww.w3.org%2F2000%2Fsvg%27%20width%3D%271920%27%20height%3D%271440%27%20viewBox%3D%270%200%201920%201440%27%3E%3Crect%20width%3D%271920%27%20height%3D%271440%27%20fill-opacity%3D%220%22%2F%3E%3C%2Fsvg%3E\" data-srcset=\"https:\/\/clearwaterind.com\/wp-content\/uploads\/2021\/09\/Lab-200x150.jpg 200w, https:\/\/clearwaterind.com\/wp-content\/uploads\/2021\/09\/Lab-400x300.jpg 400w, https:\/\/clearwaterind.com\/wp-content\/uploads\/2021\/09\/Lab-600x450.jpg 600w, https:\/\/clearwaterind.com\/wp-content\/uploads\/2021\/09\/Lab-800x600.jpg 800w, https:\/\/clearwaterind.com\/wp-content\/uploads\/2021\/09\/Lab-1200x900.jpg 1200w, https:\/\/clearwaterind.com\/wp-content\/uploads\/2021\/09\/Lab.jpg 1920w\" data-sizes=\"auto\" data-orig-sizes=\"(max-width: 1024px) 100vw, (max-width: 640px) 100vw, 400px\" \/><\/span><\/div><\/div><\/div><\/div><\/div><div class=\"fusion-fullwidth fullwidth-box fusion-builder-row-2 nonhundred-percent-fullwidth non-hundred-percent-height-scrolling\" style=\"--awb-border-radius-top-left:0px;--awb-border-radius-top-right:0px;--awb-border-radius-bottom-right:0px;--awb-border-radius-bottom-left:0px;--awb-padding-top:30px;--awb-padding-bottom:10px;--awb-flex-wrap:wrap;\" ><div class=\"fusion-builder-row fusion-row\"><div class=\"fusion-layout-column fusion_builder_column fusion-builder-column-2 fusion_builder_column_1_2 1_2 fusion-one-half fusion-column-first\" style=\"--awb-bg-size:cover;width:50%;width:calc(50% - ( ( 4% ) * 0.5 ) );margin-right: 4%;\"><div class=\"fusion-column-wrapper fusion-column-has-shadow fusion-flex-column-wrapper-legacy\"><div class=\"fusion-text fusion-text-3\"><h2 class=\"fusion-responsive-typography-calculated\" style=\"--fontsize: 30.4; line-height: 1.2;\" data-fontsize=\"30.4\" data-lineheight=\"36.48px\"><b>Almacenamiento de Productos Qu\u00edmicos<\/b><\/h2>\n<\/div><div class=\"fusion-text fusion-text-4\"><p><span data-preserver-spaces=\"true\">Clearwater Industries se compromete a garantizar que usted tenga siempre los productos qu\u00edmicos de clarificaci\u00f3n que necesita para mantener el tiempo de actividad. Ofrecemos las siguientes opciones para garantizar que los desaf\u00edos log\u00edsticos no generen problemas con su suministro de pol\u00edmeros.<\/span><\/p>\n<ul>\n<li><strong><span data-preserver-spaces=\"true\">Programaci\u00f3n recurrente <\/span><\/strong>&#8211; <span data-preserver-spaces=\"true\">Establezca un calendario de env\u00edo, por ejemplo, un pal\u00e9 al mes. No hay penalizaci\u00f3n por cancelar, retener o cambiar el programa de entrega. Esta opci\u00f3n tampoco tiene costos adicionales.<\/span><\/li>\n<li><strong><span data-preserver-spaces=\"true\">Almac\u00e9n de<\/span><\/strong> <strong><span data-preserver-spaces=\"true\">Milwaukee <\/span><\/strong><span data-preserver-spaces=\"true\">&#8211; Almacenaremos su producto qu\u00edmico espec\u00edfico en nuestras instalaciones. No hay tarifa por manejo o almacenamiento; sin embargo, recuperamos los costos de los env\u00edos entrantes y salientes.<\/span><\/li>\n<li><strong><span data-preserver-spaces=\"true\">Almacenamiento en el sitio <\/span><\/strong><span data-preserver-spaces=\"true\">&#8211; Su producto, en su sitio. Le cobramos cuando lo use. Esta opci\u00f3n no tiene costos adicionales. Esta opci\u00f3n est\u00e1 reservada para clientes cuyo alto consumo de productos qu\u00edmicos la amerite.<\/span><\/li>\n<\/ul>\n<\/div><div class=\"fusion-clearfix\"><\/div><\/div><\/div><div class=\"fusion-layout-column fusion_builder_column fusion-builder-column-3 fusion_builder_column_1_2 1_2 fusion-one-half fusion-column-last\" style=\"--awb-bg-size:cover;width:50%;width:calc(50% - ( ( 4% ) * 0.5 ) );\"><div class=\"fusion-column-wrapper fusion-column-has-shadow fusion-flex-column-wrapper-legacy\"><div class=\"fusion-column-content-centered\"><div class=\"fusion-column-content\"><div class=\"fusion-image-carousel fusion-image-carousel-auto fusion-image-carousel-1 fusion-carousel-border\"><div class=\"awb-carousel awb-swiper awb-swiper-carousel awb-carousel--carousel awb-swiper-dots-position-bottom\" data-layout=\"carousel\" data-autoplay=\"no\" data-autoplayspeed=\"2500\" data-autoplaypause=\"no\" data-columns=\"1\" data-columnsmedium=\"1\" data-columnssmall=\"1\" data-itemmargin=\"13\" data-itemwidth=\"180\" data-touchscroll=\"no\" data-freemode=\"no\" data-imagesize=\"auto\" data-scrollitems=\"1\" data-centeredslides=\"no\" data-rotationangle=\"50\" data-depth=\"100\" data-speed=\"500\" data-shadow=\"no\" data-pagination=\"bullets\" style=\"--awb-columns:1;--awb-border-width:1px;--awb-border-color:#e9eaee;\"><div class=\"swiper-wrapper awb-image-carousel-wrapper fusion-flex-align-items-center\"><div class=\"swiper-slide\"><div class=\"fusion-carousel-item-wrapper\"><div class=\"fusion-image-wrapper hover-type-none\"><img decoding=\"async\" width=\"800\" height=\"450\" src=\"https:\/\/clearwaterind.com\/wp-content\/uploads\/2019\/12\/IMG_20180116_160139660.jpg\" class=\"attachment-full size-full lazyload\" alt=\"\" srcset=\"data:image\/svg+xml,%3Csvg%20xmlns%3D%27http%3A%2F%2Fwww.w3.org%2F2000%2Fsvg%27%20width%3D%27800%27%20height%3D%27450%27%20viewBox%3D%270%200%20800%20450%27%3E%3Crect%20width%3D%27800%27%20height%3D%27450%27%20fill-opacity%3D%220%22%2F%3E%3C%2Fsvg%3E\" data-orig-src=\"https:\/\/clearwaterind.com\/wp-content\/uploads\/2019\/12\/IMG_20180116_160139660.jpg\" data-srcset=\"https:\/\/clearwaterind.com\/wp-content\/uploads\/2019\/12\/IMG_20180116_160139660-200x113.jpg 200w, https:\/\/clearwaterind.com\/wp-content\/uploads\/2019\/12\/IMG_20180116_160139660-300x169.jpg 300w, https:\/\/clearwaterind.com\/wp-content\/uploads\/2019\/12\/IMG_20180116_160139660-400x225.jpg 400w, https:\/\/clearwaterind.com\/wp-content\/uploads\/2019\/12\/IMG_20180116_160139660-600x338.jpg 600w, https:\/\/clearwaterind.com\/wp-content\/uploads\/2019\/12\/IMG_20180116_160139660-768x432.jpg 768w, https:\/\/clearwaterind.com\/wp-content\/uploads\/2019\/12\/IMG_20180116_160139660.jpg 800w\" data-sizes=\"auto\" \/><\/div><\/div><\/div><div class=\"swiper-slide\"><div class=\"fusion-carousel-item-wrapper\"><div class=\"fusion-image-wrapper hover-type-none\"><img decoding=\"async\" width=\"800\" height=\"450\" src=\"https:\/\/clearwaterind.com\/wp-content\/uploads\/2019\/12\/IMG_20180116_160907933.jpg\" class=\"attachment-full size-full lazyload\" alt=\"\" srcset=\"data:image\/svg+xml,%3Csvg%20xmlns%3D%27http%3A%2F%2Fwww.w3.org%2F2000%2Fsvg%27%20width%3D%27800%27%20height%3D%27450%27%20viewBox%3D%270%200%20800%20450%27%3E%3Crect%20width%3D%27800%27%20height%3D%27450%27%20fill-opacity%3D%220%22%2F%3E%3C%2Fsvg%3E\" data-orig-src=\"https:\/\/clearwaterind.com\/wp-content\/uploads\/2019\/12\/IMG_20180116_160907933.jpg\" data-srcset=\"https:\/\/clearwaterind.com\/wp-content\/uploads\/2019\/12\/IMG_20180116_160907933-200x113.jpg 200w, https:\/\/clearwaterind.com\/wp-content\/uploads\/2019\/12\/IMG_20180116_160907933-300x169.jpg 300w, https:\/\/clearwaterind.com\/wp-content\/uploads\/2019\/12\/IMG_20180116_160907933-400x225.jpg 400w, https:\/\/clearwaterind.com\/wp-content\/uploads\/2019\/12\/IMG_20180116_160907933-600x338.jpg 600w, https:\/\/clearwaterind.com\/wp-content\/uploads\/2019\/12\/IMG_20180116_160907933-768x432.jpg 768w, https:\/\/clearwaterind.com\/wp-content\/uploads\/2019\/12\/IMG_20180116_160907933.jpg 800w\" data-sizes=\"auto\" \/><\/div><\/div><\/div><\/div><div class=\"awb-swiper-button awb-swiper-button-prev\"><i class=\"awb-icon-angle-left\" aria-hidden=\"true\"><\/i><\/div><div class=\"awb-swiper-button awb-swiper-button-next\"><i class=\"awb-icon-angle-right\" aria-hidden=\"true\"><\/i><\/div><\/div><\/div><\/div><\/div><div class=\"fusion-clearfix\"><\/div><\/div><\/div><\/div><\/div><\/p>\n","protected":false},"excerpt":{"rendered":"","protected":false},"author":2,"featured_media":0,"parent":0,"menu_order":26,"comment_status":"closed","ping_status":"closed","template":"","meta":{"footnotes":""},"class_list":["post-2935","page","type-page","status-publish","hentry"],"yoast_head":"<!-- This site is optimized with the Yoast SEO plugin v27.2 - https:\/\/yoast.com\/product\/yoast-seo-wordpress\/ -->\n<title>Ventas y Almacenamiento de Productos Qu\u00edmicos<\/title>\n<meta name=\"description\" content=\"Clearwater ofrece opciones qu\u00edmicas para agua y aguas residuales para floculantes polim\u00e9ricos, coagulantes y m\u00e1s.\" \/>\n<meta name=\"robots\" content=\"index, follow, max-snippet:-1, max-image-preview:large, max-video-preview:-1\" \/>\n<link rel=\"canonical\" href=\"https:\/\/clearwaterind.com\/es\/ventas-y-almacenamiento-de-productos-quimicos\/\" \/>\n<meta property=\"og:locale\" content=\"es_ES\" \/>\n<meta property=\"og:type\" content=\"article\" \/>\n<meta property=\"og:title\" content=\"Ventas y Almacenamiento de Productos Qu\u00edmicos\" \/>\n<meta property=\"og:description\" content=\"Clearwater ofrece opciones qu\u00edmicas para agua y aguas residuales para floculantes polim\u00e9ricos, coagulantes y m\u00e1s.\" \/>\n<meta property=\"og:url\" content=\"https:\/\/clearwaterind.com\/es\/ventas-y-almacenamiento-de-productos-quimicos\/\" \/>\n<meta property=\"og:site_name\" content=\"Clearwater Industries, Inc.\" \/>\n<meta property=\"article:publisher\" content=\"https:\/\/www.facebook.com\/ClearwaterMKE\" \/>\n<meta property=\"article:modified_time\" content=\"2022-09-12T20:55:04+00:00\" \/>\n<meta name=\"twitter:card\" content=\"summary_large_image\" \/>\n<meta name=\"twitter:label1\" content=\"Tiempo de lectura\" \/>\n\t<meta name=\"twitter:data1\" content=\"3 minutos\" \/>\n<script type=\"application\/ld+json\" class=\"yoast-schema-graph\">{\"@context\":\"https:\/\/schema.org\",\"@graph\":[{\"@type\":\"WebPage\",\"@id\":\"https:\/\/clearwaterind.com\/es\/ventas-y-almacenamiento-de-productos-quimicos\/\",\"url\":\"https:\/\/clearwaterind.com\/es\/ventas-y-almacenamiento-de-productos-quimicos\/\",\"name\":\"Ventas y Almacenamiento de Productos Qu\u00edmicos\",\"isPartOf\":{\"@id\":\"https:\/\/clearwaterind.com\/es\/#website\"},\"datePublished\":\"2022-08-01T13:43:50+00:00\",\"dateModified\":\"2022-09-12T20:55:04+00:00\",\"description\":\"Clearwater ofrece opciones qu\u00edmicas para agua y aguas residuales para floculantes polim\u00e9ricos, coagulantes y m\u00e1s.\",\"breadcrumb\":{\"@id\":\"https:\/\/clearwaterind.com\/es\/ventas-y-almacenamiento-de-productos-quimicos\/#breadcrumb\"},\"inLanguage\":\"es\",\"potentialAction\":[{\"@type\":\"ReadAction\",\"target\":[\"https:\/\/clearwaterind.com\/es\/ventas-y-almacenamiento-de-productos-quimicos\/\"]}]},{\"@type\":\"BreadcrumbList\",\"@id\":\"https:\/\/clearwaterind.com\/es\/ventas-y-almacenamiento-de-productos-quimicos\/#breadcrumb\",\"itemListElement\":[{\"@type\":\"ListItem\",\"position\":1,\"name\":\"Home\",\"item\":\"https:\/\/clearwaterind.com\/es\/\"},{\"@type\":\"ListItem\",\"position\":2,\"name\":\"Ventas y Almacenamiento de Productos Qu\u00edmicos\"}]},{\"@type\":\"WebSite\",\"@id\":\"https:\/\/clearwaterind.com\/es\/#website\",\"url\":\"https:\/\/clearwaterind.com\/es\/\",\"name\":\"Clearwater Industries, Inc.\",\"description\":\"\",\"publisher\":{\"@id\":\"https:\/\/clearwaterind.com\/es\/#organization\"},\"potentialAction\":[{\"@type\":\"SearchAction\",\"target\":{\"@type\":\"EntryPoint\",\"urlTemplate\":\"https:\/\/clearwaterind.com\/es\/?s={search_term_string}\"},\"query-input\":{\"@type\":\"PropertyValueSpecification\",\"valueRequired\":true,\"valueName\":\"search_term_string\"}}],\"inLanguage\":\"es\"},{\"@type\":\"Organization\",\"@id\":\"https:\/\/clearwaterind.com\/es\/#organization\",\"name\":\"Clearwater Industries, Inc.\",\"url\":\"https:\/\/clearwaterind.com\/es\/\",\"logo\":{\"@type\":\"ImageObject\",\"inLanguage\":\"es\",\"@id\":\"https:\/\/clearwaterind.com\/es\/#\/schema\/logo\/image\/\",\"url\":\"https:\/\/clearwaterind.com\/wp-content\/uploads\/2020\/07\/Clearwater-logo-mob.png\",\"contentUrl\":\"https:\/\/clearwaterind.com\/wp-content\/uploads\/2020\/07\/Clearwater-logo-mob.png\",\"width\":250,\"height\":69,\"caption\":\"Clearwater Industries, Inc.\"},\"image\":{\"@id\":\"https:\/\/clearwaterind.com\/es\/#\/schema\/logo\/image\/\"},\"sameAs\":[\"https:\/\/www.facebook.com\/ClearwaterMKE\",\"https:\/\/www.instagram.com\/clearwater_ind\/?hl=en\",\"https:\/\/www.linkedin.com\/company\/clearwater-industries\/\",\"https:\/\/www.youtube.com\/channel\/UCTG-XLxezfQuoqQMs7hRLoA\"]}]}<\/script>\n<!-- \/ Yoast SEO plugin. -->","yoast_head_json":{"title":"Ventas y Almacenamiento de Productos Qu\u00edmicos","description":"Clearwater ofrece opciones qu\u00edmicas para agua y aguas residuales para floculantes polim\u00e9ricos, coagulantes y m\u00e1s.","robots":{"index":"index","follow":"follow","max-snippet":"max-snippet:-1","max-image-preview":"max-image-preview:large","max-video-preview":"max-video-preview:-1"},"canonical":"https:\/\/clearwaterind.com\/es\/ventas-y-almacenamiento-de-productos-quimicos\/","og_locale":"es_ES","og_type":"article","og_title":"Ventas y Almacenamiento de Productos Qu\u00edmicos","og_description":"Clearwater ofrece opciones qu\u00edmicas para agua y aguas residuales para floculantes polim\u00e9ricos, coagulantes y m\u00e1s.","og_url":"https:\/\/clearwaterind.com\/es\/ventas-y-almacenamiento-de-productos-quimicos\/","og_site_name":"Clearwater Industries, Inc.","article_publisher":"https:\/\/www.facebook.com\/ClearwaterMKE","article_modified_time":"2022-09-12T20:55:04+00:00","twitter_card":"summary_large_image","twitter_misc":{"Tiempo de lectura":"3 minutos"},"schema":{"@context":"https:\/\/schema.org","@graph":[{"@type":"WebPage","@id":"https:\/\/clearwaterind.com\/es\/ventas-y-almacenamiento-de-productos-quimicos\/","url":"https:\/\/clearwaterind.com\/es\/ventas-y-almacenamiento-de-productos-quimicos\/","name":"Ventas y Almacenamiento de Productos Qu\u00edmicos","isPartOf":{"@id":"https:\/\/clearwaterind.com\/es\/#website"},"datePublished":"2022-08-01T13:43:50+00:00","dateModified":"2022-09-12T20:55:04+00:00","description":"Clearwater ofrece opciones qu\u00edmicas para agua y aguas residuales para floculantes polim\u00e9ricos, coagulantes y m\u00e1s.","breadcrumb":{"@id":"https:\/\/clearwaterind.com\/es\/ventas-y-almacenamiento-de-productos-quimicos\/#breadcrumb"},"inLanguage":"es","potentialAction":[{"@type":"ReadAction","target":["https:\/\/clearwaterind.com\/es\/ventas-y-almacenamiento-de-productos-quimicos\/"]}]},{"@type":"BreadcrumbList","@id":"https:\/\/clearwaterind.com\/es\/ventas-y-almacenamiento-de-productos-quimicos\/#breadcrumb","itemListElement":[{"@type":"ListItem","position":1,"name":"Home","item":"https:\/\/clearwaterind.com\/es\/"},{"@type":"ListItem","position":2,"name":"Ventas y Almacenamiento de Productos Qu\u00edmicos"}]},{"@type":"WebSite","@id":"https:\/\/clearwaterind.com\/es\/#website","url":"https:\/\/clearwaterind.com\/es\/","name":"Clearwater Industries, Inc.","description":"","publisher":{"@id":"https:\/\/clearwaterind.com\/es\/#organization"},"potentialAction":[{"@type":"SearchAction","target":{"@type":"EntryPoint","urlTemplate":"https:\/\/clearwaterind.com\/es\/?s={search_term_string}"},"query-input":{"@type":"PropertyValueSpecification","valueRequired":true,"valueName":"search_term_string"}}],"inLanguage":"es"},{"@type":"Organization","@id":"https:\/\/clearwaterind.com\/es\/#organization","name":"Clearwater Industries, Inc.","url":"https:\/\/clearwaterind.com\/es\/","logo":{"@type":"ImageObject","inLanguage":"es","@id":"https:\/\/clearwaterind.com\/es\/#\/schema\/logo\/image\/","url":"https:\/\/clearwaterind.com\/wp-content\/uploads\/2020\/07\/Clearwater-logo-mob.png","contentUrl":"https:\/\/clearwaterind.com\/wp-content\/uploads\/2020\/07\/Clearwater-logo-mob.png","width":250,"height":69,"caption":"Clearwater Industries, Inc."},"image":{"@id":"https:\/\/clearwaterind.com\/es\/#\/schema\/logo\/image\/"},"sameAs":["https:\/\/www.facebook.com\/ClearwaterMKE","https:\/\/www.instagram.com\/clearwater_ind\/?hl=en","https:\/\/www.linkedin.com\/company\/clearwater-industries\/","https:\/\/www.youtube.com\/channel\/UCTG-XLxezfQuoqQMs7hRLoA"]}]}},"_links":{"self":[{"href":"https:\/\/clearwaterind.com\/es\/wp-json\/wp\/v2\/pages\/2935","targetHints":{"allow":["GET"]}}],"collection":[{"href":"https:\/\/clearwaterind.com\/es\/wp-json\/wp\/v2\/pages"}],"about":[{"href":"https:\/\/clearwaterind.com\/es\/wp-json\/wp\/v2\/types\/page"}],"author":[{"embeddable":true,"href":"https:\/\/clearwaterind.com\/es\/wp-json\/wp\/v2\/users\/2"}],"replies":[{"embeddable":true,"href":"https:\/\/clearwaterind.com\/es\/wp-json\/wp\/v2\/comments?post=2935"}],"version-history":[{"count":0,"href":"https:\/\/clearwaterind.com\/es\/wp-json\/wp\/v2\/pages\/2935\/revisions"}],"wp:attachment":[{"href":"https:\/\/clearwaterind.com\/es\/wp-json\/wp\/v2\/media?parent=2935"}],"curies":[{"name":"wp","href":"https:\/\/api.w.org\/{rel}","templated":true}]}}